{"id":30630,"date":"2026-02-27T00:10:41","date_gmt":"2026-02-27T00:10:41","guid":{"rendered":"https:\/\/nordicmart.andreevmaster.com\/product\/songmics-puutarhakalustesetti-puutarhapenkki-ja-2-keinutuolia-poydalla-musta\/"},"modified":"2026-02-27T09:34:10","modified_gmt":"2026-02-27T09:34:10","slug":"songmics-puutarhakalustesetti-puutarhapenkki-ja-2-keinutuolia-poydalla-musta","status":"publish","type":"product","link":"https:\/\/nordicmart.andreevmaster.com\/fi\/tuote\/songmics-puutarhakalustesetti-puutarhapenkki-ja-2-keinutuolia-poydalla-musta\/","title":{"rendered":"SONGMICS puutarhakalustesetti puutarhapenkki ja 2 keinutuolia p\u00f6yd\u00e4ll\u00e4 musta"},"content":{"rendered":"<p>SONGMICS puutarhakalustesetti, parvekekalusteet, 2 keinutuolia p\u00f6yd\u00e4ll\u00e4, puutarhapenkki, ter\u00e4s, terassikalusteet, k\u00e4sinojat, hengitt\u00e4v\u00e4 synteettinen kuitukangas, terassi, parveke, puutarha, musta GGF0028B01<br \/>\nV\u00e4ri: musta<br \/>\nMateriaali: synteettinen kuitukangas, jauhemaalattu ter\u00e4s<br \/>\nP\u00f6yd\u00e4n koko: 47,1 x 69,6 x 41,8 cm (S x L x K)<br \/>\nTuolin koko: 73 x 60,8 x 76 cm (S x L x K)<br \/>\nParvekepenkin koko (s\u00e4\u00e4dett\u00e4vill\u00e4 jaloilla): 73 x 113,4 x 74 cm (S x L x K)<br \/>\nKokonaispaino: 23,6 kg<br \/>\nSuurin staattinen kuormitus per istuin: 110 kg<\/p>\n","protected":false},"excerpt":{"rendered":"<p>SONGMICS puutarhakalustesetti, parvekekalusteet, 2 keinutuolia p\u00f6yd\u00e4ll\u00e4, puutarhapenkki, ter\u00e4s, terassikalusteet, k\u00e4sinojat, hengitt\u00e4v\u00e4 synteettinen kuitukangas, terassi, parveke, puutarha, musta GGF0028B01<\/p>\n","protected":false},"featured_media":39863,"comment_status":"open","ping_status":"closed","template":"","meta":[],"product_brand":[],"product_cat":[32],"product_tag":[],"class_list":{"0":"post-30630","1":"product","2":"type-product","3":"status-publish","4":"has-post-thumbnail","6":"product_cat-uncategorized-fi","8":"first","9":"instock","10":"shipping-taxable","11":"purchasable","12":"product-type-simple"},"_links":{"self":[{"href":"https:\/\/nordicmart.andreevmaster.com\/fi\/wp-json\/wp\/v2\/product\/30630","targetHints":{"allow":["GET"]}}],"collection":[{"href":"https:\/\/nordicmart.andreevmaster.com\/fi\/wp-json\/wp\/v2\/product"}],"about":[{"href":"https:\/\/nordicmart.andreevmaster.com\/fi\/wp-json\/wp\/v2\/types\/product"}],"replies":[{"embeddable":true,"href":"https:\/\/nordicmart.andreevmaster.com\/fi\/wp-json\/wp\/v2\/comments?post=30630"}],"wp:featuredmedia":[{"embeddable":true,"href":"https:\/\/nordicmart.andreevmaster.com\/fi\/wp-json\/wp\/v2\/media\/39863"}],"wp:attachment":[{"href":"https:\/\/nordicmart.andreevmaster.com\/fi\/wp-json\/wp\/v2\/media?parent=30630"}],"wp:term":[{"taxonomy":"product_brand","embeddable":true,"href":"https:\/\/nordicmart.andreevmaster.com\/fi\/wp-json\/wp\/v2\/product_brand?post=30630"},{"taxonomy":"product_cat","embeddable":true,"href":"https:\/\/nordicmart.andreevmaster.com\/fi\/wp-json\/wp\/v2\/product_cat?post=30630"},{"taxonomy":"product_tag","embeddable":true,"href":"https:\/\/nordicmart.andreevmaster.com\/fi\/wp-json\/wp\/v2\/product_tag?post=30630"}],"curies":[{"name":"wp","href":"https:\/\/api.w.org\/{rel}","templated":true}]}}