{"id":30629,"date":"2026-02-27T00:10:41","date_gmt":"2026-02-27T00:10:41","guid":{"rendered":"https:\/\/nordicmart.andreevmaster.com\/product\/songmics-puutarhakalustesetti-2-keinutuolia-ja-poyta-musta\/"},"modified":"2026-02-27T09:34:09","modified_gmt":"2026-02-27T09:34:09","slug":"songmics-puutarhakalustesetti-2-keinutuolia-ja-poyta-musta","status":"publish","type":"product","link":"https:\/\/nordicmart.andreevmaster.com\/fi\/tuote\/songmics-puutarhakalustesetti-2-keinutuolia-ja-poyta-musta\/","title":{"rendered":"SONGMICS puutarhakalustesetti 2 keinutuolia ja p\u00f6yt\u00e4, musta"},"content":{"rendered":"<p>SONGMICS puutarhakalustesetti, parvekekalusteet, 2 keinutuolia p\u00f6yd\u00e4ll\u00e4, ter\u00e4s, terassikalusteet, k\u00e4sinojat, hengitt\u00e4v\u00e4 synteettinen kuitukangas, terassi, parveke, puutarha, musta GGF0027B01<br \/>\nV\u00e4ri: musta<br \/>\nMateriaali: synteettinen kuitukangas, jauhemaalattu ter\u00e4s<br \/>\nP\u00f6yd\u00e4n koko: 44 x 44 x 42,7 cm (S x L x K)<br \/>\nTuolin koko: 73 x 60,8 x 76 cm (S x L x K)<br \/>\nKokonaispaino: 14 kg<br \/>\nSuurin staattinen kuormitus per istuin: 110 kg<\/p>\n","protected":false},"excerpt":{"rendered":"<p>SONGMICS puutarhakalustesetti, parvekekalusteet, 2 keinutuolia p\u00f6yd\u00e4ll\u00e4, ter\u00e4s, terassikalusteet, k\u00e4sinojat, hengitt\u00e4v\u00e4 synteettinen kuitukangas, terassi, parveke, puutarha, musta GGF0027B01<\/p>\n","protected":false},"featured_media":39862,"comment_status":"open","ping_status":"closed","template":"","meta":[],"product_brand":[],"product_cat":[32],"product_tag":[],"class_list":{"0":"post-30629","1":"product","2":"type-product","3":"status-publish","4":"has-post-thumbnail","6":"product_cat-uncategorized-fi","8":"first","9":"instock","10":"shipping-taxable","11":"purchasable","12":"product-type-simple"},"_links":{"self":[{"href":"https:\/\/nordicmart.andreevmaster.com\/fi\/wp-json\/wp\/v2\/product\/30629","targetHints":{"allow":["GET"]}}],"collection":[{"href":"https:\/\/nordicmart.andreevmaster.com\/fi\/wp-json\/wp\/v2\/product"}],"about":[{"href":"https:\/\/nordicmart.andreevmaster.com\/fi\/wp-json\/wp\/v2\/types\/product"}],"replies":[{"embeddable":true,"href":"https:\/\/nordicmart.andreevmaster.com\/fi\/wp-json\/wp\/v2\/comments?post=30629"}],"wp:featuredmedia":[{"embeddable":true,"href":"https:\/\/nordicmart.andreevmaster.com\/fi\/wp-json\/wp\/v2\/media\/39862"}],"wp:attachment":[{"href":"https:\/\/nordicmart.andreevmaster.com\/fi\/wp-json\/wp\/v2\/media?parent=30629"}],"wp:term":[{"taxonomy":"product_brand","embeddable":true,"href":"https:\/\/nordicmart.andreevmaster.com\/fi\/wp-json\/wp\/v2\/product_brand?post=30629"},{"taxonomy":"product_cat","embeddable":true,"href":"https:\/\/nordicmart.andreevmaster.com\/fi\/wp-json\/wp\/v2\/product_cat?post=30629"},{"taxonomy":"product_tag","embeddable":true,"href":"https:\/\/nordicmart.andreevmaster.com\/fi\/wp-json\/wp\/v2\/product_tag?post=30629"}],"curies":[{"name":"wp","href":"https:\/\/api.w.org\/{rel}","templated":true}]}}