{"id":30628,"date":"2026-02-27T00:10:41","date_gmt":"2026-02-27T00:10:41","guid":{"rendered":"https:\/\/nordicmart.andreevmaster.com\/product\/songmics-puutarhapenkki-pe-rottingista-70-x-1385-x-79-cm-musta\/"},"modified":"2026-02-27T09:34:09","modified_gmt":"2026-02-27T09:34:09","slug":"songmics-puutarhapenkki-pe-rottingista-70-x-1385-x-79-cm-musta","status":"publish","type":"product","link":"https:\/\/nordicmart.andreevmaster.com\/fi\/tuote\/songmics-puutarhapenkki-pe-rottingista-70-x-1385-x-79-cm-musta\/","title":{"rendered":"SONGMICS puutarhapenkki PE-rottingista 70 x 138,5 x 79 cm musta"},"content":{"rendered":"<p>SONGMICS puutarhapenkki, 2-istuttava, parvekepenkki, puutarhakalusteet PE-rottingista, puutarhatuoli selk\u00e4nojalla, 70 x 138,5 x 79 cm, terassille, puutarhaan, parvekkeelle, ulkok\u00e4ytt\u00f6\u00f6n, musta GGF0026B01<br \/>\nV\u00e4ri: musta<br \/>\nMateriaali: PE-rottinki (polyeteeni), ter\u00e4s<br \/>\nKoko: 70 x 138,5 x 79 cm (S x L x K)<br \/>\nPaino: 6,5 kg<br \/>\nMaks. staattinen kantavuus: 135 kg<\/p>\n","protected":false},"excerpt":{"rendered":"<p>SONGMICS puutarhapenkki, 2-istuttava, parvekepenkki, puutarhakalusteet PE-rottingista, puutarhatuoli selk\u00e4nojalla, 70 x 138,5 x 79 cm, terassille, puutarhaan, parvekkeelle, ulkok\u00e4ytt\u00f6\u00f6n, musta GGF0026B01<\/p>\n","protected":false},"featured_media":39861,"comment_status":"open","ping_status":"closed","template":"","meta":[],"product_brand":[],"product_cat":[32],"product_tag":[],"class_list":{"0":"post-30628","1":"product","2":"type-product","3":"status-publish","4":"has-post-thumbnail","6":"product_cat-uncategorized-fi","8":"first","9":"instock","10":"shipping-taxable","11":"purchasable","12":"product-type-simple"},"_links":{"self":[{"href":"https:\/\/nordicmart.andreevmaster.com\/fi\/wp-json\/wp\/v2\/product\/30628","targetHints":{"allow":["GET"]}}],"collection":[{"href":"https:\/\/nordicmart.andreevmaster.com\/fi\/wp-json\/wp\/v2\/product"}],"about":[{"href":"https:\/\/nordicmart.andreevmaster.com\/fi\/wp-json\/wp\/v2\/types\/product"}],"replies":[{"embeddable":true,"href":"https:\/\/nordicmart.andreevmaster.com\/fi\/wp-json\/wp\/v2\/comments?post=30628"}],"wp:featuredmedia":[{"embeddable":true,"href":"https:\/\/nordicmart.andreevmaster.com\/fi\/wp-json\/wp\/v2\/media\/39861"}],"wp:attachment":[{"href":"https:\/\/nordicmart.andreevmaster.com\/fi\/wp-json\/wp\/v2\/media?parent=30628"}],"wp:term":[{"taxonomy":"product_brand","embeddable":true,"href":"https:\/\/nordicmart.andreevmaster.com\/fi\/wp-json\/wp\/v2\/product_brand?post=30628"},{"taxonomy":"product_cat","embeddable":true,"href":"https:\/\/nordicmart.andreevmaster.com\/fi\/wp-json\/wp\/v2\/product_cat?post=30628"},{"taxonomy":"product_tag","embeddable":true,"href":"https:\/\/nordicmart.andreevmaster.com\/fi\/wp-json\/wp\/v2\/product_tag?post=30628"}],"curies":[{"name":"wp","href":"https:\/\/api.w.org\/{rel}","templated":true}]}}