{"id":30626,"date":"2026-02-27T00:10:41","date_gmt":"2026-02-27T00:10:41","guid":{"rendered":"https:\/\/nordicmart.andreevmaster.com\/product\/songmics-puutarhakalustesetti-polyrottingista\/"},"modified":"2026-02-27T09:34:09","modified_gmt":"2026-02-27T09:34:09","slug":"songmics-puutarhakalustesetti-polyrottingista","status":"publish","type":"product","link":"https:\/\/nordicmart.andreevmaster.com\/fi\/tuote\/songmics-puutarhakalustesetti-polyrottingista\/","title":{"rendered":"SONGMICS puutarhakalustesetti polyrottingista"},"content":{"rendered":"<p>Eritt\u00e4in tukeva p\u00f6yt\u00e4levy Sivup\u00f6yd\u00e4n p\u00f6yt\u00e4levy on valmistettu karkaistusta lasista. Kumityynyill\u00e4 kiinnitetty p\u00f6yt\u00e4levy tarjoaa tukevan alustan kes\u00e4n viileille juomille. Ergonominen muotoilu Tuolien selk\u00e4noja ja k\u00e4sinojat ovat hieman kaarevat ja mukautuvat kehosi muotoihin, jotta istuminen on erityisen mukavaa. Irrotettavat tyynynp\u00e4\u00e4lliset Istuintyynyjen p\u00e4\u00e4lliset ovat irrotettavia ja konepest\u00e4vi\u00e4.<\/p>\n","protected":false},"excerpt":{"rendered":"<p>SONGMICS Puutarhakalustesetti polyrottingista, oleskelusetti, rottingkimuotoinen, terassikalusteet, parvekekalusteet, terassille, puutarhaan, parvekkeelle, ruskea-beige GGF001K02<\/p>\n","protected":false},"featured_media":39859,"comment_status":"open","ping_status":"closed","template":"","meta":[],"product_brand":[],"product_cat":[32],"product_tag":[],"class_list":{"0":"post-30626","1":"product","2":"type-product","3":"status-publish","4":"has-post-thumbnail","6":"product_cat-uncategorized-fi","8":"first","9":"instock","10":"shipping-taxable","11":"purchasable","12":"product-type-simple"},"_links":{"self":[{"href":"https:\/\/nordicmart.andreevmaster.com\/fi\/wp-json\/wp\/v2\/product\/30626","targetHints":{"allow":["GET"]}}],"collection":[{"href":"https:\/\/nordicmart.andreevmaster.com\/fi\/wp-json\/wp\/v2\/product"}],"about":[{"href":"https:\/\/nordicmart.andreevmaster.com\/fi\/wp-json\/wp\/v2\/types\/product"}],"replies":[{"embeddable":true,"href":"https:\/\/nordicmart.andreevmaster.com\/fi\/wp-json\/wp\/v2\/comments?post=30626"}],"wp:featuredmedia":[{"embeddable":true,"href":"https:\/\/nordicmart.andreevmaster.com\/fi\/wp-json\/wp\/v2\/media\/39859"}],"wp:attachment":[{"href":"https:\/\/nordicmart.andreevmaster.com\/fi\/wp-json\/wp\/v2\/media?parent=30626"}],"wp:term":[{"taxonomy":"product_brand","embeddable":true,"href":"https:\/\/nordicmart.andreevmaster.com\/fi\/wp-json\/wp\/v2\/product_brand?post=30626"},{"taxonomy":"product_cat","embeddable":true,"href":"https:\/\/nordicmart.andreevmaster.com\/fi\/wp-json\/wp\/v2\/product_cat?post=30626"},{"taxonomy":"product_tag","embeddable":true,"href":"https:\/\/nordicmart.andreevmaster.com\/fi\/wp-json\/wp\/v2\/product_tag?post=30626"}],"curies":[{"name":"wp","href":"https:\/\/api.w.org\/{rel}","templated":true}]}}