{"id":30624,"date":"2026-02-27T00:10:40","date_gmt":"2026-02-27T00:10:40","guid":{"rendered":"https:\/\/nordicmart.andreevmaster.com\/product\/songmics-galvanoidusta-teraksesta-valmistettu-puutarhaportti-puutarhan-ovi-aidan-portti\/"},"modified":"2026-02-27T09:34:09","modified_gmt":"2026-02-27T09:34:09","slug":"songmics-galvanoidusta-teraksesta-valmistettu-puutarhaportti-puutarhan-ovi-aidan-portti","status":"publish","type":"product","link":"https:\/\/nordicmart.andreevmaster.com\/fi\/tuote\/songmics-galvanoidusta-teraksesta-valmistettu-puutarhaportti-puutarhan-ovi-aidan-portti\/","title":{"rendered":"SONGMICS  Galvanoidusta ter\u00e4ksest\u00e4 valmistettu puutarhaportti, puutarhan ovi, aidan portti"},"content":{"rendered":"<p>SONGMICS puutarhaportti galvanoidusta ter\u00e4ksest\u00e4, puutarhan ovi, aidan portti, pihan portti, laadukkaalla lukolla, ovenkahvalla ja avaimella, 106 x 150 cm (P x K), harmaa GGD250G<br \/>\nTuotetiedot:<br \/>\n&#8211; V\u00e4ri: harmaa<br \/>\n&#8211; Materiaali: galvanoitu ter\u00e4s, PP-muovikahvat, metallinen avain, alumiininen lukkosylinteri<br \/>\n&#8211; Koko maanpinnasta: 106 x 90 cm (L x K)<br \/>\n&#8211; Kokonaismitat: 106 x 6 x 145 cm (P x L x K)<br \/>\n&#8211; Oven koko: 87 x 90 cm (P x K)<br \/>\n&#8211; Pylv\u00e4iden korkeus: 145 cm<br \/>\n&#8211; Verkon silm\u00e4koko: 50 x 200 mm<br \/>\n&#8211; Verkon langan halkaisija: 5 mm<br \/>\n&#8211; Paino: 21,1 kg<\/p>\n<p>Toimitus sis\u00e4lt\u00e4\u00e4:<br \/>\nPaketti 1<br \/>\n&#8211; 1 x puutarhaportti<br \/>\n&#8211; 1 x lis\u00e4varustepaketti<br \/>\n&#8211; 1 x ohjeet<br \/>\n&#8211; Paketti 2<br \/>\n&#8211; 2 x ovenpylv\u00e4s<\/p>\n<p>SONGMICS-ohjeet:<br \/>\n&#8211; Asenna pylv\u00e4s saranoilla vasemmalle puolelle, jos haluat oven avautuvan sinua kohti.<br \/>\n&#8211; Varmista, ett\u00e4 molemmat ovenpylv\u00e4\u00e4t ovat pystysuorassa ja samalla korkeudella.<br \/>\n&#8211; S\u00e4ilyt\u00e4 kaikki tarvikkeet huolellisesti asennuksen aikana, jotta v\u00e4lt\u00e4t kadonneista osista aiheutuvat haitat.<br \/>\n&#8211; Asennus tulee suorittaa kahden aikuisen voimin.<\/p>\n","protected":false},"excerpt":{"rendered":"<p>SONGMICS puutarhaportti galvanoidusta ter\u00e4ksest\u00e4, puutarhan ovi, aidan portti, pihan portti, laadukkaalla lukolla, ovenkahvalla ja avaimella, 106 x 150 cm (P x K), harmaa GGD250G<\/p>\n","protected":false},"featured_media":39857,"comment_status":"open","ping_status":"closed","template":"","meta":[],"product_brand":[],"product_cat":[32],"product_tag":[],"class_list":{"0":"post-30624","1":"product","2":"type-product","3":"status-publish","4":"has-post-thumbnail","6":"product_cat-uncategorized-fi","8":"first","9":"instock","10":"shipping-taxable","11":"purchasable","12":"product-type-simple"},"_links":{"self":[{"href":"https:\/\/nordicmart.andreevmaster.com\/fi\/wp-json\/wp\/v2\/product\/30624","targetHints":{"allow":["GET"]}}],"collection":[{"href":"https:\/\/nordicmart.andreevmaster.com\/fi\/wp-json\/wp\/v2\/product"}],"about":[{"href":"https:\/\/nordicmart.andreevmaster.com\/fi\/wp-json\/wp\/v2\/types\/product"}],"replies":[{"embeddable":true,"href":"https:\/\/nordicmart.andreevmaster.com\/fi\/wp-json\/wp\/v2\/comments?post=30624"}],"wp:featuredmedia":[{"embeddable":true,"href":"https:\/\/nordicmart.andreevmaster.com\/fi\/wp-json\/wp\/v2\/media\/39857"}],"wp:attachment":[{"href":"https:\/\/nordicmart.andreevmaster.com\/fi\/wp-json\/wp\/v2\/media?parent=30624"}],"wp:term":[{"taxonomy":"product_brand","embeddable":true,"href":"https:\/\/nordicmart.andreevmaster.com\/fi\/wp-json\/wp\/v2\/product_brand?post=30624"},{"taxonomy":"product_cat","embeddable":true,"href":"https:\/\/nordicmart.andreevmaster.com\/fi\/wp-json\/wp\/v2\/product_cat?post=30624"},{"taxonomy":"product_tag","embeddable":true,"href":"https:\/\/nordicmart.andreevmaster.com\/fi\/wp-json\/wp\/v2\/product_tag?post=30624"}],"curies":[{"name":"wp","href":"https:\/\/api.w.org\/{rel}","templated":true}]}}