{"id":30615,"date":"2026-02-27T00:10:38","date_gmt":"2026-02-27T00:10:38","guid":{"rendered":"https:\/\/nordicmart.andreevmaster.com\/product\/songmics-puutarhaportti-galvanoidusta-raudasta-harmaa\/"},"modified":"2026-02-27T09:34:07","modified_gmt":"2026-02-27T09:34:07","slug":"songmics-puutarhaportti-galvanoidusta-raudasta-harmaa","status":"publish","type":"product","link":"https:\/\/nordicmart.andreevmaster.com\/fi\/tuote\/songmics-puutarhaportti-galvanoidusta-raudasta-harmaa\/","title":{"rendered":"SONGMICS puutarhaportti galvanoidusta raudasta, harmaa"},"content":{"rendered":"<p>SONGMICS puutarhaportti galvanoidusta raudasta, puutarhan ovi, aidan portti, pihan portti, kest\u00e4v\u00e4 ja pitk\u00e4ik\u00e4inen, laadukkaalla lukolla, ovenkahvalla ja avaimella, 106 x 150 cm (P x K), harmaa GGD200GY<br \/>\nV\u00e4ri: harmaa<br \/>\nMateriaali: galvanoitu ter\u00e4s, PP-muovikahvat, metallinen avain, alumiininen lukkosylinteri<br \/>\nKoko maanpinnasta: 106 x 150 cm (L x K)<br \/>\nKoko yhteens\u00e4: 106 x 6 x 200 cm (P x L x K)<br \/>\nOven koko: 87 x 150 cm (P x K)<br \/>\nPylv\u00e4iden korkeus: 200 cm<br \/>\nPylv\u00e4\u00e4n halkaisija: 60 mm<br \/>\nOvikehyksen putken halkaisija: 40 mm<br \/>\nVerkkolangan halkaisija: 4 mm<br \/>\nVerkon silm\u00e4koko: 200 x 50 mm<br \/>\nPaino: 21,1 kg<\/p>\n","protected":false},"excerpt":{"rendered":"<p>SONGMICS puutarhaportti galvanoidusta raudasta, puutarhan ovi, aidan portti, pihan portti, kest\u00e4v\u00e4 ja pitk\u00e4ik\u00e4inen, laadukkaalla lukolla, ovenkahvalla ja avaimella, 106 x 150 cm (P x K), harmaa GGD200GY<\/p>\n","protected":false},"featured_media":39848,"comment_status":"open","ping_status":"closed","template":"","meta":[],"product_brand":[],"product_cat":[32],"product_tag":[],"class_list":{"0":"post-30615","1":"product","2":"type-product","3":"status-publish","4":"has-post-thumbnail","6":"product_cat-uncategorized-fi","8":"first","9":"instock","10":"shipping-taxable","11":"purchasable","12":"product-type-simple"},"_links":{"self":[{"href":"https:\/\/nordicmart.andreevmaster.com\/fi\/wp-json\/wp\/v2\/product\/30615","targetHints":{"allow":["GET"]}}],"collection":[{"href":"https:\/\/nordicmart.andreevmaster.com\/fi\/wp-json\/wp\/v2\/product"}],"about":[{"href":"https:\/\/nordicmart.andreevmaster.com\/fi\/wp-json\/wp\/v2\/types\/product"}],"replies":[{"embeddable":true,"href":"https:\/\/nordicmart.andreevmaster.com\/fi\/wp-json\/wp\/v2\/comments?post=30615"}],"wp:featuredmedia":[{"embeddable":true,"href":"https:\/\/nordicmart.andreevmaster.com\/fi\/wp-json\/wp\/v2\/media\/39848"}],"wp:attachment":[{"href":"https:\/\/nordicmart.andreevmaster.com\/fi\/wp-json\/wp\/v2\/media?parent=30615"}],"wp:term":[{"taxonomy":"product_brand","embeddable":true,"href":"https:\/\/nordicmart.andreevmaster.com\/fi\/wp-json\/wp\/v2\/product_brand?post=30615"},{"taxonomy":"product_cat","embeddable":true,"href":"https:\/\/nordicmart.andreevmaster.com\/fi\/wp-json\/wp\/v2\/product_cat?post=30615"},{"taxonomy":"product_tag","embeddable":true,"href":"https:\/\/nordicmart.andreevmaster.com\/fi\/wp-json\/wp\/v2\/product_tag?post=30615"}],"curies":[{"name":"wp","href":"https:\/\/api.w.org\/{rel}","templated":true}]}}