{"id":30608,"date":"2026-02-27T00:10:37","date_gmt":"2026-02-27T00:10:37","guid":{"rendered":"https:\/\/nordicmart.andreevmaster.com\/product\/songmics-puutarhaportti-galvanoidusta-teraksesta-lukittava\/"},"modified":"2026-02-27T09:34:06","modified_gmt":"2026-02-27T09:34:06","slug":"songmics-puutarhaportti-galvanoidusta-teraksesta-lukittava","status":"publish","type":"product","link":"https:\/\/nordicmart.andreevmaster.com\/fi\/tuote\/songmics-puutarhaportti-galvanoidusta-teraksesta-lukittava\/","title":{"rendered":"SONGMICS puutarhaportti galvanoidusta ter\u00e4ksest\u00e4, lukittava"},"content":{"rendered":"<p>SONGMICS Puutarhaportti Puutarhan ovi Aitaportti, sis\u00e4lt\u00e4\u00e4 lukon ja 3 avainta, vihre\u00e4 GGD150G<br \/>\n&#8211; V\u00e4ri: harmaa<br \/>\n&#8211; Materiaali: galvanoitu ter\u00e4s, PP-muovikahvat, metallinen avain, alumiininen lukkosylinteri<br \/>\n&#8211; Koko lattiasta: 106 x 100 cm (L x K)<br \/>\n&#8211; Kokonaismitat: 106 x 6 x 150 cm (P x L x K)<br \/>\n&#8211; Oven koko: 87 x 90 cm (P x K)<br \/>\n&#8211; Pylv\u00e4iden korkeus: 150 cm<br \/>\n&#8211; Pylv\u00e4\u00e4n halkaisija: 60 mm<br \/>\n&#8211; Ovenkarmin putken halkaisija: 40 mm<br \/>\n&#8211; Verkkolangan halkaisija: 4 mm<br \/>\n&#8211; Verkon silm\u00e4koko: 50 x 50 mm<br \/>\n&#8211; Paino: 16,8 kg<\/p>\n","protected":false},"excerpt":{"rendered":"<p>SONGMICS Puutarhaportti Puutarhan ovi Aitaportti, sis\u00e4lt\u00e4\u00e4 lukon ja 3 avainta, vihre\u00e4 GGD150G<\/p>\n","protected":false},"featured_media":39841,"comment_status":"open","ping_status":"closed","template":"","meta":[],"product_brand":[],"product_cat":[32],"product_tag":[],"class_list":{"0":"post-30608","1":"product","2":"type-product","3":"status-publish","4":"has-post-thumbnail","6":"product_cat-uncategorized-fi","8":"first","9":"instock","10":"shipping-taxable","11":"purchasable","12":"product-type-simple"},"_links":{"self":[{"href":"https:\/\/nordicmart.andreevmaster.com\/fi\/wp-json\/wp\/v2\/product\/30608","targetHints":{"allow":["GET"]}}],"collection":[{"href":"https:\/\/nordicmart.andreevmaster.com\/fi\/wp-json\/wp\/v2\/product"}],"about":[{"href":"https:\/\/nordicmart.andreevmaster.com\/fi\/wp-json\/wp\/v2\/types\/product"}],"replies":[{"embeddable":true,"href":"https:\/\/nordicmart.andreevmaster.com\/fi\/wp-json\/wp\/v2\/comments?post=30608"}],"wp:featuredmedia":[{"embeddable":true,"href":"https:\/\/nordicmart.andreevmaster.com\/fi\/wp-json\/wp\/v2\/media\/39841"}],"wp:attachment":[{"href":"https:\/\/nordicmart.andreevmaster.com\/fi\/wp-json\/wp\/v2\/media?parent=30608"}],"wp:term":[{"taxonomy":"product_brand","embeddable":true,"href":"https:\/\/nordicmart.andreevmaster.com\/fi\/wp-json\/wp\/v2\/product_brand?post=30608"},{"taxonomy":"product_cat","embeddable":true,"href":"https:\/\/nordicmart.andreevmaster.com\/fi\/wp-json\/wp\/v2\/product_cat?post=30608"},{"taxonomy":"product_tag","embeddable":true,"href":"https:\/\/nordicmart.andreevmaster.com\/fi\/wp-json\/wp\/v2\/product_tag?post=30608"}],"curies":[{"name":"wp","href":"https:\/\/api.w.org\/{rel}","templated":true}]}}