{"id":30593,"date":"2026-02-27T00:10:33","date_gmt":"2026-02-27T00:10:33","guid":{"rendered":"https:\/\/nordicmart.andreevmaster.com\/product\/songmics-gabionikori-metallinen-kivikori-silmakoko-5-x-10-cm-muurauskivia-varten-galvanoitu\/"},"modified":"2026-02-27T09:34:03","modified_gmt":"2026-02-27T09:34:03","slug":"songmics-gabionikori-metallinen-kivikori-silmakoko-5-x-10-cm-muurauskivia-varten-galvanoitu","status":"publish","type":"product","link":"https:\/\/nordicmart.andreevmaster.com\/fi\/tuote\/songmics-gabionikori-metallinen-kivikori-silmakoko-5-x-10-cm-muurauskivia-varten-galvanoitu\/","title":{"rendered":"SONGMICS gabionikori, metallinen kivikori, silm\u00e4koko 5 x 10 cm, muurauskivi\u00e4 varten, galvanoitu"},"content":{"rendered":"<p>Gabionit ovat erilaisia kivi\u00e4 sis\u00e4lt\u00e4vi\u00e4 metallikoreja, joita voidaan k\u00e4ytt\u00e4\u00e4 monin eri tavoin tarpeen mukaan. Songmicsin gabionit on valmistettu ruostumattomasta ja s\u00e4\u00e4nkest\u00e4v\u00e4st\u00e4 galvanoidusta ter\u00e4ksest\u00e4, joten ne ovat eritt\u00e4in tukevia ja kest\u00e4vi\u00e4. Ne tarjoavat uskomattoman monia muotoilu- ja yhdistelm\u00e4mahdollisuuksia.  Silm\u00e4koko on 10 x 5 cm, joten on suositeltavaa t\u00e4ytt\u00e4\u00e4 gabioni \u2205 6-10 cm:n kivill\u00e4. Kivien m\u00e4\u00e4r\u00e4 lasketaan gabionin tilavuuden perusteella: Esim. halkaisijaltaan 6 cm:n kivet: GGB183 (0,24 m\u00b3) sis\u00e4lt\u00e4\u00e4 noin 1000 kappaletta halkaisijaltaan 10 cm:n kivet: GGB183 (0,24 m\u00b3) sis\u00e4lt\u00e4\u00e4 noin 200 kappaletta Yll\u00e4 olevat tiedot ovat vain viitteellisi\u00e4. Turvallisuusohjeet:  &#8211; Asennuksen tai k\u00e4yt\u00f6n aikana pid\u00e4 lapset poissa tuotteesta mahdollisten vaarojen v\u00e4ltt\u00e4miseksi.  &#8211; Asennuksen aikana on k\u00e4ytett\u00e4v\u00e4 suojak\u00e4sineit\u00e4, jotta et loukkaa itse\u00e4si.  Tuotetiedot: &#8211; Ulkomitat: 100 x 80 x 30 cm &#8211; Silm\u00e4koko: 10 x 5 cm &#8211; Langan paksuus: 4 mm &#8211; Metalli: galvanoidusta ter\u00e4ksest\u00e4 valmistetut h\u00e4kit (eritt\u00e4in korroosionkest\u00e4v\u00e4t) &#8211; V\u00e4ri: harmaa\/hopea Toimitus sis\u00e4lt\u00e4\u00e4: &#8211; 6 x metalliverkko &#8211; 12 x kierreside &#8211; 1 x ohjeet &#8211; 9 x v\u00e4likappale<\/p>\n","protected":false},"excerpt":{"rendered":"<p>Gabionikori, metallinen kivikori, silm\u00e4koon 5 x 10 cm, muurauskiville, galvanoitu, kivigabionimuuri, 100 x 80 x 30 cm, hopea<\/p>\n","protected":false},"featured_media":39826,"comment_status":"open","ping_status":"closed","template":"","meta":[],"product_brand":[],"product_cat":[32],"product_tag":[],"class_list":{"0":"post-30593","1":"product","2":"type-product","3":"status-publish","4":"has-post-thumbnail","6":"product_cat-uncategorized-fi","8":"first","9":"instock","10":"shipping-taxable","11":"purchasable","12":"product-type-simple"},"_links":{"self":[{"href":"https:\/\/nordicmart.andreevmaster.com\/fi\/wp-json\/wp\/v2\/product\/30593","targetHints":{"allow":["GET"]}}],"collection":[{"href":"https:\/\/nordicmart.andreevmaster.com\/fi\/wp-json\/wp\/v2\/product"}],"about":[{"href":"https:\/\/nordicmart.andreevmaster.com\/fi\/wp-json\/wp\/v2\/types\/product"}],"replies":[{"embeddable":true,"href":"https:\/\/nordicmart.andreevmaster.com\/fi\/wp-json\/wp\/v2\/comments?post=30593"}],"wp:featuredmedia":[{"embeddable":true,"href":"https:\/\/nordicmart.andreevmaster.com\/fi\/wp-json\/wp\/v2\/media\/39826"}],"wp:attachment":[{"href":"https:\/\/nordicmart.andreevmaster.com\/fi\/wp-json\/wp\/v2\/media?parent=30593"}],"wp:term":[{"taxonomy":"product_brand","embeddable":true,"href":"https:\/\/nordicmart.andreevmaster.com\/fi\/wp-json\/wp\/v2\/product_brand?post=30593"},{"taxonomy":"product_cat","embeddable":true,"href":"https:\/\/nordicmart.andreevmaster.com\/fi\/wp-json\/wp\/v2\/product_cat?post=30593"},{"taxonomy":"product_tag","embeddable":true,"href":"https:\/\/nordicmart.andreevmaster.com\/fi\/wp-json\/wp\/v2\/product_tag?post=30593"}],"curies":[{"name":"wp","href":"https:\/\/api.w.org\/{rel}","templated":true}]}}