{"id":30592,"date":"2026-02-27T00:10:33","date_gmt":"2026-02-27T00:10:33","guid":{"rendered":"https:\/\/nordicmart.andreevmaster.com\/product\/songmics-gabionikori-silmakoko-5-x-10-cm-hopea\/"},"modified":"2026-02-27T09:34:03","modified_gmt":"2026-02-27T09:34:03","slug":"songmics-gabionikori-silmakoko-5-x-10-cm-hopea","status":"publish","type":"product","link":"https:\/\/nordicmart.andreevmaster.com\/fi\/tuote\/songmics-gabionikori-silmakoko-5-x-10-cm-hopea\/","title":{"rendered":"SONGMICS gabionikori, silm\u00e4koko 5 x 10 cm, hopea"},"content":{"rendered":"<p>Huomautukset: Gabionin tulee seist\u00e4 tukevalla alustalla. Jos haluat pinota gabionit p\u00e4\u00e4llekk\u00e4in, k\u00e4yt\u00e4 lankoja tai nippusiteit\u00e4 vierekk\u00e4isten verkkojen kiinnitt\u00e4miseen toisiinsa.Gabionia ei ole suositeltavaa pinota yli 2 kerrosta p\u00e4\u00e4llekk\u00e4in. Turvallisuusohjeet: Asennuksen tai k\u00e4yt\u00f6n aikana pid\u00e4 lapset poissa tuotteesta mahdollisten vaarojen v\u00e4ltt\u00e4miseksi.Asennuksessa on k\u00e4ytett\u00e4v\u00e4 k\u00e4sineit\u00e4, jotta et loukkaa itse\u00e4si. Tuotetiedot: Mitat: 100 x 50 x 50 cm Silm\u00e4koko: 10 x 5 cm Langan paksuus: 4 mm Metalli: galvanoidusta ter\u00e4ksest\u00e4 valmistetut h\u00e4kit (eritt\u00e4in korroosionkest\u00e4v\u00e4t) V\u00e4ri: harmaa\/hopea Toimitus sis\u00e4lt\u00e4\u00e4: 1 x gabioni<\/p>\n","protected":false},"excerpt":{"rendered":"<p>Gabionikori, metallinen kivikori, silm\u00e4koon 5 x 10 cm, muurauskiville, galvanoitu, kivigabionimuuri, 100 x 50 x 50 cm, hopea<\/p>\n","protected":false},"featured_media":39825,"comment_status":"open","ping_status":"closed","template":"","meta":[],"product_brand":[],"product_cat":[32],"product_tag":[],"class_list":{"0":"post-30592","1":"product","2":"type-product","3":"status-publish","4":"has-post-thumbnail","6":"product_cat-uncategorized-fi","8":"first","9":"instock","10":"shipping-taxable","11":"purchasable","12":"product-type-simple"},"_links":{"self":[{"href":"https:\/\/nordicmart.andreevmaster.com\/fi\/wp-json\/wp\/v2\/product\/30592","targetHints":{"allow":["GET"]}}],"collection":[{"href":"https:\/\/nordicmart.andreevmaster.com\/fi\/wp-json\/wp\/v2\/product"}],"about":[{"href":"https:\/\/nordicmart.andreevmaster.com\/fi\/wp-json\/wp\/v2\/types\/product"}],"replies":[{"embeddable":true,"href":"https:\/\/nordicmart.andreevmaster.com\/fi\/wp-json\/wp\/v2\/comments?post=30592"}],"wp:featuredmedia":[{"embeddable":true,"href":"https:\/\/nordicmart.andreevmaster.com\/fi\/wp-json\/wp\/v2\/media\/39825"}],"wp:attachment":[{"href":"https:\/\/nordicmart.andreevmaster.com\/fi\/wp-json\/wp\/v2\/media?parent=30592"}],"wp:term":[{"taxonomy":"product_brand","embeddable":true,"href":"https:\/\/nordicmart.andreevmaster.com\/fi\/wp-json\/wp\/v2\/product_brand?post=30592"},{"taxonomy":"product_cat","embeddable":true,"href":"https:\/\/nordicmart.andreevmaster.com\/fi\/wp-json\/wp\/v2\/product_cat?post=30592"},{"taxonomy":"product_tag","embeddable":true,"href":"https:\/\/nordicmart.andreevmaster.com\/fi\/wp-json\/wp\/v2\/product_tag?post=30592"}],"curies":[{"name":"wp","href":"https:\/\/api.w.org\/{rel}","templated":true}]}}