{"id":30591,"date":"2026-02-27T00:10:33","date_gmt":"2026-02-27T00:10:33","guid":{"rendered":"https:\/\/nordicmart.andreevmaster.com\/product\/songmics-gabioniverkkokori-silmakoko-5-x-10-cm-yksittaispakkaus\/"},"modified":"2026-02-27T09:34:03","modified_gmt":"2026-02-27T09:34:03","slug":"songmics-gabioniverkkokori-silmakoko-5-x-10-cm-yksittaispakkaus","status":"publish","type":"product","link":"https:\/\/nordicmart.andreevmaster.com\/fi\/tuote\/songmics-gabioniverkkokori-silmakoko-5-x-10-cm-yksittaispakkaus\/","title":{"rendered":"SONGMICS gabioniverkkokori, silm\u00e4koko 5 x 10 cm, yksitt\u00e4ispakkaus"},"content":{"rendered":"<p>Koristele puutarhasi t\u00e4ll\u00e4 100 x 50 x 30 cm:n kokoisella kivigabionilla ja luo rentouttava oaasi, joka heijastaa persoonallisuuttasi. S\u00e4\u00e4st\u00e4 aikaa: Kun olet p\u00e4\u00e4tt\u00e4nyt, mihin haluat sijoittaa gabionin, voit asentaa sen nopeasti. T\u00e4yt\u00e4 metalliverkko kivill\u00e4 ja kiinnit\u00e4 v\u00e4likoukut ennen gabionin sulkemista. J\u00e4ljittelem\u00e4ll\u00e4 sementin ja tiilien periaatetta luot aikaa s\u00e4\u00e4st\u00e4v\u00e4n vaihtoehdon, joka my\u00f6s n\u00e4ytt\u00e4\u00e4 paremmalta. Laatu luoville: T\u00e4m\u00e4 kest\u00e4v\u00e4 kivigabioni galvanoidusta ter\u00e4ksest\u00e4 sopii kaikkiin tarpeisiisi: luo kivipenkki puutarhajuhliasi varten tai suoja luonnonkivisein\u00e4llesi. Jos tilaat useita gabioneja kerralla, voit rakentaa v\u00e4limerellisen kivipuutarhan, jossa on upeita kukkia ja salviaa.Anna luovuudellesi vapaat k\u00e4det ja toteuta kaikki puutarhaunelmasi t\u00e4m\u00e4n gabionin avulla! Tuotetiedot: V\u00e4ri: hopea Materiaali: 40-60 g\/m\u00b2 galvanoitu ter\u00e4s Koko: 100 x 50 x 30 cm (P x L x K)Yksitt\u00e4isten silmukoiden koko: 5 x 10 cm Metallilangan halkaisija: 4 mm Koukun pituus: 30 cm Kierteen nousu: 5 cm Paino: 7,8 kg Toimitus sis\u00e4lt\u00e4\u00e4: 6 x metalliverkko 12 x kierre 4 x et\u00e4isyyskoukku 1 x ohjeet (DE, EN, FR, ES, IT) SONGMICS-ohjeet:Pid\u00e4 lapset poissa ty\u00f6skentelyalueelta gabionin asennuksen aikana onnettomuuksien v\u00e4ltt\u00e4miseksi. K\u00e4yt\u00e4 suojak\u00e4sineit\u00e4 koko asennuksen ajan. Valitse gabionin sijoituspaikka ennen asennusta. \u00c4l\u00e4 siirr\u00e4 tuotetta sen j\u00e4lkeen, kun se on asennettu.<\/p>\n","protected":false},"excerpt":{"rendered":"<p>SONGMICS 100 x 50 x 30 cm sein\u00e4istuin kivi-gabioni kiviaita lankakori GGB153, hopea<\/p>\n","protected":false},"featured_media":39824,"comment_status":"open","ping_status":"closed","template":"","meta":[],"product_brand":[],"product_cat":[32],"product_tag":[],"class_list":{"0":"post-30591","1":"product","2":"type-product","3":"status-publish","4":"has-post-thumbnail","6":"product_cat-uncategorized-fi","8":"first","9":"instock","10":"shipping-taxable","11":"purchasable","12":"product-type-simple"},"_links":{"self":[{"href":"https:\/\/nordicmart.andreevmaster.com\/fi\/wp-json\/wp\/v2\/product\/30591","targetHints":{"allow":["GET"]}}],"collection":[{"href":"https:\/\/nordicmart.andreevmaster.com\/fi\/wp-json\/wp\/v2\/product"}],"about":[{"href":"https:\/\/nordicmart.andreevmaster.com\/fi\/wp-json\/wp\/v2\/types\/product"}],"replies":[{"embeddable":true,"href":"https:\/\/nordicmart.andreevmaster.com\/fi\/wp-json\/wp\/v2\/comments?post=30591"}],"wp:featuredmedia":[{"embeddable":true,"href":"https:\/\/nordicmart.andreevmaster.com\/fi\/wp-json\/wp\/v2\/media\/39824"}],"wp:attachment":[{"href":"https:\/\/nordicmart.andreevmaster.com\/fi\/wp-json\/wp\/v2\/media?parent=30591"}],"wp:term":[{"taxonomy":"product_brand","embeddable":true,"href":"https:\/\/nordicmart.andreevmaster.com\/fi\/wp-json\/wp\/v2\/product_brand?post=30591"},{"taxonomy":"product_cat","embeddable":true,"href":"https:\/\/nordicmart.andreevmaster.com\/fi\/wp-json\/wp\/v2\/product_cat?post=30591"},{"taxonomy":"product_tag","embeddable":true,"href":"https:\/\/nordicmart.andreevmaster.com\/fi\/wp-json\/wp\/v2\/product_tag?post=30591"}],"curies":[{"name":"wp","href":"https:\/\/api.w.org\/{rel}","templated":true}]}}