{"id":30583,"date":"2026-02-27T00:10:31","date_gmt":"2026-02-27T00:10:31","guid":{"rendered":"https:\/\/nordicmart.andreevmaster.com\/product\/songmics-gabionikorit-100-x-80-x-30-cm-5-kpln-sarja-hopea\/"},"modified":"2026-02-27T09:34:02","modified_gmt":"2026-02-27T09:34:02","slug":"songmics-gabionikorit-100-x-80-x-30-cm-5-kpln-sarja-hopea","status":"publish","type":"product","link":"https:\/\/nordicmart.andreevmaster.com\/fi\/tuote\/songmics-gabionikorit-100-x-80-x-30-cm-5-kpln-sarja-hopea\/","title":{"rendered":"SONGMICS Gabionikorit 100 x 80 x 30 cm 5 kpl:n sarja, hopea"},"content":{"rendered":"<p>SONGMICS Gabionit, kivikori, metalliaita, 5 x 10 cm tihe\u00e4verkko, ruostumatonta galvanoitua ter\u00e4st\u00e4, 100 x 80 x 30 cm, puutarhakoriste, kasvisein\u00e4, hopea GGB183<br \/>\nV\u00e4ri: hopea<br \/>\nMateriaali: 40\u201360 g\/m\u00b2 galvanoitu ter\u00e4s<br \/>\nKunkin gabionin koko: 100 x 80 x 30 cm (P x L x K)<br \/>\nSilm\u00e4koko: 5 x 10 cm<br \/>\nMetallilangan halkaisija: 4 mm<br \/>\nV\u00e4likehikon pituus: 30 cm<br \/>\nKierteen jakautuma: 5 cm<br \/>\nPaino: 51 kg<\/p>\n","protected":false},"excerpt":{"rendered":"<p>SONGMICS Gabionit, kivikori, metalliaita, 5 x 10 cm tihe\u00e4verkko, ruostumatonta galvanoitua ter\u00e4st\u00e4, 100 x 80 x 30 cm, puutarhakoriste, kasvisein\u00e4, hopea GGB183<\/p>\n","protected":false},"featured_media":39817,"comment_status":"open","ping_status":"closed","template":"","meta":[],"product_brand":[],"product_cat":[32],"product_tag":[],"class_list":{"0":"post-30583","1":"product","2":"type-product","3":"status-publish","4":"has-post-thumbnail","6":"product_cat-uncategorized-fi","8":"first","9":"instock","10":"shipping-taxable","11":"purchasable","12":"product-type-simple"},"_links":{"self":[{"href":"https:\/\/nordicmart.andreevmaster.com\/fi\/wp-json\/wp\/v2\/product\/30583","targetHints":{"allow":["GET"]}}],"collection":[{"href":"https:\/\/nordicmart.andreevmaster.com\/fi\/wp-json\/wp\/v2\/product"}],"about":[{"href":"https:\/\/nordicmart.andreevmaster.com\/fi\/wp-json\/wp\/v2\/types\/product"}],"replies":[{"embeddable":true,"href":"https:\/\/nordicmart.andreevmaster.com\/fi\/wp-json\/wp\/v2\/comments?post=30583"}],"wp:featuredmedia":[{"embeddable":true,"href":"https:\/\/nordicmart.andreevmaster.com\/fi\/wp-json\/wp\/v2\/media\/39817"}],"wp:attachment":[{"href":"https:\/\/nordicmart.andreevmaster.com\/fi\/wp-json\/wp\/v2\/media?parent=30583"}],"wp:term":[{"taxonomy":"product_brand","embeddable":true,"href":"https:\/\/nordicmart.andreevmaster.com\/fi\/wp-json\/wp\/v2\/product_brand?post=30583"},{"taxonomy":"product_cat","embeddable":true,"href":"https:\/\/nordicmart.andreevmaster.com\/fi\/wp-json\/wp\/v2\/product_cat?post=30583"},{"taxonomy":"product_tag","embeddable":true,"href":"https:\/\/nordicmart.andreevmaster.com\/fi\/wp-json\/wp\/v2\/product_tag?post=30583"}],"curies":[{"name":"wp","href":"https:\/\/api.w.org\/{rel}","templated":true}]}}