{"id":30581,"date":"2026-02-27T00:10:31","date_gmt":"2026-02-27T00:10:31","guid":{"rendered":"https:\/\/nordicmart.andreevmaster.com\/product\/songmics-kivi-gabionit-etanan-muodossa\/"},"modified":"2026-02-27T09:34:02","modified_gmt":"2026-02-27T09:34:02","slug":"songmics-kivi-gabionit-etanan-muodossa","status":"publish","type":"product","link":"https:\/\/nordicmart.andreevmaster.com\/fi\/tuote\/songmics-kivi-gabionit-etanan-muodossa\/","title":{"rendered":"SONGMICS kivi-gabionit etanan muodossa"},"content":{"rendered":"<p>Koristele puutarhasi t\u00e4ll\u00e4 110 x 110 x 60 cm kokoisella kivigabionilla ja luo rentouttava oaasi, joka heijastaa persoonallisuuttasi. S\u00e4\u00e4st\u00e4 aikaa ja rahaa Kun olet p\u00e4\u00e4tt\u00e4nyt, mihin haluat sijoittaa gabionin, voit koota sen enn\u00e4tysajassa. T\u00e4yt\u00e4 metalliverkko kivill\u00e4 ja kiinnit\u00e4 v\u00e4likoukut ennen kuin suljet gabionin. J\u00e4ljittelem\u00e4ll\u00e4 sementin ja tiilien periaatetta luot aikaa s\u00e4\u00e4st\u00e4v\u00e4n ja edullisemman vaihtoehdon, joka my\u00f6s n\u00e4ytt\u00e4\u00e4 paremmalta. Laatu luoville T\u00e4m\u00e4 kest\u00e4v\u00e4 kivigabioni galvanoidusta ter\u00e4ksest\u00e4 sopii t\u00e4ydellisesti puutarhasi unelmien toteuttamiseen: luo esimerkiksi kukkapenkki ja tuo v\u00e4ri\u00e4 puutarhaan v\u00e4rikk\u00e4ill\u00e4 orvokkeilla ja kanervalla. Aika saada puutarhasi kukkimaan!Tuotetiedot: &#8211; V\u00e4ri: metalliv\u00e4rit &#8211; Materiaali: 40-60 g\/m\u00b2 galvanoitu ter\u00e4s &#8211; Tuotteen koko: 110 x 110 x 60 cm (P x L x K) &#8211; Yksitt\u00e4isten silmukoiden koko: 2,5 x 10 cm &#8211; Metallilangan halkaisija: 3,5 mm &#8211; Koukkujen pituus: 10 cm &#8211; Paino: 12,5 kgToimitus sis\u00e4lt\u00e4\u00e4:- 16 x metalliverkko- 12 x spiraali- 15 x et\u00e4isyyskoukku- 1 x ohjeet (DE, EN, FR, ES, IT)SONGMICS-ohjeet:- Pid\u00e4 lapset poissa ty\u00f6skentelyalueelta gabionin asennuksen aikana onnettomuuksien v\u00e4ltt\u00e4miseksi.- K\u00e4yt\u00e4 suojak\u00e4sineit\u00e4 koko asennuksen ajan.- Valitse gabionin sijoituspaikka ennen asennusta. \u00c4l\u00e4 siirr\u00e4 tuotetta sen j\u00e4lkeen, kun se on asennettu.<\/p>\n","protected":false},"excerpt":{"rendered":"<p>SONGMICS Kivigabioni, etananmuotoinen, metalligabioni, 2,5 x 10 cm silm\u00e4koko, kivikori, ruostumattomasta ja galvanoidusta ter\u00e4ksest\u00e4 valmistettu lankaverkko, 110 x 110 x 60 cm, puutarhakoriste, kukkapenkki GGB562<\/p>\n","protected":false},"featured_media":39816,"comment_status":"open","ping_status":"closed","template":"","meta":[],"product_brand":[],"product_cat":[32],"product_tag":[],"class_list":{"0":"post-30581","1":"product","2":"type-product","3":"status-publish","4":"has-post-thumbnail","6":"product_cat-uncategorized-fi","8":"first","9":"instock","10":"shipping-taxable","11":"purchasable","12":"product-type-simple"},"_links":{"self":[{"href":"https:\/\/nordicmart.andreevmaster.com\/fi\/wp-json\/wp\/v2\/product\/30581","targetHints":{"allow":["GET"]}}],"collection":[{"href":"https:\/\/nordicmart.andreevmaster.com\/fi\/wp-json\/wp\/v2\/product"}],"about":[{"href":"https:\/\/nordicmart.andreevmaster.com\/fi\/wp-json\/wp\/v2\/types\/product"}],"replies":[{"embeddable":true,"href":"https:\/\/nordicmart.andreevmaster.com\/fi\/wp-json\/wp\/v2\/comments?post=30581"}],"wp:featuredmedia":[{"embeddable":true,"href":"https:\/\/nordicmart.andreevmaster.com\/fi\/wp-json\/wp\/v2\/media\/39816"}],"wp:attachment":[{"href":"https:\/\/nordicmart.andreevmaster.com\/fi\/wp-json\/wp\/v2\/media?parent=30581"}],"wp:term":[{"taxonomy":"product_brand","embeddable":true,"href":"https:\/\/nordicmart.andreevmaster.com\/fi\/wp-json\/wp\/v2\/product_brand?post=30581"},{"taxonomy":"product_cat","embeddable":true,"href":"https:\/\/nordicmart.andreevmaster.com\/fi\/wp-json\/wp\/v2\/product_cat?post=30581"},{"taxonomy":"product_tag","embeddable":true,"href":"https:\/\/nordicmart.andreevmaster.com\/fi\/wp-json\/wp\/v2\/product_tag?post=30581"}],"curies":[{"name":"wp","href":"https:\/\/api.w.org\/{rel}","templated":true}]}}