{"id":30570,"date":"2026-02-27T00:10:29","date_gmt":"2026-02-27T00:10:29","guid":{"rendered":"https:\/\/nordicmart.andreevmaster.com\/product\/songmics-gabion-o-90-cm-korkeus-40-cm\/"},"modified":"2026-02-27T09:34:00","modified_gmt":"2026-02-27T09:34:00","slug":"songmics-gabion-o-90-cm-korkeus-40-cm","status":"publish","type":"product","link":"https:\/\/nordicmart.andreevmaster.com\/fi\/tuote\/songmics-gabion-o-90-cm-korkeus-40-cm\/","title":{"rendered":"SONGMICS Gabion  \u00d8 90 cm, korkeus 40 cm"},"content":{"rendered":"<p>Unelmasi maagisesta puutarhasta toteutuu! SONGMICS:n metalliaidan avulla voit luoda n\u00e4ytt\u00e4m\u00f6n kukkien esitykselle. Ensimm\u00e4inen askel T\u00e4m\u00e4n kivigabionin kehyksen pystytt\u00e4minen on ensimm\u00e4inen askel uuden keitaasi luomisessa. Py\u00f6re\u00e4t metalliverkkojen osat liitet\u00e4\u00e4n toisiinsa spiraalikoukuilla. T\u00e4yt\u00e4 sitten kahden ympyr\u00e4n v\u00e4linen tila kivill\u00e4 ja vakauta rakenne mukana toimitetuilla v\u00e4likappaleilla. Valmista!  Kun uusi koristegabionisi on nyt valmis puutarhassasi, sinun tarvitsee vain antaa mielikuvituksesi lent\u00e4\u00e4! Voit esimerkiksi ripotella pienemp\u00e4\u00e4n ympyr\u00e4\u00e4n kasvimaata ja istuttaa sinne suosikkikasvisi. Jos sinulla on k\u00e4ytett\u00e4viss\u00e4si oikeat materiaalit, voit jopa rakentaa sinne pienen kalalammen.  T\u00e4ydenn\u00e4 puutarhasi koristelu t\u00e4ll\u00e4 kivigabionilla! Tuotetiedot: &#8211; V\u00e4ri: hopea &#8211; Materiaali: galvanoitu ter\u00e4s &#8211; Ulkokeh\u00e4n koko: 90 x 40 cm (\u00d8 x H) &#8211; Sis\u00e4keh\u00e4n koko: 70 x 40 cm (\u00d8 x H) &#8211; Silm\u00e4koko: 2,5 x 10 cm &#8211; Langan halkaisija: 2,5 mm &#8211; V\u00e4likappaleen pituus: 10 cm &#8211; Kierrekoukun halkaisija: 1,5 cm &#8211; Paino: 5 kg &#8211; Pakkauksen koko: 110 x 42 x 3 cmToimitus sis\u00e4lt\u00e4\u00e4:- 6 x metalliverkko- 12 x kierrekoukku- 8 x v\u00e4likappale- 1 x ohjeet (DE, EN, FR, IT, ES)SONGMICS-ohjeet:- Pid\u00e4 lapset poissa t\u00e4m\u00e4n tuotteen asennuksen ja k\u00e4yt\u00f6n aikana. &#8211; K\u00e4yt\u00e4 asennuksen aikana suojak\u00e4sineit\u00e4 loukkaantumisten v\u00e4ltt\u00e4miseksi. &#8211; Asenna gabioni tasaiselle alustalle sen vakauden ja turvallisuuden varmistamiseksi. &#8211; Kivet, multa, kasvit ja muut t\u00e4yteaineet eiv\u00e4t sis\u00e4lly toimitukseen, vaan ne on ostettava erikseen.<\/p>\n","protected":false},"excerpt":{"rendered":"<p>SONGMICS Gabione, py\u00f6re\u00e4 koristegabione, kivigabione metallista, kivikori, 2,5 x 10 cm tihe\u00e4 silm\u00e4koko, galvanoidusta ter\u00e4ksest\u00e4 valmistettu lankaverkko, ruostumaton, 90 x 40 cm (\u00d8 x H), 10 cm v\u00e4li, puutarhakoriste GGB479<\/p>\n","protected":false},"featured_media":39810,"comment_status":"open","ping_status":"closed","template":"","meta":[],"product_brand":[],"product_cat":[32],"product_tag":[],"class_list":{"0":"post-30570","1":"product","2":"type-product","3":"status-publish","4":"has-post-thumbnail","6":"product_cat-uncategorized-fi","8":"first","9":"instock","10":"shipping-taxable","11":"purchasable","12":"product-type-simple"},"_links":{"self":[{"href":"https:\/\/nordicmart.andreevmaster.com\/fi\/wp-json\/wp\/v2\/product\/30570","targetHints":{"allow":["GET"]}}],"collection":[{"href":"https:\/\/nordicmart.andreevmaster.com\/fi\/wp-json\/wp\/v2\/product"}],"about":[{"href":"https:\/\/nordicmart.andreevmaster.com\/fi\/wp-json\/wp\/v2\/types\/product"}],"replies":[{"embeddable":true,"href":"https:\/\/nordicmart.andreevmaster.com\/fi\/wp-json\/wp\/v2\/comments?post=30570"}],"wp:featuredmedia":[{"embeddable":true,"href":"https:\/\/nordicmart.andreevmaster.com\/fi\/wp-json\/wp\/v2\/media\/39810"}],"wp:attachment":[{"href":"https:\/\/nordicmart.andreevmaster.com\/fi\/wp-json\/wp\/v2\/media?parent=30570"}],"wp:term":[{"taxonomy":"product_brand","embeddable":true,"href":"https:\/\/nordicmart.andreevmaster.com\/fi\/wp-json\/wp\/v2\/product_brand?post=30570"},{"taxonomy":"product_cat","embeddable":true,"href":"https:\/\/nordicmart.andreevmaster.com\/fi\/wp-json\/wp\/v2\/product_cat?post=30570"},{"taxonomy":"product_tag","embeddable":true,"href":"https:\/\/nordicmart.andreevmaster.com\/fi\/wp-json\/wp\/v2\/product_tag?post=30570"}],"curies":[{"name":"wp","href":"https:\/\/api.w.org\/{rel}","templated":true}]}}