{"id":30542,"date":"2026-02-27T00:10:23","date_gmt":"2026-02-27T00:10:23","guid":{"rendered":"https:\/\/nordicmart.andreevmaster.com\/product\/songmics-kivigabioni-metalliverkosta\/"},"modified":"2026-02-27T09:33:56","modified_gmt":"2026-02-27T09:33:56","slug":"songmics-kivigabioni-metalliverkosta","status":"publish","type":"product","link":"https:\/\/nordicmart.andreevmaster.com\/fi\/tuote\/songmics-kivigabioni-metalliverkosta\/","title":{"rendered":"SONGMICS kivigabioni metalliverkosta"},"content":{"rendered":"<p>Gabionit ovat eri kivill\u00e4 t\u00e4ytettyj\u00e4 metalliverkkokoreja, joita voidaan k\u00e4ytt\u00e4\u00e4 tarpeen mukaan monenlaisissa sovelluksissa. Songmicsin gabionit on valmistettu ruostumattomasta ja s\u00e4\u00e4nkest\u00e4v\u00e4st\u00e4 galvanoidusta ter\u00e4ksest\u00e4, joten ne ovat eritt\u00e4in vakaita ja kest\u00e4vi\u00e4. Ne tarjoavat uskomattoman monia muotoilu- ja yhdistelm\u00e4mahdollisuuksia.  Silm\u00e4koko on 10 x 5 cm, joten on suositeltavaa t\u00e4ytt\u00e4\u00e4 gabioni \u2205 6-10 cm:n kivill\u00e4. Kivien m\u00e4\u00e4r\u00e4 lasketaan gabionin tilavuuden perusteella: Esim. halkaisijaltaan 6 cm:n kivet: GGB183 (0,24 m\u00b3) sis\u00e4lt\u00e4\u00e4 noin 1000 kappaletta halkaisijaltaan 10 cm:n kivet: GGB183 (0,24 m\u00b3) sis\u00e4lt\u00e4\u00e4 noin 200 kappaletta Yll\u00e4 olevat tiedot ovat vain viitteellisi\u00e4. Turvallisuusohjeet:  &#8211; Asennuksen tai k\u00e4yt\u00f6n aikana pid\u00e4 lapset poissa tuotteesta mahdollisten vaarojen v\u00e4ltt\u00e4miseksi.  &#8211; Asennuksen aikana on k\u00e4ytett\u00e4v\u00e4 k\u00e4sineit\u00e4, jotta et loukkaa itse\u00e4si.  Tuotetiedot: &#8211; Ulkomitat: 100 x 80 x 30 cm &#8211; Silm\u00e4koko: 10 x 5 cm &#8211; Langan paksuus: 4 mm &#8211; Metalli: galvanoidusta ter\u00e4ksest\u00e4 valmistetut h\u00e4kit (eritt\u00e4in korroosionkest\u00e4v\u00e4t) &#8211; V\u00e4ri: harmaa\/hopea Toimitus sis\u00e4lt\u00e4\u00e4: &#8211; 6 x metalliverkko &#8211; 12 x kierreside &#8211; 1 x ohjeet &#8211; 9 x v\u00e4likappale<\/p>\n","protected":false},"excerpt":{"rendered":"<p>SONGMICS Gabionit, kivikori, metalliaita, 5 x 10 cm tihe\u00e4verkko, ruostumatonta galvanoitua ter\u00e4st\u00e4, 100 x 80 x 30 cm, puutarhakoriste, kasvisein\u00e4, hopea GGB183<\/p>\n","protected":false},"featured_media":39795,"comment_status":"open","ping_status":"closed","template":"","meta":[],"product_brand":[],"product_cat":[32],"product_tag":[],"class_list":{"0":"post-30542","1":"product","2":"type-product","3":"status-publish","4":"has-post-thumbnail","6":"product_cat-uncategorized-fi","8":"first","9":"instock","10":"shipping-taxable","11":"purchasable","12":"product-type-simple"},"_links":{"self":[{"href":"https:\/\/nordicmart.andreevmaster.com\/fi\/wp-json\/wp\/v2\/product\/30542","targetHints":{"allow":["GET"]}}],"collection":[{"href":"https:\/\/nordicmart.andreevmaster.com\/fi\/wp-json\/wp\/v2\/product"}],"about":[{"href":"https:\/\/nordicmart.andreevmaster.com\/fi\/wp-json\/wp\/v2\/types\/product"}],"replies":[{"embeddable":true,"href":"https:\/\/nordicmart.andreevmaster.com\/fi\/wp-json\/wp\/v2\/comments?post=30542"}],"wp:featuredmedia":[{"embeddable":true,"href":"https:\/\/nordicmart.andreevmaster.com\/fi\/wp-json\/wp\/v2\/media\/39795"}],"wp:attachment":[{"href":"https:\/\/nordicmart.andreevmaster.com\/fi\/wp-json\/wp\/v2\/media?parent=30542"}],"wp:term":[{"taxonomy":"product_brand","embeddable":true,"href":"https:\/\/nordicmart.andreevmaster.com\/fi\/wp-json\/wp\/v2\/product_brand?post=30542"},{"taxonomy":"product_cat","embeddable":true,"href":"https:\/\/nordicmart.andreevmaster.com\/fi\/wp-json\/wp\/v2\/product_cat?post=30542"},{"taxonomy":"product_tag","embeddable":true,"href":"https:\/\/nordicmart.andreevmaster.com\/fi\/wp-json\/wp\/v2\/product_tag?post=30542"}],"curies":[{"name":"wp","href":"https:\/\/api.w.org\/{rel}","templated":true}]}}