{"id":30539,"date":"2026-02-27T00:10:23","date_gmt":"2026-02-27T00:10:23","guid":{"rendered":"https:\/\/nordicmart.andreevmaster.com\/product\/songmics-gabionit-hopeanvariset\/"},"modified":"2026-02-27T09:33:55","modified_gmt":"2026-02-27T09:33:55","slug":"songmics-gabionit-hopeanvariset","status":"publish","type":"product","link":"https:\/\/nordicmart.andreevmaster.com\/fi\/tuote\/songmics-gabionit-hopeanvariset\/","title":{"rendered":"SONGMICS Gabionit hopeanv\u00e4riset"},"content":{"rendered":"<p>Kest\u00e4v\u00e4 kaunis ulkon\u00e4k\u00f6 Vuodenajat vaihtuvat, mutta puutarhasi kauneus ei katoa t\u00e4m\u00e4n gabionin ansiosta. Haluatpa rakentaa kivimuurin tai pylv\u00e4\u00e4n kasveillesi, t\u00e4m\u00e4 gabionikori kaunistaa puutarhaasi kaikkina vuodenaikoina ja tuo siihen ainutlaatuisen korostuksen. Asenna ja aloita! Kun olet p\u00e4\u00e4tt\u00e4nyt, mihin gabioni sijoitetaan, asenna se helposti. Gabionin kokoamiseen ei tarvita ty\u00f6kaluja, sill\u00e4 mukana toimitetaan kierteet ja v\u00e4likoukut. Tee v\u00e4hint\u00e4\u00e4n 15 cm syv\u00e4 betoniperusta, jotta gabioni pysyy tukevasti paikallaan. T\u00e4yt\u00e4 sitten gabioni kivill\u00e4 tai kallioilla. Tuotetiedot: &#8211; V\u00e4ri: hopea &#8211; Materiaali: galvanoitu ter\u00e4s  &#8211; Koko: 30 x 30 x 145 cm (P x L x K) &#8211; Yksitt\u00e4isten silmukoiden koko: 5 x 10 cm &#8211; Metallilangan halkaisija: 4 mm  &#8211; Kierrosluku per spiraali: 5 cm &#8211; Paino: 8 kgToimitus sis\u00e4lt\u00e4\u00e4:- 6 x metalliverkko &#8211; 12 x spiraali &#8211; 5 x et\u00e4isyyskoukku &#8211; 1 x ohjeet (DE, EN, FR, ES, IT) SONGMICS-ohjeet: &#8211; Pid\u00e4 lapset poissa ty\u00f6skentelyalueelta gabionin kokoamisen aikana onnettomuuksien v\u00e4ltt\u00e4miseksi. &#8211; K\u00e4yt\u00e4 suojak\u00e4sineit\u00e4 koko asennuksen ajan.- Gabionin betoniperusta on rakennettava 15 cm syvyyteen maahan ennen kivien t\u00e4ytt\u00e4mist\u00e4. &#8211; Kivet, maa, kasvit ja muut t\u00e4yteaineet eiv\u00e4t sis\u00e4lly toimitukseen, vaan ne on hankittava erikseen.<\/p>\n","protected":false},"excerpt":{"rendered":"<p>SONGMICS Gabionit, kivikori, lankaverkko, 5 x 10 cm tihe\u00e4verkko, ruostumatonta galvanoitua ter\u00e4st\u00e4, puutarhakoriste, kasvisein\u00e4, hopea GGB145E01<\/p>\n","protected":false},"featured_media":39792,"comment_status":"open","ping_status":"closed","template":"","meta":[],"product_brand":[],"product_cat":[32],"product_tag":[],"class_list":{"0":"post-30539","1":"product","2":"type-product","3":"status-publish","4":"has-post-thumbnail","6":"product_cat-uncategorized-fi","8":"first","9":"instock","10":"shipping-taxable","11":"purchasable","12":"product-type-simple"},"_links":{"self":[{"href":"https:\/\/nordicmart.andreevmaster.com\/fi\/wp-json\/wp\/v2\/product\/30539","targetHints":{"allow":["GET"]}}],"collection":[{"href":"https:\/\/nordicmart.andreevmaster.com\/fi\/wp-json\/wp\/v2\/product"}],"about":[{"href":"https:\/\/nordicmart.andreevmaster.com\/fi\/wp-json\/wp\/v2\/types\/product"}],"replies":[{"embeddable":true,"href":"https:\/\/nordicmart.andreevmaster.com\/fi\/wp-json\/wp\/v2\/comments?post=30539"}],"wp:featuredmedia":[{"embeddable":true,"href":"https:\/\/nordicmart.andreevmaster.com\/fi\/wp-json\/wp\/v2\/media\/39792"}],"wp:attachment":[{"href":"https:\/\/nordicmart.andreevmaster.com\/fi\/wp-json\/wp\/v2\/media?parent=30539"}],"wp:term":[{"taxonomy":"product_brand","embeddable":true,"href":"https:\/\/nordicmart.andreevmaster.com\/fi\/wp-json\/wp\/v2\/product_brand?post=30539"},{"taxonomy":"product_cat","embeddable":true,"href":"https:\/\/nordicmart.andreevmaster.com\/fi\/wp-json\/wp\/v2\/product_cat?post=30539"},{"taxonomy":"product_tag","embeddable":true,"href":"https:\/\/nordicmart.andreevmaster.com\/fi\/wp-json\/wp\/v2\/product_tag?post=30539"}],"curies":[{"name":"wp","href":"https:\/\/api.w.org\/{rel}","templated":true}]}}