{"id":30538,"date":"2026-02-27T00:10:22","date_gmt":"2026-02-27T00:10:22","guid":{"rendered":"https:\/\/nordicmart.andreevmaster.com\/product\/songmics-gabione-100-x-30-x-30-cm\/"},"modified":"2026-02-27T09:33:55","modified_gmt":"2026-02-27T09:33:55","slug":"songmics-gabione-100-x-30-x-30-cm","status":"publish","type":"product","link":"https:\/\/nordicmart.andreevmaster.com\/fi\/tuote\/songmics-gabione-100-x-30-x-30-cm\/","title":{"rendered":"SONGMICS Gabione 100 x 30 x 30 cm"},"content":{"rendered":"<p>Huomautukset: Yll\u00e4 olevat kuvat ovat vain esimerkkej\u00e4. Gabioniin t\u00e4ytett\u00e4v\u00e4t kivet eiv\u00e4t sis\u00e4lly toimitukseen. Silm\u00e4koko on 10 x 5 cm. Suosittelemme t\u00e4ytt\u00e4m\u00e4\u00e4n gabionin halkaisijaltaan 6\u201310 cm:n kivill\u00e4. Turvallisuusohjeet: Asennuksen tai k\u00e4yt\u00f6n aikana pid\u00e4 lapset poissa tuotteesta mahdollisten vaarojen v\u00e4ltt\u00e4miseksi. Asennuksessa on k\u00e4ytett\u00e4v\u00e4 k\u00e4sineit\u00e4, jotta et vahingoita itse\u00e4si.Tuotetiedot: Mitat: 100 x 30 x 30 cm Silm\u00e4koko: 10 x 5 cm Langan paksuus: 4 mm Metalli: galvanoidusta ter\u00e4ksest\u00e4 valmistetut h\u00e4kit (eritt\u00e4in korroosionkest\u00e4v\u00e4t) V\u00e4ri: harmaa\/hopea Toimitus sis\u00e4lt\u00e4\u00e4: 6 x metalliverkko 12 x kierreside 1 x ohjeet 4 x v\u00e4likappale<\/p>\n","protected":false},"excerpt":{"rendered":"<p>SONGMICS Gabione 100 x 30 x 30 cm tukimuurille, puutarha-aita, gabionisein\u00e4, muuripylv\u00e4s, galvanoitu GGB133<\/p>\n","protected":false},"featured_media":39791,"comment_status":"open","ping_status":"closed","template":"","meta":[],"product_brand":[],"product_cat":[32],"product_tag":[],"class_list":{"0":"post-30538","1":"product","2":"type-product","3":"status-publish","4":"has-post-thumbnail","6":"product_cat-uncategorized-fi","8":"first","9":"instock","10":"shipping-taxable","11":"purchasable","12":"product-type-simple"},"_links":{"self":[{"href":"https:\/\/nordicmart.andreevmaster.com\/fi\/wp-json\/wp\/v2\/product\/30538","targetHints":{"allow":["GET"]}}],"collection":[{"href":"https:\/\/nordicmart.andreevmaster.com\/fi\/wp-json\/wp\/v2\/product"}],"about":[{"href":"https:\/\/nordicmart.andreevmaster.com\/fi\/wp-json\/wp\/v2\/types\/product"}],"replies":[{"embeddable":true,"href":"https:\/\/nordicmart.andreevmaster.com\/fi\/wp-json\/wp\/v2\/comments?post=30538"}],"wp:featuredmedia":[{"embeddable":true,"href":"https:\/\/nordicmart.andreevmaster.com\/fi\/wp-json\/wp\/v2\/media\/39791"}],"wp:attachment":[{"href":"https:\/\/nordicmart.andreevmaster.com\/fi\/wp-json\/wp\/v2\/media?parent=30538"}],"wp:term":[{"taxonomy":"product_brand","embeddable":true,"href":"https:\/\/nordicmart.andreevmaster.com\/fi\/wp-json\/wp\/v2\/product_brand?post=30538"},{"taxonomy":"product_cat","embeddable":true,"href":"https:\/\/nordicmart.andreevmaster.com\/fi\/wp-json\/wp\/v2\/product_cat?post=30538"},{"taxonomy":"product_tag","embeddable":true,"href":"https:\/\/nordicmart.andreevmaster.com\/fi\/wp-json\/wp\/v2\/product_tag?post=30538"}],"curies":[{"name":"wp","href":"https:\/\/api.w.org\/{rel}","templated":true}]}}