{"id":30526,"date":"2026-02-27T00:10:20","date_gmt":"2026-02-27T00:10:20","guid":{"rendered":"https:\/\/nordicmart.andreevmaster.com\/product\/songmics-taitettava-kasikarry-kantavuus-150-kg-musta\/"},"modified":"2026-02-27T09:33:53","modified_gmt":"2026-02-27T09:33:53","slug":"songmics-taitettava-kasikarry-kantavuus-150-kg-musta","status":"publish","type":"product","link":"https:\/\/nordicmart.andreevmaster.com\/fi\/tuote\/songmics-taitettava-kasikarry-kantavuus-150-kg-musta\/","title":{"rendered":"SONGMICS taitettava k\u00e4sik\u00e4rry, kantavuus 150 kg, musta"},"content":{"rendered":"<p>SONGMICS taitettava k\u00e4sik\u00e4rry, puutarhak\u00e4rry, kompakti, kahvalla, 4 vahvistetulla py\u00f6r\u00e4ll\u00e4, joista 2 on yleispy\u00f6ri\u00e4, kantavuus 150 kg, ulkok\u00e4ytt\u00f6\u00f6n, puutarhaan, musta GFW909B01<br \/>\nV\u00e4ri: musta<br \/>\nMateriaali: ter\u00e4s, 600D Oxford-kangas<br \/>\nKoko: 42 x 67 x 90,5 cm (S x L x K)<br \/>\nTilavuus: 90 litraa<br \/>\nKoko taitettuna: 42 x 21 x 68 cm (S x L x K)<br \/>\nPaino: 5 kg<br \/>\nMaks. staattinen kantavuus: 150 kg<\/p>\n","protected":false},"excerpt":{"rendered":"<p>SONGMICS taitettava k\u00e4sik\u00e4rry, puutarhak\u00e4rry, kompakti, kahvalla, 4 vahvistetulla py\u00f6r\u00e4ll\u00e4, joista 2 on yleispy\u00f6ri\u00e4, kantavuus 150 kg, ulkok\u00e4ytt\u00f6\u00f6n, puutarhaan, musta GFW909B01<\/p>\n","protected":false},"featured_media":39784,"comment_status":"open","ping_status":"closed","template":"","meta":[],"product_brand":[],"product_cat":[32],"product_tag":[],"class_list":{"0":"post-30526","1":"product","2":"type-product","3":"status-publish","4":"has-post-thumbnail","6":"product_cat-uncategorized-fi","8":"first","9":"instock","10":"shipping-taxable","11":"purchasable","12":"product-type-simple"},"_links":{"self":[{"href":"https:\/\/nordicmart.andreevmaster.com\/fi\/wp-json\/wp\/v2\/product\/30526","targetHints":{"allow":["GET"]}}],"collection":[{"href":"https:\/\/nordicmart.andreevmaster.com\/fi\/wp-json\/wp\/v2\/product"}],"about":[{"href":"https:\/\/nordicmart.andreevmaster.com\/fi\/wp-json\/wp\/v2\/types\/product"}],"replies":[{"embeddable":true,"href":"https:\/\/nordicmart.andreevmaster.com\/fi\/wp-json\/wp\/v2\/comments?post=30526"}],"wp:featuredmedia":[{"embeddable":true,"href":"https:\/\/nordicmart.andreevmaster.com\/fi\/wp-json\/wp\/v2\/media\/39784"}],"wp:attachment":[{"href":"https:\/\/nordicmart.andreevmaster.com\/fi\/wp-json\/wp\/v2\/media?parent=30526"}],"wp:term":[{"taxonomy":"product_brand","embeddable":true,"href":"https:\/\/nordicmart.andreevmaster.com\/fi\/wp-json\/wp\/v2\/product_brand?post=30526"},{"taxonomy":"product_cat","embeddable":true,"href":"https:\/\/nordicmart.andreevmaster.com\/fi\/wp-json\/wp\/v2\/product_cat?post=30526"},{"taxonomy":"product_tag","embeddable":true,"href":"https:\/\/nordicmart.andreevmaster.com\/fi\/wp-json\/wp\/v2\/product_tag?post=30526"}],"curies":[{"name":"wp","href":"https:\/\/api.w.org\/{rel}","templated":true}]}}