{"id":30525,"date":"2026-02-27T00:10:20","date_gmt":"2026-02-27T00:10:20","guid":{"rendered":"https:\/\/nordicmart.andreevmaster.com\/product\/songmics-taitettava-kasikarry-kahvalla-ja-4-irrotettavalla-rullalla-liuskekiviharmaa\/"},"modified":"2026-02-27T09:33:53","modified_gmt":"2026-02-27T09:33:53","slug":"songmics-taitettava-kasikarry-kahvalla-ja-4-irrotettavalla-rullalla-liuskekiviharmaa","status":"publish","type":"product","link":"https:\/\/nordicmart.andreevmaster.com\/fi\/tuote\/songmics-taitettava-kasikarry-kahvalla-ja-4-irrotettavalla-rullalla-liuskekiviharmaa\/","title":{"rendered":"SONGMICS Taitettava k\u00e4sik\u00e4rry kahvalla ja 4 irrotettavalla rullalla, liuskekiviharmaa"},"content":{"rendered":"<p>SONGMICS taitettava k\u00e4sik\u00e4rry, 150 l, kantavuus 150 kg, puutarhak\u00e4rry, retkik\u00e4rry kahvalla, 4 irrotettavaa py\u00f6r\u00e4\u00e4, tilaa s\u00e4\u00e4st\u00e4v\u00e4, ulkok\u00e4ytt\u00f6\u00f6n, puutarhaan, musta GFW115B01<br \/>\nV\u00e4ri: liuskekivi<br \/>\nMateriaali: ter\u00e4s, muovi, 600D Oxford-kangas<br \/>\nKoko: 49,4 x 80,8 x 93,5 cm (S x L x K)<br \/>\nTilavuus: 150 litraa<br \/>\nKokoontaitettuna: 24,5 x 20 x 62 cm (S x L x K)<br \/>\nPaino: 8,2 kg<br \/>\nMaks. staattinen kantavuus: 150 kg<\/p>\n","protected":false},"excerpt":{"rendered":"<p>SONGMICS taitettava k\u00e4sik\u00e4rry, 150 l, kantavuus 150 kg, puutarhak\u00e4rry, retkik\u00e4rry kahvalla, 4 irrotettavaa py\u00f6r\u00e4\u00e4, tilaa s\u00e4\u00e4st\u00e4v\u00e4, ulkok\u00e4ytt\u00f6\u00f6n, puutarhaan, musta GFW115B01<\/p>\n","protected":false},"featured_media":39783,"comment_status":"open","ping_status":"closed","template":"","meta":[],"product_brand":[],"product_cat":[32],"product_tag":[],"class_list":{"0":"post-30525","1":"product","2":"type-product","3":"status-publish","4":"has-post-thumbnail","6":"product_cat-uncategorized-fi","8":"first","9":"instock","10":"shipping-taxable","11":"purchasable","12":"product-type-simple"},"_links":{"self":[{"href":"https:\/\/nordicmart.andreevmaster.com\/fi\/wp-json\/wp\/v2\/product\/30525","targetHints":{"allow":["GET"]}}],"collection":[{"href":"https:\/\/nordicmart.andreevmaster.com\/fi\/wp-json\/wp\/v2\/product"}],"about":[{"href":"https:\/\/nordicmart.andreevmaster.com\/fi\/wp-json\/wp\/v2\/types\/product"}],"replies":[{"embeddable":true,"href":"https:\/\/nordicmart.andreevmaster.com\/fi\/wp-json\/wp\/v2\/comments?post=30525"}],"wp:featuredmedia":[{"embeddable":true,"href":"https:\/\/nordicmart.andreevmaster.com\/fi\/wp-json\/wp\/v2\/media\/39783"}],"wp:attachment":[{"href":"https:\/\/nordicmart.andreevmaster.com\/fi\/wp-json\/wp\/v2\/media?parent=30525"}],"wp:term":[{"taxonomy":"product_brand","embeddable":true,"href":"https:\/\/nordicmart.andreevmaster.com\/fi\/wp-json\/wp\/v2\/product_brand?post=30525"},{"taxonomy":"product_cat","embeddable":true,"href":"https:\/\/nordicmart.andreevmaster.com\/fi\/wp-json\/wp\/v2\/product_cat?post=30525"},{"taxonomy":"product_tag","embeddable":true,"href":"https:\/\/nordicmart.andreevmaster.com\/fi\/wp-json\/wp\/v2\/product_tag?post=30525"}],"curies":[{"name":"wp","href":"https:\/\/api.w.org\/{rel}","templated":true}]}}