{"id":30523,"date":"2026-02-27T00:10:20","date_gmt":"2026-02-27T00:10:20","guid":{"rendered":"https:\/\/nordicmart.andreevmaster.com\/product\/songmics-4-tasoinen-kylpyhuonehylly\/"},"modified":"2026-02-27T09:33:53","modified_gmt":"2026-02-27T09:33:53","slug":"songmics-4-tasoinen-kylpyhuonehylly","status":"publish","type":"product","link":"https:\/\/nordicmart.andreevmaster.com\/fi\/tuote\/songmics-4-tasoinen-kylpyhuonehylly\/","title":{"rendered":"SONGMICS 4-tasoinen kylpyhuonehylly"},"content":{"rendered":"<p>Songmics-puutarhahylly 4 hyllyll\u00e4 on valmistettu jauhemaalatusta raudasta, ja se sopii sek\u00e4 sis\u00e4- ett\u00e4 ulkok\u00e4ytt\u00f6\u00f6n hyv\u00e4n ruostumattomuutensa ansiosta. Kevyest\u00e4 rakenteestaan ja helposta kokoonpanostaan huolimatta se on eritt\u00e4in vakaa ja tukeva. Tyylikk\u00e4\u00e4n mustan v\u00e4rins\u00e4 ansiosta se on helppo yhdist\u00e4\u00e4 muihin huonekaluihin ja sopii l\u00e4hes mihin tahansa ymp\u00e4rist\u00f6\u00f6n. Kasvien ja kukkien s\u00e4ilytyspaikkana asunnossa, puutarhassa, terassilla, parvekkeella jne. K\u00e4sity\u00f6n\u00e4 valmistettu rautahylly luo vieh\u00e4tt\u00e4v\u00e4n tunnelman kotiisi sen kietoutuvilla koristeilla. Tuotetiedot: &#8211; Mitat: 57 x 91,5 x 30 cm (L x K x S) &#8211; Hyllyjen v\u00e4linen korkeus: 20 cm &#8211; Materiaali: rauta &#8211; V\u00e4ri: musta Toimitus sis\u00e4lt\u00e4\u00e4: &#8211; 1 x teline &#8211; 4 x hylly &#8211; 4 x jalka<\/p>\n","protected":false},"excerpt":{"rendered":"<p>SONGMICS kylpyhuonehylly kukkaportaat takorautainen puutarhahylly kasvien hylly kukkahylly 4 hyllyll\u00e4 GFS103B<\/p>\n","protected":false},"featured_media":39781,"comment_status":"open","ping_status":"closed","template":"","meta":[],"product_brand":[],"product_cat":[32],"product_tag":[],"class_list":{"0":"post-30523","1":"product","2":"type-product","3":"status-publish","4":"has-post-thumbnail","6":"product_cat-uncategorized-fi","8":"first","9":"instock","10":"shipping-taxable","11":"purchasable","12":"product-type-simple"},"_links":{"self":[{"href":"https:\/\/nordicmart.andreevmaster.com\/fi\/wp-json\/wp\/v2\/product\/30523","targetHints":{"allow":["GET"]}}],"collection":[{"href":"https:\/\/nordicmart.andreevmaster.com\/fi\/wp-json\/wp\/v2\/product"}],"about":[{"href":"https:\/\/nordicmart.andreevmaster.com\/fi\/wp-json\/wp\/v2\/types\/product"}],"replies":[{"embeddable":true,"href":"https:\/\/nordicmart.andreevmaster.com\/fi\/wp-json\/wp\/v2\/comments?post=30523"}],"wp:featuredmedia":[{"embeddable":true,"href":"https:\/\/nordicmart.andreevmaster.com\/fi\/wp-json\/wp\/v2\/media\/39781"}],"wp:attachment":[{"href":"https:\/\/nordicmart.andreevmaster.com\/fi\/wp-json\/wp\/v2\/media?parent=30523"}],"wp:term":[{"taxonomy":"product_brand","embeddable":true,"href":"https:\/\/nordicmart.andreevmaster.com\/fi\/wp-json\/wp\/v2\/product_brand?post=30523"},{"taxonomy":"product_cat","embeddable":true,"href":"https:\/\/nordicmart.andreevmaster.com\/fi\/wp-json\/wp\/v2\/product_cat?post=30523"},{"taxonomy":"product_tag","embeddable":true,"href":"https:\/\/nordicmart.andreevmaster.com\/fi\/wp-json\/wp\/v2\/product_tag?post=30523"}],"curies":[{"name":"wp","href":"https:\/\/api.w.org\/{rel}","templated":true}]}}