{"id":30521,"date":"2026-02-27T00:10:19","date_gmt":"2026-02-27T00:10:19","guid":{"rendered":"https:\/\/nordicmart.andreevmaster.com\/product\/songmics-puutarhakalusteiden-suojapeite-242-x-162-vihrea\/"},"modified":"2026-02-27T09:33:52","modified_gmt":"2026-02-27T09:33:52","slug":"songmics-puutarhakalusteiden-suojapeite-242-x-162-vihrea","status":"publish","type":"product","link":"https:\/\/nordicmart.andreevmaster.com\/fi\/tuote\/songmics-puutarhakalusteiden-suojapeite-242-x-162-vihrea\/","title":{"rendered":"SONGMICS puutarhakalusteiden suojapeite 242 x 162 vihre\u00e4"},"content":{"rendered":"<p>SONGMICS suojakotelo puutarhakalusteille, 240 x 140 x 90 cm, peite p\u00f6yd\u00e4lle ja tuoleille, ulkok\u00e4ytt\u00f6\u00f6n, vedenpit\u00e4v\u00e4, suorakulmainen, vihre\u00e4 GFC93L<\/p>\n","protected":false},"excerpt":{"rendered":"<p>SONGMICS suojakotelo puutarhakalusteille, 240 x 140 x 90 cm, peite p\u00f6yd\u00e4lle ja tuoleille, ulkok\u00e4ytt\u00f6\u00f6n, vedenpit\u00e4v\u00e4, suorakulmainen, vihre\u00e4 GFC93L<\/p>\n","protected":false},"featured_media":39779,"comment_status":"open","ping_status":"closed","template":"","meta":[],"product_brand":[],"product_cat":[32],"product_tag":[],"class_list":{"0":"post-30521","1":"product","2":"type-product","3":"status-publish","4":"has-post-thumbnail","6":"product_cat-uncategorized-fi","8":"first","9":"instock","10":"shipping-taxable","11":"purchasable","12":"product-type-simple"},"_links":{"self":[{"href":"https:\/\/nordicmart.andreevmaster.com\/fi\/wp-json\/wp\/v2\/product\/30521","targetHints":{"allow":["GET"]}}],"collection":[{"href":"https:\/\/nordicmart.andreevmaster.com\/fi\/wp-json\/wp\/v2\/product"}],"about":[{"href":"https:\/\/nordicmart.andreevmaster.com\/fi\/wp-json\/wp\/v2\/types\/product"}],"replies":[{"embeddable":true,"href":"https:\/\/nordicmart.andreevmaster.com\/fi\/wp-json\/wp\/v2\/comments?post=30521"}],"wp:featuredmedia":[{"embeddable":true,"href":"https:\/\/nordicmart.andreevmaster.com\/fi\/wp-json\/wp\/v2\/media\/39779"}],"wp:attachment":[{"href":"https:\/\/nordicmart.andreevmaster.com\/fi\/wp-json\/wp\/v2\/media?parent=30521"}],"wp:term":[{"taxonomy":"product_brand","embeddable":true,"href":"https:\/\/nordicmart.andreevmaster.com\/fi\/wp-json\/wp\/v2\/product_brand?post=30521"},{"taxonomy":"product_cat","embeddable":true,"href":"https:\/\/nordicmart.andreevmaster.com\/fi\/wp-json\/wp\/v2\/product_cat?post=30521"},{"taxonomy":"product_tag","embeddable":true,"href":"https:\/\/nordicmart.andreevmaster.com\/fi\/wp-json\/wp\/v2\/product_tag?post=30521"}],"curies":[{"name":"wp","href":"https:\/\/api.w.org\/{rel}","templated":true}]}}