{"id":30519,"date":"2026-02-27T00:10:19","date_gmt":"2026-02-27T00:10:19","guid":{"rendered":"https:\/\/nordicmart.andreevmaster.com\/product\/songmics-peite-puutarhatuoleille-harmaa\/"},"modified":"2026-02-27T09:33:52","modified_gmt":"2026-02-27T09:33:52","slug":"songmics-peite-puutarhatuoleille-harmaa","status":"publish","type":"product","link":"https:\/\/nordicmart.andreevmaster.com\/fi\/tuote\/songmics-peite-puutarhatuoleille-harmaa\/","title":{"rendered":"SONGMICS peite puutarhatuoleille, harmaa"},"content":{"rendered":"<p>Sateenkest\u00e4v\u00e4 peite puutarhatuoleille Suojapeitteen alle mahtuu my\u00f6s pinottuja tuoleja. Se suojaa puutarhatuoleja sateelta, p\u00f6lylt\u00e4, lialta ja siitep\u00f6lylt\u00e4 ja sit\u00e4 voidaan k\u00e4ytt\u00e4\u00e4 my\u00f6s talvella. Alareunassa on metallirenkailla varustetut silmukat, joiden avulla peite voidaan kiinnitt\u00e4\u00e4 mukana toimitetulla kiinnitysnauhalla, jolloin se suojaa paremmin tuulelta.Ilmanvaihtoaukot ja kahvatPeitteen kahvat helpottavat sen kiinnitt\u00e4mist\u00e4 ja poistamista puutarhakalusteista. Ilmanvaihtoaukot huolehtivat sis\u00e4ilman tuuletuksesta, jolloin kosteutta kertyy v\u00e4hemm\u00e4n ja homeen muodostuminen estyy. Mukana toimitetussa laukussa peite on helppo s\u00e4ilytt\u00e4\u00e4, kunnes sit\u00e4 tarvitaan. Kest\u00e4v\u00e4 ja s\u00e4\u00e4nkest\u00e4v\u00e4 suojapeite Korkealaatuisesta 280 g\/m\u00b2 600D Oxford-kankaasta valmistettu ja PVC-pinnoitettu peite tarjoaa erinomaisen suojan s\u00e4\u00e4olosuhteita vastaan. V\u00e4rin kest\u00e4vyys valoa ja vett\u00e4 vastaan on testattu ja sertifioitu T\u00dcV Rheinlandin toimesta (raportti nro 1160042500a 001). Se voidaan puhdistaa kylm\u00e4ll\u00e4 vedell\u00e4 ja pehme\u00e4ll\u00e4 liinalla ja miedolla puhdistusaineella. Tuotetiedot:- V\u00e4ri: harmaa &#8211; Materiaali: Oxford-kangas &#8211; Tuotteen mitat: 66 x 66 x 80\/120 cm (L x S x K) &#8211; Nettopaino: 1 kg Toimitus sis\u00e4lt\u00e4\u00e4: &#8211; 1 x peite &#8211; 1 x s\u00e4ilytyslaukku &#8211; 1 x k\u00f6ysi <\/p>\n","protected":false},"excerpt":{"rendered":"<p>SONGMICS 600D Oxford-peite, peite tuoleille, suojapeite puutarhatuoleille, vedenpit\u00e4v\u00e4, talvikest\u00e4v\u00e4, UV-suojattu GFC95G<\/p>\n","protected":false},"featured_media":39777,"comment_status":"open","ping_status":"closed","template":"","meta":[],"product_brand":[],"product_cat":[32],"product_tag":[],"class_list":{"0":"post-30519","1":"product","2":"type-product","3":"status-publish","4":"has-post-thumbnail","6":"product_cat-uncategorized-fi","8":"first","9":"instock","10":"shipping-taxable","11":"purchasable","12":"product-type-simple"},"_links":{"self":[{"href":"https:\/\/nordicmart.andreevmaster.com\/fi\/wp-json\/wp\/v2\/product\/30519","targetHints":{"allow":["GET"]}}],"collection":[{"href":"https:\/\/nordicmart.andreevmaster.com\/fi\/wp-json\/wp\/v2\/product"}],"about":[{"href":"https:\/\/nordicmart.andreevmaster.com\/fi\/wp-json\/wp\/v2\/types\/product"}],"replies":[{"embeddable":true,"href":"https:\/\/nordicmart.andreevmaster.com\/fi\/wp-json\/wp\/v2\/comments?post=30519"}],"wp:featuredmedia":[{"embeddable":true,"href":"https:\/\/nordicmart.andreevmaster.com\/fi\/wp-json\/wp\/v2\/media\/39777"}],"wp:attachment":[{"href":"https:\/\/nordicmart.andreevmaster.com\/fi\/wp-json\/wp\/v2\/media?parent=30519"}],"wp:term":[{"taxonomy":"product_brand","embeddable":true,"href":"https:\/\/nordicmart.andreevmaster.com\/fi\/wp-json\/wp\/v2\/product_brand?post=30519"},{"taxonomy":"product_cat","embeddable":true,"href":"https:\/\/nordicmart.andreevmaster.com\/fi\/wp-json\/wp\/v2\/product_cat?post=30519"},{"taxonomy":"product_tag","embeddable":true,"href":"https:\/\/nordicmart.andreevmaster.com\/fi\/wp-json\/wp\/v2\/product_tag?post=30519"}],"curies":[{"name":"wp","href":"https:\/\/api.w.org\/{rel}","templated":true}]}}