{"id":30518,"date":"2026-02-27T00:10:18","date_gmt":"2026-02-27T00:10:18","guid":{"rendered":"https:\/\/nordicmart.andreevmaster.com\/product\/songmics-suojapeite-puutarhakalustesarjalle-tummanharmaa\/"},"modified":"2026-02-27T09:33:52","modified_gmt":"2026-02-27T09:33:52","slug":"songmics-suojapeite-puutarhakalustesarjalle-tummanharmaa","status":"publish","type":"product","link":"https:\/\/nordicmart.andreevmaster.com\/fi\/tuote\/songmics-suojapeite-puutarhakalustesarjalle-tummanharmaa\/","title":{"rendered":"SONGMICS suojapeite puutarhakalustesarjalle, tummanharmaa"},"content":{"rendered":"<p>Sateenkest\u00e4v\u00e4 peite puutarhakalusteilleT\u00e4m\u00e4 suorakulmainen suojapeite sopii puutarhap\u00f6yd\u00e4llesi ja tuoleillesi tai puutarhapenkkeillesi. Se suojaa puutarhakalusteita sateelta, p\u00f6lylt\u00e4, lialta ja siitep\u00f6lylt\u00e4, ja sit\u00e4 voidaan k\u00e4ytt\u00e4\u00e4 my\u00f6s talvella.Peitteen alareunassa on naru ja 4 hihnaa soljilla. Kirist\u00e4 naru ja kiinnit\u00e4 peite 4 hihnalla soljilla huonekalujen jalkoihin, jotta se on optimaalisesti suojattu tuulelta. Ilmanvaihtoaukot ja kahvat Peitteen kahvat helpottavat peitteen asettamista ja poistamista.Tuuletusaukot varmistavat hyv\u00e4n ilmankierron peitteen alla, jolloin kosteutta kertyy v\u00e4hemm\u00e4n ja homeen muodostuminen estyy. Kest\u00e4v\u00e4 ja s\u00e4\u00e4nkest\u00e4v\u00e4 suojapeite Valmistettu korkealaatuisesta 280 g\/m\u00b2 600D Oxford-kankaasta, jossa on PVC-pinnoite, peite tarjoaa hyv\u00e4n suojan kaikenlaisilta s\u00e4\u00e4olosuhteilta.V\u00e4rien kest\u00e4vyys valolle ja vedelle on testattu ja vahvistettu T\u00dcV Rheinlandin toimesta (raportti nro 1160042500a 001). Peite voidaan puhdistaa kylm\u00e4ll\u00e4 vedell\u00e4 ja pehme\u00e4ll\u00e4 liinalla sek\u00e4 miedolla puhdistusaineella. Tuotetiedot:- V\u00e4ri: tummanharmaa &#8211; Materiaali: 280 g\/m\u00b2 600D Oxford-kangas &#8211; Koko: 170 x 100 x 70 cm (P x L x K) &#8211; Paino: 1,85 kg Toimitus sis\u00e4lt\u00e4\u00e4: &#8211; 1 x peite puutarhakalusteille<\/p>\n","protected":false},"excerpt":{"rendered":"<p>SONGMICS suojapeite puutarhakalustesetille, 240 x 140 x 90 cm (P x L x K), 600D Oxford-kangas, suojapeite, p\u00f6yd\u00e4n ja tuolien suojapeite, vedenpit\u00e4v\u00e4 ja v\u00e4rinkest\u00e4v\u00e4, ulkok\u00e4ytt\u00f6\u00f6n, tummanharmaa GFC93G<\/p>\n","protected":false},"featured_media":39776,"comment_status":"open","ping_status":"closed","template":"","meta":[],"product_brand":[],"product_cat":[32],"product_tag":[],"class_list":{"0":"post-30518","1":"product","2":"type-product","3":"status-publish","4":"has-post-thumbnail","6":"product_cat-uncategorized-fi","8":"first","9":"instock","10":"shipping-taxable","11":"purchasable","12":"product-type-simple"},"_links":{"self":[{"href":"https:\/\/nordicmart.andreevmaster.com\/fi\/wp-json\/wp\/v2\/product\/30518","targetHints":{"allow":["GET"]}}],"collection":[{"href":"https:\/\/nordicmart.andreevmaster.com\/fi\/wp-json\/wp\/v2\/product"}],"about":[{"href":"https:\/\/nordicmart.andreevmaster.com\/fi\/wp-json\/wp\/v2\/types\/product"}],"replies":[{"embeddable":true,"href":"https:\/\/nordicmart.andreevmaster.com\/fi\/wp-json\/wp\/v2\/comments?post=30518"}],"wp:featuredmedia":[{"embeddable":true,"href":"https:\/\/nordicmart.andreevmaster.com\/fi\/wp-json\/wp\/v2\/media\/39776"}],"wp:attachment":[{"href":"https:\/\/nordicmart.andreevmaster.com\/fi\/wp-json\/wp\/v2\/media?parent=30518"}],"wp:term":[{"taxonomy":"product_brand","embeddable":true,"href":"https:\/\/nordicmart.andreevmaster.com\/fi\/wp-json\/wp\/v2\/product_brand?post=30518"},{"taxonomy":"product_cat","embeddable":true,"href":"https:\/\/nordicmart.andreevmaster.com\/fi\/wp-json\/wp\/v2\/product_cat?post=30518"},{"taxonomy":"product_tag","embeddable":true,"href":"https:\/\/nordicmart.andreevmaster.com\/fi\/wp-json\/wp\/v2\/product_tag?post=30518"}],"curies":[{"name":"wp","href":"https:\/\/api.w.org\/{rel}","templated":true}]}}