{"id":30517,"date":"2026-02-27T00:10:18","date_gmt":"2026-02-27T00:10:18","guid":{"rendered":"https:\/\/nordicmart.andreevmaster.com\/product\/songmics-puutarhakalusteiden-suojapeite-24-x-14-m-beige\/"},"modified":"2026-02-27T09:33:52","modified_gmt":"2026-02-27T09:33:52","slug":"songmics-puutarhakalusteiden-suojapeite-24-x-14-m-beige","status":"publish","type":"product","link":"https:\/\/nordicmart.andreevmaster.com\/fi\/tuote\/songmics-puutarhakalusteiden-suojapeite-24-x-14-m-beige\/","title":{"rendered":"SONGMICS puutarhakalusteiden suojapeite 2,4 x 1,4 m beige"},"content":{"rendered":"<p>Unohditko peitt\u00e4\u00e4 p\u00f6yd\u00e4n ja tuolit, ja sataa jo? \u00c4l\u00e4 huoli, sill\u00e4 peitteen sivuilla olevat kaksi korkealaatuista kahvaa helpottavat p\u00f6yd\u00e4n ja tuolien peitt\u00e4mist\u00e4 ilman, ett\u00e4 menet\u00e4t paljon aikaa. Voimakas tuuli? Kirist\u00e4 peitteen alaosassa oleva k\u00f6ysi, jotta se ei lenn\u00e4 pois kuin ilmapallo.Tutustu my\u00f6s muihin SONGMICSin tarjoamiin peitteisiin, joilla voit suojata kaikki ulkokalusteesi! Tuotetiedot: &#8211; V\u00e4ri: beige &#8211; Materiaali: 600D Oxford-kangas, PVC-pinnoite &#8211; Mitat: 240 x 140 x 90 cm (P x L x K) &#8211; Paino: 3,6 kg Toimitus sis\u00e4lt\u00e4\u00e4:- 1 x suojapeite puutarhakalusteille SONGMICS-ohjeet: &#8211; \u00c4l\u00e4 altista tuotetta korkeille l\u00e4mp\u00f6tiloille ja s\u00e4ilyt\u00e4 sit\u00e4 viile\u00e4ss\u00e4, kuivassa paikassa. &#8211; \u00c4l\u00e4 pese konepesussa.<\/p>\n","protected":false},"excerpt":{"rendered":"<p>SONGMICS suojapeite puutarhakalustesetille, 240 x 140 x 90 cm (P x L x K), 600D Oxford-kangas, suojapeite, p\u00f6yd\u00e4n ja tuolien suojapeite, vedenpit\u00e4v\u00e4 ja v\u00e4rinkest\u00e4v\u00e4, ulkok\u00e4ytt\u00f6\u00f6n, tummanharmaa GFC93G<\/p>\n","protected":false},"featured_media":39775,"comment_status":"open","ping_status":"closed","template":"","meta":[],"product_brand":[],"product_cat":[32],"product_tag":[],"class_list":{"0":"post-30517","1":"product","2":"type-product","3":"status-publish","4":"has-post-thumbnail","6":"product_cat-uncategorized-fi","8":"first","9":"instock","10":"shipping-taxable","11":"purchasable","12":"product-type-simple"},"_links":{"self":[{"href":"https:\/\/nordicmart.andreevmaster.com\/fi\/wp-json\/wp\/v2\/product\/30517","targetHints":{"allow":["GET"]}}],"collection":[{"href":"https:\/\/nordicmart.andreevmaster.com\/fi\/wp-json\/wp\/v2\/product"}],"about":[{"href":"https:\/\/nordicmart.andreevmaster.com\/fi\/wp-json\/wp\/v2\/types\/product"}],"replies":[{"embeddable":true,"href":"https:\/\/nordicmart.andreevmaster.com\/fi\/wp-json\/wp\/v2\/comments?post=30517"}],"wp:featuredmedia":[{"embeddable":true,"href":"https:\/\/nordicmart.andreevmaster.com\/fi\/wp-json\/wp\/v2\/media\/39775"}],"wp:attachment":[{"href":"https:\/\/nordicmart.andreevmaster.com\/fi\/wp-json\/wp\/v2\/media?parent=30517"}],"wp:term":[{"taxonomy":"product_brand","embeddable":true,"href":"https:\/\/nordicmart.andreevmaster.com\/fi\/wp-json\/wp\/v2\/product_brand?post=30517"},{"taxonomy":"product_cat","embeddable":true,"href":"https:\/\/nordicmart.andreevmaster.com\/fi\/wp-json\/wp\/v2\/product_cat?post=30517"},{"taxonomy":"product_tag","embeddable":true,"href":"https:\/\/nordicmart.andreevmaster.com\/fi\/wp-json\/wp\/v2\/product_tag?post=30517"}],"curies":[{"name":"wp","href":"https:\/\/api.w.org\/{rel}","templated":true}]}}