{"id":30516,"date":"2026-02-27T00:10:18","date_gmt":"2026-02-27T00:10:18","guid":{"rendered":"https:\/\/nordicmart.andreevmaster.com\/product\/songmics-puutarhakalusteiden-suojapeite-24-x-14-m-vihrea\/"},"modified":"2026-02-27T09:33:52","modified_gmt":"2026-02-27T09:33:52","slug":"songmics-puutarhakalusteiden-suojapeite-24-x-14-m-vihrea","status":"publish","type":"product","link":"https:\/\/nordicmart.andreevmaster.com\/fi\/tuote\/songmics-puutarhakalusteiden-suojapeite-24-x-14-m-vihrea\/","title":{"rendered":"SONGMICS puutarhakalusteiden suojapeite 2,4 x 1,4 m vihre\u00e4"},"content":{"rendered":"<p>Haluatko suojata huonekalusi huonolta s\u00e4\u00e4lt\u00e4?  Songmics-peite on paras valinta. Se on saatavana eri materiaaleista ja kokoina,  joten voit varmasti valita sopivan koon huonekaluillesi.  Songmics-peite tarjoaa pitk\u00e4aikaisen suojan huonekaluillesi vedelt\u00e4, p\u00f6lylt\u00e4 ja auringon s\u00e4teilylt\u00e4.  Tuotetiedot: &#8211; Materiaali: PE-kangas &#8211; Mitat: 240 x 140 x 90 cm &#8211; Bruttopaino: 1,5 kg &#8211; V\u00e4ri: tummanvihre\u00e4 Toimitus sis\u00e4lt\u00e4\u00e4: &#8211; 1 x peite puutarhakalusteille &#8211; 1 x kantolaukku PE-kankaasta<\/p>\n","protected":false},"excerpt":{"rendered":"<p>SONGMICS suojakotelo puutarhakalusteille, 240 x 140 x 90 cm, peite p\u00f6yd\u00e4lle ja tuoleille, ulkok\u00e4ytt\u00f6\u00f6n, vedenpit\u00e4v\u00e4, suorakulmainen, vihre\u00e4 GFC93L<\/p>\n","protected":false},"featured_media":39774,"comment_status":"open","ping_status":"closed","template":"","meta":[],"product_brand":[],"product_cat":[32],"product_tag":[],"class_list":{"0":"post-30516","1":"product","2":"type-product","3":"status-publish","4":"has-post-thumbnail","6":"product_cat-uncategorized-fi","8":"first","9":"instock","10":"shipping-taxable","11":"purchasable","12":"product-type-simple"},"_links":{"self":[{"href":"https:\/\/nordicmart.andreevmaster.com\/fi\/wp-json\/wp\/v2\/product\/30516","targetHints":{"allow":["GET"]}}],"collection":[{"href":"https:\/\/nordicmart.andreevmaster.com\/fi\/wp-json\/wp\/v2\/product"}],"about":[{"href":"https:\/\/nordicmart.andreevmaster.com\/fi\/wp-json\/wp\/v2\/types\/product"}],"replies":[{"embeddable":true,"href":"https:\/\/nordicmart.andreevmaster.com\/fi\/wp-json\/wp\/v2\/comments?post=30516"}],"wp:featuredmedia":[{"embeddable":true,"href":"https:\/\/nordicmart.andreevmaster.com\/fi\/wp-json\/wp\/v2\/media\/39774"}],"wp:attachment":[{"href":"https:\/\/nordicmart.andreevmaster.com\/fi\/wp-json\/wp\/v2\/media?parent=30516"}],"wp:term":[{"taxonomy":"product_brand","embeddable":true,"href":"https:\/\/nordicmart.andreevmaster.com\/fi\/wp-json\/wp\/v2\/product_brand?post=30516"},{"taxonomy":"product_cat","embeddable":true,"href":"https:\/\/nordicmart.andreevmaster.com\/fi\/wp-json\/wp\/v2\/product_cat?post=30516"},{"taxonomy":"product_tag","embeddable":true,"href":"https:\/\/nordicmart.andreevmaster.com\/fi\/wp-json\/wp\/v2\/product_tag?post=30516"}],"curies":[{"name":"wp","href":"https:\/\/api.w.org\/{rel}","templated":true}]}}