{"id":30514,"date":"2026-02-27T00:10:17","date_gmt":"2026-02-27T00:10:17","guid":{"rendered":"https:\/\/nordicmart.andreevmaster.com\/product\/songmics-suojapeite-puutarhakalusteille-25-x-2-m\/"},"modified":"2026-02-27T09:33:51","modified_gmt":"2026-02-27T09:33:51","slug":"songmics-suojapeite-puutarhakalusteille-25-x-2-m","status":"publish","type":"product","link":"https:\/\/nordicmart.andreevmaster.com\/fi\/tuote\/songmics-suojapeite-puutarhakalusteille-25-x-2-m\/","title":{"rendered":"SONGMICS suojapeite puutarhakalusteille 2,5 x 2 m"},"content":{"rendered":"<p>Sateenkest\u00e4v\u00e4 peite puutarhakalusteille Suorakulmaisen suojapeitteen alle mahtuu p\u00f6yt\u00e4 ja tuolit tai puutarhapenkki. Se suojaa puutarhakalusteita sateelta, p\u00f6lylt\u00e4, lialta ja siitep\u00f6lylt\u00e4 ja sit\u00e4 voidaan k\u00e4ytt\u00e4\u00e4 my\u00f6s talvella.  Alareunassa on metallirenkailla varustetut silmukat, joiden avulla peite voidaan kiinnitt\u00e4\u00e4 mukana toimitetulla kiinnitysnauhalla, jolloin se suojaa paremmin tuulelta. Ilmanvaihtoaukot ja kahvat Peitteen kahvat helpottavat sen kiinnitt\u00e4mist\u00e4 ja poistamista puutarhakalusteista. Ilmanvaihtoaukot huolehtivat sis\u00e4ilman tuuletuksesta, jolloin kosteutta kertyy v\u00e4hemm\u00e4n ja homeen muodostuminen estyy.  Mukana toimitetussa laukussa peite on helppo s\u00e4ilytt\u00e4\u00e4, kunnes sit\u00e4 tarvitaan. Kest\u00e4v\u00e4 ja s\u00e4\u00e4nkest\u00e4v\u00e4 suojapeite Korkealaatuisesta 280 g\/m\u00b2 600D Oxford-kankaasta valmistettu ja PVC-pinnoitettu peite tarjoaa erinomaisen suojan s\u00e4\u00e4olosuhteilta.  V\u00e4rin kest\u00e4vyys valoa ja vett\u00e4 vastaan on testattu ja sertifioitu T\u00dcV Rheinlandin toimesta (raportti nro 1160042500a 001) .  Se voidaan puhdistaa kylm\u00e4ll\u00e4 vedell\u00e4 ja pehme\u00e4ll\u00e4 liinalla ja miedolla puhdistusaineella. Tuotetiedot: &#8211; V\u00e4ri: harmaa &#8211; Materiaali: Oxford-kangas &#8211; Tuotteen mitat: 250 x 200 x 80 cm (L x S x K) &#8211; Paino: 3,7 kg Toimitus sis\u00e4lt\u00e4\u00e4: &#8211; 1 x peite &#8211; 1 x s\u00e4ilytyslaukku &#8211; 1 x k\u00f6ysi<\/p>\n","protected":false},"excerpt":{"rendered":"<p>SONGMICS suojapeite puutarhakalusteille, 250 x 200 x 80 cm, 600D Oxford-kangas, peite p\u00f6yd\u00e4lle ja tuoleille, ulkok\u00e4ytt\u00f6\u00f6n, vedenpit\u00e4v\u00e4, suorakulmainen, harmaa GFC92G<\/p>\n","protected":false},"featured_media":39772,"comment_status":"open","ping_status":"closed","template":"","meta":[],"product_brand":[],"product_cat":[32],"product_tag":[],"class_list":{"0":"post-30514","1":"product","2":"type-product","3":"status-publish","4":"has-post-thumbnail","6":"product_cat-uncategorized-fi","8":"first","9":"instock","10":"shipping-taxable","11":"purchasable","12":"product-type-simple"},"_links":{"self":[{"href":"https:\/\/nordicmart.andreevmaster.com\/fi\/wp-json\/wp\/v2\/product\/30514","targetHints":{"allow":["GET"]}}],"collection":[{"href":"https:\/\/nordicmart.andreevmaster.com\/fi\/wp-json\/wp\/v2\/product"}],"about":[{"href":"https:\/\/nordicmart.andreevmaster.com\/fi\/wp-json\/wp\/v2\/types\/product"}],"replies":[{"embeddable":true,"href":"https:\/\/nordicmart.andreevmaster.com\/fi\/wp-json\/wp\/v2\/comments?post=30514"}],"wp:featuredmedia":[{"embeddable":true,"href":"https:\/\/nordicmart.andreevmaster.com\/fi\/wp-json\/wp\/v2\/media\/39772"}],"wp:attachment":[{"href":"https:\/\/nordicmart.andreevmaster.com\/fi\/wp-json\/wp\/v2\/media?parent=30514"}],"wp:term":[{"taxonomy":"product_brand","embeddable":true,"href":"https:\/\/nordicmart.andreevmaster.com\/fi\/wp-json\/wp\/v2\/product_brand?post=30514"},{"taxonomy":"product_cat","embeddable":true,"href":"https:\/\/nordicmart.andreevmaster.com\/fi\/wp-json\/wp\/v2\/product_cat?post=30514"},{"taxonomy":"product_tag","embeddable":true,"href":"https:\/\/nordicmart.andreevmaster.com\/fi\/wp-json\/wp\/v2\/product_tag?post=30514"}],"curies":[{"name":"wp","href":"https:\/\/api.w.org\/{rel}","templated":true}]}}