{"id":30513,"date":"2026-02-27T00:10:17","date_gmt":"2026-02-27T00:10:17","guid":{"rendered":"https:\/\/nordicmart.andreevmaster.com\/product\/songmics-suojapeite-puutarhakalusteille-2-x-16-m\/"},"modified":"2026-02-27T09:33:51","modified_gmt":"2026-02-27T09:33:51","slug":"songmics-suojapeite-puutarhakalusteille-2-x-16-m","status":"publish","type":"product","link":"https:\/\/nordicmart.andreevmaster.com\/fi\/tuote\/songmics-suojapeite-puutarhakalusteille-2-x-16-m\/","title":{"rendered":"SONGMICS suojapeite puutarhakalusteille 2 x 1,6 m"},"content":{"rendered":"<p>Haluatko suojata huonekalusi huonolta s\u00e4\u00e4lt\u00e4?  Songmics-suojapeite on paras valinta. Se on saatavana eri materiaaleista ja kokoina,  joten voit varmasti valita sopivan koon huonekaluillesi.  Songmics-suojapeite tarjoaa pitk\u00e4aikaisen suojan huonekaluillesi vedelt\u00e4, p\u00f6lylt\u00e4 ja auringon s\u00e4teilylt\u00e4.  Tuotetiedot: &#8211; Materiaali: PE-kangas &#8211; Mitat: 200 x 160 x 70 cm &#8211; Bruttopaino: 1,25 kg &#8211; V\u00e4ri: tummanvihre\u00e4 Toimitus sis\u00e4lt\u00e4\u00e4: &#8211; 1 x suojapeite puutarhakalusteille &#8211; 1 x PE-kankaasta valmistettu kantolaukku<\/p>\n","protected":false},"excerpt":{"rendered":"<p>SONGMICS suojapeite puutarhakalusteille, 200 x 160 x 70 cm, peite p\u00f6yd\u00e4lle ja tuoleille, ulkok\u00e4ytt\u00f6\u00f6n, vedenpit\u00e4v\u00e4, suorakulmainen, vihre\u00e4 GFC91L<\/p>\n","protected":false},"featured_media":39771,"comment_status":"open","ping_status":"closed","template":"","meta":[],"product_brand":[],"product_cat":[32],"product_tag":[],"class_list":{"0":"post-30513","1":"product","2":"type-product","3":"status-publish","4":"has-post-thumbnail","6":"product_cat-uncategorized-fi","8":"first","9":"instock","10":"shipping-taxable","11":"purchasable","12":"product-type-simple"},"_links":{"self":[{"href":"https:\/\/nordicmart.andreevmaster.com\/fi\/wp-json\/wp\/v2\/product\/30513","targetHints":{"allow":["GET"]}}],"collection":[{"href":"https:\/\/nordicmart.andreevmaster.com\/fi\/wp-json\/wp\/v2\/product"}],"about":[{"href":"https:\/\/nordicmart.andreevmaster.com\/fi\/wp-json\/wp\/v2\/types\/product"}],"replies":[{"embeddable":true,"href":"https:\/\/nordicmart.andreevmaster.com\/fi\/wp-json\/wp\/v2\/comments?post=30513"}],"wp:featuredmedia":[{"embeddable":true,"href":"https:\/\/nordicmart.andreevmaster.com\/fi\/wp-json\/wp\/v2\/media\/39771"}],"wp:attachment":[{"href":"https:\/\/nordicmart.andreevmaster.com\/fi\/wp-json\/wp\/v2\/media?parent=30513"}],"wp:term":[{"taxonomy":"product_brand","embeddable":true,"href":"https:\/\/nordicmart.andreevmaster.com\/fi\/wp-json\/wp\/v2\/product_brand?post=30513"},{"taxonomy":"product_cat","embeddable":true,"href":"https:\/\/nordicmart.andreevmaster.com\/fi\/wp-json\/wp\/v2\/product_cat?post=30513"},{"taxonomy":"product_tag","embeddable":true,"href":"https:\/\/nordicmart.andreevmaster.com\/fi\/wp-json\/wp\/v2\/product_tag?post=30513"}],"curies":[{"name":"wp","href":"https:\/\/api.w.org\/{rel}","templated":true}]}}