{"id":30512,"date":"2026-02-27T00:10:17","date_gmt":"2026-02-27T00:10:17","guid":{"rendered":"https:\/\/nordicmart.andreevmaster.com\/product\/songmics-peite-puutarhakalusteille\/"},"modified":"2026-02-27T09:33:51","modified_gmt":"2026-02-27T09:33:51","slug":"songmics-peite-puutarhakalusteille","status":"publish","type":"product","link":"https:\/\/nordicmart.andreevmaster.com\/fi\/tuote\/songmics-peite-puutarhakalusteille\/","title":{"rendered":"SONGMICS peite puutarhakalusteille"},"content":{"rendered":"<p>TUULI TAI AURINGONPAISTE: Raikas ilma, l\u00e4mmin auringonpaiste, lempe\u00e4 tuuli \u2013 t\u00e4llaisella s\u00e4\u00e4ll\u00e4 ulkona rentoutuminen on puhdasta nautintoa. Kun s\u00e4\u00e4 kuitenkin huononee, SONGMICS-peitteen aika on tullut, ja se pelastaa puutarhakalusteesi. Peite suojaa puutarhap\u00f6yt\u00e4\u00e4si ja -tuoleitasi sateelta, lumelta, tuulelta, p\u00f6lylt\u00e4, siitep\u00f6lylt\u00e4, auringonvalolta jne.<\/p>\n","protected":false},"excerpt":{"rendered":"<p>SONGMICS suojapeite puutarhakalusteille, 200 x 160 x 70 cm, peite p\u00f6yd\u00e4lle ja tuoleille, ulkok\u00e4ytt\u00f6\u00f6n, vedenpit\u00e4v\u00e4, suorakulmainen, vihre\u00e4 GFC91L<\/p>\n","protected":false},"featured_media":39770,"comment_status":"open","ping_status":"closed","template":"","meta":[],"product_brand":[],"product_cat":[32],"product_tag":[],"class_list":{"0":"post-30512","1":"product","2":"type-product","3":"status-publish","4":"has-post-thumbnail","6":"product_cat-uncategorized-fi","8":"first","9":"instock","10":"shipping-taxable","11":"purchasable","12":"product-type-simple"},"_links":{"self":[{"href":"https:\/\/nordicmart.andreevmaster.com\/fi\/wp-json\/wp\/v2\/product\/30512","targetHints":{"allow":["GET"]}}],"collection":[{"href":"https:\/\/nordicmart.andreevmaster.com\/fi\/wp-json\/wp\/v2\/product"}],"about":[{"href":"https:\/\/nordicmart.andreevmaster.com\/fi\/wp-json\/wp\/v2\/types\/product"}],"replies":[{"embeddable":true,"href":"https:\/\/nordicmart.andreevmaster.com\/fi\/wp-json\/wp\/v2\/comments?post=30512"}],"wp:featuredmedia":[{"embeddable":true,"href":"https:\/\/nordicmart.andreevmaster.com\/fi\/wp-json\/wp\/v2\/media\/39770"}],"wp:attachment":[{"href":"https:\/\/nordicmart.andreevmaster.com\/fi\/wp-json\/wp\/v2\/media?parent=30512"}],"wp:term":[{"taxonomy":"product_brand","embeddable":true,"href":"https:\/\/nordicmart.andreevmaster.com\/fi\/wp-json\/wp\/v2\/product_brand?post=30512"},{"taxonomy":"product_cat","embeddable":true,"href":"https:\/\/nordicmart.andreevmaster.com\/fi\/wp-json\/wp\/v2\/product_cat?post=30512"},{"taxonomy":"product_tag","embeddable":true,"href":"https:\/\/nordicmart.andreevmaster.com\/fi\/wp-json\/wp\/v2\/product_tag?post=30512"}],"curies":[{"name":"wp","href":"https:\/\/api.w.org\/{rel}","templated":true}]}}