{"id":30511,"date":"2026-02-27T00:10:17","date_gmt":"2026-02-27T00:10:17","guid":{"rendered":"https:\/\/nordicmart.andreevmaster.com\/product\/overtraek-til-havemobler-2\/"},"modified":"2026-02-27T09:33:51","modified_gmt":"2026-02-27T09:33:51","slug":"overtraek-til-havemobler-2","status":"publish","type":"product","link":"https:\/\/nordicmart.andreevmaster.com\/fi\/tuote\/overtraek-til-havemobler-2\/","title":{"rendered":"Overtr\u00e6k til havem\u00f8bler"},"content":{"rendered":"<p>GEN ELLER SOLSTR\u00c5LER: Raikas ilma, l\u00e4mmin auringonpaiste, kevyt tuuli \u2013 t\u00e4llaisella s\u00e4\u00e4ll\u00e4 on puhdasta nautintoa rentoutua ulkona. Mutta kun s\u00e4\u00e4 huononee, t\u00e4m\u00e4 SONGMICS-suojapeite pelastaa puutarhakalusteesi. Suojapeite suojaa puutarhap\u00f6yt\u00e4\u00e4si ja puutarhatuoleitasi sateelta, lumelta, tuulelta, p\u00f6lylt\u00e4, siitep\u00f6lylt\u00e4, auringonvalolta jne.<\/p>\n","protected":false},"excerpt":{"rendered":"<p>GEN ELLER SOLSTR\u00c5LER: Raikas ilma, l\u00e4mmin auringonpaiste, kevyt tuuli \u2013 t\u00e4llaisella s\u00e4\u00e4ll\u00e4 on puhdasta nautintoa rentoutua ulkona. Mutta kun s\u00e4\u00e4 huononee, t\u00e4m\u00e4 SONGMICS-suojapeite pelastaa puutarhakalusteesi. Suojapeite suojaa puutarhap\u00f6yt\u00e4\u00e4si ja puutarhatuoleitasi sateelta, lumelta, tuulelta, p\u00f6lylt\u00e4, siitep\u00f6lylt\u00e4, auringonvalolta jne.<\/p>\n","protected":false},"featured_media":0,"comment_status":"open","ping_status":"closed","template":"","meta":[],"product_brand":[],"product_cat":[32],"product_tag":[],"class_list":{"0":"post-30511","1":"product","2":"type-product","3":"status-publish","5":"product_cat-uncategorized-fi","7":"first","8":"instock","9":"shipping-taxable","10":"product-type-simple"},"_links":{"self":[{"href":"https:\/\/nordicmart.andreevmaster.com\/fi\/wp-json\/wp\/v2\/product\/30511","targetHints":{"allow":["GET"]}}],"collection":[{"href":"https:\/\/nordicmart.andreevmaster.com\/fi\/wp-json\/wp\/v2\/product"}],"about":[{"href":"https:\/\/nordicmart.andreevmaster.com\/fi\/wp-json\/wp\/v2\/types\/product"}],"replies":[{"embeddable":true,"href":"https:\/\/nordicmart.andreevmaster.com\/fi\/wp-json\/wp\/v2\/comments?post=30511"}],"wp:attachment":[{"href":"https:\/\/nordicmart.andreevmaster.com\/fi\/wp-json\/wp\/v2\/media?parent=30511"}],"wp:term":[{"taxonomy":"product_brand","embeddable":true,"href":"https:\/\/nordicmart.andreevmaster.com\/fi\/wp-json\/wp\/v2\/product_brand?post=30511"},{"taxonomy":"product_cat","embeddable":true,"href":"https:\/\/nordicmart.andreevmaster.com\/fi\/wp-json\/wp\/v2\/product_cat?post=30511"},{"taxonomy":"product_tag","embeddable":true,"href":"https:\/\/nordicmart.andreevmaster.com\/fi\/wp-json\/wp\/v2\/product_tag?post=30511"}],"curies":[{"name":"wp","href":"https:\/\/api.w.org\/{rel}","templated":true}]}}