{"id":30510,"date":"2026-02-27T00:10:17","date_gmt":"2026-02-27T00:10:17","guid":{"rendered":"https:\/\/nordicmart.andreevmaster.com\/product\/songmics-suojapeite-aurinkovarjoille\/"},"modified":"2026-02-27T09:33:51","modified_gmt":"2026-02-27T09:33:51","slug":"songmics-suojapeite-aurinkovarjoille","status":"publish","type":"product","link":"https:\/\/nordicmart.andreevmaster.com\/fi\/tuote\/songmics-suojapeite-aurinkovarjoille\/","title":{"rendered":"SONGMICS suojapeite aurinkovarjoille"},"content":{"rendered":"<p>T\u00e4m\u00e4 SONGMICS-suojakotelo on suunniteltu suojaamaan aurinkovarjoasi paitsi p\u00e4ivitt\u00e4isilt\u00e4 vaikutuksilta, kuten auringonvalolta, p\u00f6lylt\u00e4 ja hartsilta, my\u00f6s \u00e4killisilt\u00e4 s\u00e4\u00e4muutoksilta, kuten sateelta, tuulelta ja lumelta.Erinomaiset materiaalit: 600D PVC-pinnoitettu Oxford-kangas varmistaa, ett\u00e4 t\u00e4m\u00e4 suojapeite ei repeydy voimakkaassa sateessa ja tuulessa ja ett\u00e4 se pysyy vedenpit\u00e4v\u00e4n\u00e4. Kangas on my\u00f6s eritt\u00e4in kest\u00e4v\u00e4 ja sopii siksi pitk\u00e4aikaiseen k\u00e4ytt\u00f6\u00f6n. Se on lis\u00e4ksi l\u00e4p\u00e4issyt T\u00dcV Rheinlandin v\u00e4rinkest\u00e4vyystestin. Peitteen harmaa v\u00e4ri ei siis haalistu edes jatkuvan sateen tai pitkien aurinkotuntien aikana. T\u00e4rkeit\u00e4 yksityiskohtia: Onko aurinkovarjosi eritt\u00e4in korkea? \u00c4l\u00e4 huoli, mukana toimitettava lasikuitutanko auttaa sinua ulottamaan peitteen varjon korkeimpaan kohtaan. Vetoketjun vetoketju helpottaa my\u00f6s suojakotelon kiinnitt\u00e4mist\u00e4, koska se on helppo saavuttaa. Kirist\u00e4 sitten suojan alaosassa oleva naru, jotta se ei lenn\u00e4 pois kuin ilmapallo.Tuotetiedot: V\u00e4ri: tummanharmaa Materiaali: 600D Oxford-kangas, PVC-pinnoite Koko: 183 x 25\/35 cm (korkeus x yl\u00e4osan halkaisija\/alaosan halkaisija) Paino: 0,56 kg Toimitus sis\u00e4lt\u00e4\u00e4: 1 x suojakotelo 1 x taitettava lasikuitutanko SONGMICS Huomautukset:\u00c4l\u00e4 altista tuotetta korkeille l\u00e4mp\u00f6tiloille ja s\u00e4ilyt\u00e4 sit\u00e4 viile\u00e4ss\u00e4, kuivassa paikassa. Ei sovellu konepesuun.<\/p>\n","protected":false},"excerpt":{"rendered":"<p>SONGMICS suojakotelo aurinkovarjoille, suojapeite, 600D Oxford-kangas, vett\u00e4 hylkiv\u00e4, peite aurinkovarjoille ja sateenvarjoille, joiden pituus on enint\u00e4\u00e4n 3 m, vetoketjulla, 183 x 25\/35 cm, tummanharmaa GFC183GY<\/p>\n","protected":false},"featured_media":39769,"comment_status":"open","ping_status":"closed","template":"","meta":[],"product_brand":[],"product_cat":[32],"product_tag":[],"class_list":{"0":"post-30510","1":"product","2":"type-product","3":"status-publish","4":"has-post-thumbnail","6":"product_cat-uncategorized-fi","8":"first","9":"instock","10":"shipping-taxable","11":"purchasable","12":"product-type-simple"},"_links":{"self":[{"href":"https:\/\/nordicmart.andreevmaster.com\/fi\/wp-json\/wp\/v2\/product\/30510","targetHints":{"allow":["GET"]}}],"collection":[{"href":"https:\/\/nordicmart.andreevmaster.com\/fi\/wp-json\/wp\/v2\/product"}],"about":[{"href":"https:\/\/nordicmart.andreevmaster.com\/fi\/wp-json\/wp\/v2\/types\/product"}],"replies":[{"embeddable":true,"href":"https:\/\/nordicmart.andreevmaster.com\/fi\/wp-json\/wp\/v2\/comments?post=30510"}],"wp:featuredmedia":[{"embeddable":true,"href":"https:\/\/nordicmart.andreevmaster.com\/fi\/wp-json\/wp\/v2\/media\/39769"}],"wp:attachment":[{"href":"https:\/\/nordicmart.andreevmaster.com\/fi\/wp-json\/wp\/v2\/media?parent=30510"}],"wp:term":[{"taxonomy":"product_brand","embeddable":true,"href":"https:\/\/nordicmart.andreevmaster.com\/fi\/wp-json\/wp\/v2\/product_brand?post=30510"},{"taxonomy":"product_cat","embeddable":true,"href":"https:\/\/nordicmart.andreevmaster.com\/fi\/wp-json\/wp\/v2\/product_cat?post=30510"},{"taxonomy":"product_tag","embeddable":true,"href":"https:\/\/nordicmart.andreevmaster.com\/fi\/wp-json\/wp\/v2\/product_tag?post=30510"}],"curies":[{"name":"wp","href":"https:\/\/api.w.org\/{rel}","templated":true}]}}