{"id":30509,"date":"2026-02-27T00:10:16","date_gmt":"2026-02-27T00:10:16","guid":{"rendered":"https:\/\/nordicmart.andreevmaster.com\/product\/songmics-vedenpitava-grillipeite-harmaa\/"},"modified":"2026-02-27T09:33:50","modified_gmt":"2026-02-27T09:33:50","slug":"songmics-vedenpitava-grillipeite-harmaa","status":"publish","type":"product","link":"https:\/\/nordicmart.andreevmaster.com\/fi\/tuote\/songmics-vedenpitava-grillipeite-harmaa\/","title":{"rendered":"SONGMICS Vedenpit\u00e4v\u00e4 grillipeite, harmaa"},"content":{"rendered":"<p>T\u00e4m\u00e4 SONGMICS-peite on suunniteltu suojaamaan grilli\u00e4si paitsi p\u00e4ivitt\u00e4isilt\u00e4 vaikutuksilta, kuten auringonvalolta, p\u00f6lylt\u00e4 ja hartsilta, my\u00f6s \u00e4killisilt\u00e4 s\u00e4\u00e4muutoksilta, kuten sateelta, tuulelta ja lumelta. Erinomaiset materiaalit 600D PVC-pinnoitettu Oxford-kangas varmistaa, ett\u00e4 t\u00e4m\u00e4 grillipeite ei repeydy voimakkaassa sateessa ja tuulessa ja pysyy vedenpit\u00e4v\u00e4n\u00e4. Kangas on my\u00f6s eritt\u00e4in kest\u00e4v\u00e4 ja sopii siksi pitk\u00e4aikaiseen k\u00e4ytt\u00f6\u00f6n. Se on lis\u00e4ksi l\u00e4p\u00e4issyt T\u00dcV Rheinlandin v\u00e4rinkest\u00e4vyystestin. Peite ei siis menet\u00e4 tummanharmaata v\u00e4ri\u00e4\u00e4n edes jatkuvan sateen tai pitkien aurinkotuntien aikana. T\u00e4rkeit\u00e4 yksityiskohtia Unohditko peitt\u00e4\u00e4 grillisi ja sataa jo? \u00c4l\u00e4 huoli, sill\u00e4 peitteen yl\u00e4osassa olevat kaksi kahvaa ja kaksi korkealaatuista tarranauhaa helpottavat grillin peitt\u00e4mist\u00e4 ilman, ett\u00e4 menet\u00e4t paljon aikaa. Voimakas tuuli? Kirist\u00e4 peitteen alaosassa oleva k\u00f6ysi, jotta se ei lenn\u00e4 pois kuin ilmapallo. Tutustu my\u00f6s muihin SONGMICSin tarjoamiin peitteisiin, joilla voit suojata kaikki ulkokalusteesi! Tuotetiedot: &#8211; V\u00e4ri: tummanharmaa &#8211; Materiaali: 600D Oxford-kangas, PVC-pinnoite &#8211; Tuotteen koko: 147 x 61 x 122 cm (P x L x K) &#8211; Paino: 1,8 kg Toimitus sis\u00e4lt\u00e4\u00e4: &#8211; 1 x SONGMICS-grillipeite Huomautukset: &#8211; \u00c4l\u00e4 altista tuotetta korkeille l\u00e4mp\u00f6tiloille ja s\u00e4ilyt\u00e4 sit\u00e4 viile\u00e4ss\u00e4, kuivassa paikassa. &#8211; \u00c4l\u00e4 pese konepesussa. <\/p>\n","protected":false},"excerpt":{"rendered":"<p>SONGMICS Grillipeite, vedenpit\u00e4v\u00e4 suojapeite, 600D Oxford-kangas, BBQ-peite, suojakotelo, Weberille, Brinkmannille, Char Broilille, 147 x 61 x 122 cm, ulkok\u00e4ytt\u00f6\u00f6n puutarhaan, terassille, tummanharmaa GFC147GY<\/p>\n","protected":false},"featured_media":39768,"comment_status":"open","ping_status":"closed","template":"","meta":[],"product_brand":[],"product_cat":[32],"product_tag":[],"class_list":{"0":"post-30509","1":"product","2":"type-product","3":"status-publish","4":"has-post-thumbnail","6":"product_cat-uncategorized-fi","8":"first","9":"instock","10":"shipping-taxable","11":"purchasable","12":"product-type-simple"},"_links":{"self":[{"href":"https:\/\/nordicmart.andreevmaster.com\/fi\/wp-json\/wp\/v2\/product\/30509","targetHints":{"allow":["GET"]}}],"collection":[{"href":"https:\/\/nordicmart.andreevmaster.com\/fi\/wp-json\/wp\/v2\/product"}],"about":[{"href":"https:\/\/nordicmart.andreevmaster.com\/fi\/wp-json\/wp\/v2\/types\/product"}],"replies":[{"embeddable":true,"href":"https:\/\/nordicmart.andreevmaster.com\/fi\/wp-json\/wp\/v2\/comments?post=30509"}],"wp:featuredmedia":[{"embeddable":true,"href":"https:\/\/nordicmart.andreevmaster.com\/fi\/wp-json\/wp\/v2\/media\/39768"}],"wp:attachment":[{"href":"https:\/\/nordicmart.andreevmaster.com\/fi\/wp-json\/wp\/v2\/media?parent=30509"}],"wp:term":[{"taxonomy":"product_brand","embeddable":true,"href":"https:\/\/nordicmart.andreevmaster.com\/fi\/wp-json\/wp\/v2\/product_brand?post=30509"},{"taxonomy":"product_cat","embeddable":true,"href":"https:\/\/nordicmart.andreevmaster.com\/fi\/wp-json\/wp\/v2\/product_cat?post=30509"},{"taxonomy":"product_tag","embeddable":true,"href":"https:\/\/nordicmart.andreevmaster.com\/fi\/wp-json\/wp\/v2\/product_tag?post=30509"}],"curies":[{"name":"wp","href":"https:\/\/api.w.org\/{rel}","templated":true}]}}