{"id":30507,"date":"2026-02-27T00:10:16","date_gmt":"2026-02-27T00:10:16","guid":{"rendered":"https:\/\/nordicmart.andreevmaster.com\/product\/songmics-suojakotelo-rantatuoleille-taupe\/"},"modified":"2026-02-27T09:33:50","modified_gmt":"2026-02-27T09:33:50","slug":"songmics-suojakotelo-rantatuoleille-taupe","status":"publish","type":"product","link":"https:\/\/nordicmart.andreevmaster.com\/fi\/tuote\/songmics-suojakotelo-rantatuoleille-taupe\/","title":{"rendered":"SONGMICS suojakotelo rantatuoleille Taupe"},"content":{"rendered":"<p>T\u00e4m\u00e4 SONGMICS-suojakotelo on suunniteltu suojaamaan rantakoria paitsi p\u00e4ivitt\u00e4isilt\u00e4 vaikutuksilta, kuten auringonvalolta, p\u00f6lylt\u00e4 ja hartsilta, my\u00f6s \u00e4killisilt\u00e4 s\u00e4\u00e4muutoksilta, kuten sateelta, tuulelta ja lumelta. Erinomaiset materiaalit 600D PVC-pinnoitettu Oxford-kangas varmistaa, ett\u00e4 t\u00e4m\u00e4 suojapeite ei repeydy voimakkaassa sateessa ja tuulessa ja ett\u00e4 se pysyy vedenpit\u00e4v\u00e4n\u00e4. Kangas on my\u00f6s eritt\u00e4in kest\u00e4v\u00e4 ja sopii siksi pitk\u00e4aikaiseen k\u00e4ytt\u00f6\u00f6n. Se on lis\u00e4ksi l\u00e4p\u00e4issyt T\u00dcV Rheinlandin v\u00e4rinkest\u00e4vyystestin. Peitteen v\u00e4ri ei siis haalistu edes jatkuvan sateen tai pitkien aurinkotuntien aikana. T\u00e4rkeit\u00e4 yksityiskohtia Oletko unohtanut peitt\u00e4\u00e4 rantatuolisi ja sade on jo alkanut? \u00c4l\u00e4 huoli, sill\u00e4 kahden vetoketjun ansiosta voit peitt\u00e4\u00e4 rantatuolin helposti ilman suurempaa ajanhukkaa. Voimakas tuuli? Kirist\u00e4 peitteen alaosassa oleva naru, jotta se ei lenn\u00e4 pois kuin ilmapallo. Tutustu my\u00f6s muihin SONGMICSin tarjoamiin peitteisiin, joilla voit suojata kaikki ulkokalusteesi! Tuotetiedot: &#8211; V\u00e4ri: taupe &#8211; Materiaali: 600D Oxford-kangas, PVC-pinnoitettu &#8211; Koko: 135 x 105 x 175\/140 cm (P x L x K) &#8211; Paino: 3 kg Toimitus sis\u00e4lt\u00e4\u00e4: &#8211; 1 x suojapeite rantatuoleille &#8211; 1 x kantolaukku SONGMICS-ohjeet:- \u00c4l\u00e4 altista tuotetta korkeille l\u00e4mp\u00f6tiloille ja s\u00e4ilyt\u00e4 sit\u00e4 viile\u00e4ss\u00e4, kuivassa paikassa. &#8211; Ei sovellu konepesuun.<\/p>\n","protected":false},"excerpt":{"rendered":"<p>SONGMICS suojakotelo seisomakorille, kansi, 600D Oxford-kangas, vedenpit\u00e4v\u00e4, kaksoisvetoketju, v\u00e4rinkest\u00e4v\u00e4, ulkok\u00e4ytt\u00f6\u00f6n, puutarhaan, terassille, 135 x 105 x 175\/140 cm, musta GFC135BK<\/p>\n","protected":false},"featured_media":39766,"comment_status":"open","ping_status":"closed","template":"","meta":[],"product_brand":[],"product_cat":[32],"product_tag":[],"class_list":{"0":"post-30507","1":"product","2":"type-product","3":"status-publish","4":"has-post-thumbnail","6":"product_cat-uncategorized-fi","8":"first","9":"instock","10":"shipping-taxable","11":"purchasable","12":"product-type-simple"},"_links":{"self":[{"href":"https:\/\/nordicmart.andreevmaster.com\/fi\/wp-json\/wp\/v2\/product\/30507","targetHints":{"allow":["GET"]}}],"collection":[{"href":"https:\/\/nordicmart.andreevmaster.com\/fi\/wp-json\/wp\/v2\/product"}],"about":[{"href":"https:\/\/nordicmart.andreevmaster.com\/fi\/wp-json\/wp\/v2\/types\/product"}],"replies":[{"embeddable":true,"href":"https:\/\/nordicmart.andreevmaster.com\/fi\/wp-json\/wp\/v2\/comments?post=30507"}],"wp:featuredmedia":[{"embeddable":true,"href":"https:\/\/nordicmart.andreevmaster.com\/fi\/wp-json\/wp\/v2\/media\/39766"}],"wp:attachment":[{"href":"https:\/\/nordicmart.andreevmaster.com\/fi\/wp-json\/wp\/v2\/media?parent=30507"}],"wp:term":[{"taxonomy":"product_brand","embeddable":true,"href":"https:\/\/nordicmart.andreevmaster.com\/fi\/wp-json\/wp\/v2\/product_brand?post=30507"},{"taxonomy":"product_cat","embeddable":true,"href":"https:\/\/nordicmart.andreevmaster.com\/fi\/wp-json\/wp\/v2\/product_cat?post=30507"},{"taxonomy":"product_tag","embeddable":true,"href":"https:\/\/nordicmart.andreevmaster.com\/fi\/wp-json\/wp\/v2\/product_tag?post=30507"}],"curies":[{"name":"wp","href":"https:\/\/api.w.org\/{rel}","templated":true}]}}