{"id":30505,"date":"2026-02-27T00:10:16","date_gmt":"2026-02-27T00:10:16","guid":{"rendered":"https:\/\/nordicmart.andreevmaster.com\/product\/songmics-riippumatto-210-x-150-cm-ulkokayttoon-2-puupalkkia\/"},"modified":"2026-02-27T09:33:50","modified_gmt":"2026-02-27T09:33:50","slug":"songmics-riippumatto-210-x-150-cm-ulkokayttoon-2-puupalkkia","status":"publish","type":"product","link":"https:\/\/nordicmart.andreevmaster.com\/fi\/tuote\/songmics-riippumatto-210-x-150-cm-ulkokayttoon-2-puupalkkia\/","title":{"rendered":"SONGMICS riippumatto 210 x 150 cm, ulkok\u00e4ytt\u00f6\u00f6n, 2 puupalkkia"},"content":{"rendered":"<p>T\u00e4ydellinen istuma- ja makuupaikka sis\u00e4- ja ulkok\u00e4ytt\u00f6\u00f6n \/ suurille ja pienille!  Todellinen katseenvangitsija. Mik\u00e4 voisi olla mukavampaa kuin heitt\u00e4yty\u00e4 Songmics-riipputuoliin raskaan p\u00e4iv\u00e4n j\u00e4lkeen ja vain rentoutua. Rentouttavan ja rauhoittavan keinumisen aikana saat fyysist\u00e4 ja henkist\u00e4 hyvinvointia. Raikkaat, iloiset v\u00e4rit ja valtava kangas pinta tekev\u00e4t riipputuolistamme sinulle rauhan keitaan. Olipa kyseess\u00e4 puutarha, parveke tai retkeily, suuri kangas pinta takaa poikkeuksellisen mukavuuden. Matto on eritt\u00e4in kevyt, kest\u00e4v\u00e4 ja vakaa. Sit\u00e4 voi k\u00e4ytt\u00e4\u00e4 sohvana, keinuna ja jopa lasten kehtona. Tarvittaessa se voidaan kiinnitt\u00e4\u00e4 riippumatotelineeseen tai yksinkertaisesti kahden puun v\u00e4liin! Kevyt paino ja kompaktit mitat tekev\u00e4t riippumatosta ihanteellisen seuralaisen. Huomautus: 1. Avaamisen yhteydess\u00e4 huomioi riippumaton taittoj\u00e4rjestys, jotta voit taittaa maton uudelleen oikein ja laittaa sen pussiin. 2. Valvo lapsia, kun he leikkiv\u00e4t riippumatossa. 3. Riippumaton v\u00e4ri voi poiketa hieman kuvassa esitetyst\u00e4 tuotteesta \u2013 t\u00e4m\u00e4 johtuu valon osumisesta ja n\u00e4yt\u00f6n v\u00e4rien n\u00e4ytt\u00e4misest\u00e4. 4. Huomaa, ett\u00e4 riippumatto venyy k\u00e4yt\u00f6n my\u00f6t\u00e4. T\u00e4ll\u00f6in lyhenn\u00e4 kiinnitetty\u00e4 k\u00f6ytt\u00e4. Huomaa kuitenkin, ett\u00e4 kuormitetun riippumaton syvin kohta tulee olla 20\u201340 cm maanpinnan yl\u00e4puolella. V\u00e4lt\u00e4 my\u00f6s riippumaton liiallista kirist\u00e4mist\u00e4.   5. Ripustamiseen tarvittavat nauhat ja koukut eiv\u00e4t sis\u00e4lly toimitukseen. Ne voidaan kuitenkin tilata erikseen meilt\u00e4. Tuotetiedot: &#8211; Materiaali: 70 % puuvillaa + 30 % polyesteri\u00e4, 320 g\/m\u00b2 &#8211; Makaamispinta: 210 x 150 cm &#8211; Kokonaispituus: 300 cm &#8211; Tyyny: 70 x 40 cm &#8211; Poikkipuu: 120 x 3,2 x 2,2 cm &#8211; Maks. kantavuus: 300 kg Toimitus sis\u00e4lt\u00e4\u00e4: &#8211; 1 x riippumatto &#8211; 2 x tyyny &#8211; 1 x kuljetuspussi<\/p>\n","protected":false},"excerpt":{"rendered":"<p>Riippumatto 210 x 150 cm, ulkok\u00e4ytt\u00f6\u00f6n, 2 puupalkkia, 2 tyyny\u00e4, kantavuus enint\u00e4\u00e4n 300 kg, sinivihre\u00e4 raidallinen<\/p>\n","protected":false},"featured_media":46568,"comment_status":"open","ping_status":"closed","template":"","meta":[],"product_brand":[],"product_cat":[32],"product_tag":[],"class_list":{"0":"post-30505","1":"product","2":"type-product","3":"status-publish","4":"has-post-thumbnail","6":"product_cat-uncategorized-fi","8":"first","9":"instock","10":"shipping-taxable","11":"purchasable","12":"product-type-simple"},"_links":{"self":[{"href":"https:\/\/nordicmart.andreevmaster.com\/fi\/wp-json\/wp\/v2\/product\/30505","targetHints":{"allow":["GET"]}}],"collection":[{"href":"https:\/\/nordicmart.andreevmaster.com\/fi\/wp-json\/wp\/v2\/product"}],"about":[{"href":"https:\/\/nordicmart.andreevmaster.com\/fi\/wp-json\/wp\/v2\/types\/product"}],"replies":[{"embeddable":true,"href":"https:\/\/nordicmart.andreevmaster.com\/fi\/wp-json\/wp\/v2\/comments?post=30505"}],"wp:featuredmedia":[{"embeddable":true,"href":"https:\/\/nordicmart.andreevmaster.com\/fi\/wp-json\/wp\/v2\/media\/46568"}],"wp:attachment":[{"href":"https:\/\/nordicmart.andreevmaster.com\/fi\/wp-json\/wp\/v2\/media?parent=30505"}],"wp:term":[{"taxonomy":"product_brand","embeddable":true,"href":"https:\/\/nordicmart.andreevmaster.com\/fi\/wp-json\/wp\/v2\/product_brand?post=30505"},{"taxonomy":"product_cat","embeddable":true,"href":"https:\/\/nordicmart.andreevmaster.com\/fi\/wp-json\/wp\/v2\/product_cat?post=30505"},{"taxonomy":"product_tag","embeddable":true,"href":"https:\/\/nordicmart.andreevmaster.com\/fi\/wp-json\/wp\/v2\/product_tag?post=30505"}],"curies":[{"name":"wp","href":"https:\/\/api.w.org\/{rel}","templated":true}]}}