{"id":30502,"date":"2026-02-27T00:10:15","date_gmt":"2026-02-27T00:10:15","guid":{"rendered":"https:\/\/nordicmart.andreevmaster.com\/product\/songmics-riipputuoli-riippukeinu-2-tyynylla-riipputuoli-metalliketju\/"},"modified":"2026-02-27T09:33:49","modified_gmt":"2026-02-27T09:33:49","slug":"songmics-riipputuoli-riippukeinu-2-tyynylla-riipputuoli-metalliketju","status":"publish","type":"product","link":"https:\/\/nordicmart.andreevmaster.com\/fi\/tuote\/songmics-riipputuoli-riippukeinu-2-tyynylla-riipputuoli-metalliketju\/","title":{"rendered":"SONGMICS riipputuoli, riippukeinu 2 tyynyll\u00e4, riipputuoli, metalliketju"},"content":{"rendered":"<p>Riipputuoli, riippukeinu 2 tyynyll\u00e4, riipputuoli, metalliketju, kantavuus 150 kg, sis\u00e4- ja ulkok\u00e4ytt\u00f6\u00f6n, olohuone, makuuhuone, liuskekivi harmaa<br \/>\n&#8211; V\u00e4ri: kyyhkynharmaa<br \/>\n&#8211; Materiaali: polyester-puuvillaseos, polyester-t\u00e4yte, ter\u00e4sputki<br \/>\n&#8211; Riipputuolin korkeus: 140 cm<br \/>\n&#8211; Kangasistuimen koko: 150 x 128 cm (P x L)<br \/>\n&#8211; Jokaisen tyynyn koko: 40 x 40 cm (P x L)<br \/>\n&#8211; Paino: 3,4 kg<br \/>\n&#8211; Maks. staattinen kantavuus: 150 kg<\/p>\n","protected":false},"excerpt":{"rendered":"<p>Riipputuoli, riippukeinu 2 tyynyll\u00e4, riipputuoli, metalliketju, kantavuus 150 kg, sis\u00e4- ja ulkok\u00e4ytt\u00f6\u00f6n, olohuone, makuuhuone, liuskekivi harmaa<\/p>\n","protected":false},"featured_media":39762,"comment_status":"open","ping_status":"closed","template":"","meta":[],"product_brand":[],"product_cat":[32],"product_tag":[],"class_list":{"0":"post-30502","1":"product","2":"type-product","3":"status-publish","4":"has-post-thumbnail","6":"product_cat-uncategorized-fi","8":"first","9":"instock","10":"shipping-taxable","11":"purchasable","12":"product-type-simple"},"_links":{"self":[{"href":"https:\/\/nordicmart.andreevmaster.com\/fi\/wp-json\/wp\/v2\/product\/30502","targetHints":{"allow":["GET"]}}],"collection":[{"href":"https:\/\/nordicmart.andreevmaster.com\/fi\/wp-json\/wp\/v2\/product"}],"about":[{"href":"https:\/\/nordicmart.andreevmaster.com\/fi\/wp-json\/wp\/v2\/types\/product"}],"replies":[{"embeddable":true,"href":"https:\/\/nordicmart.andreevmaster.com\/fi\/wp-json\/wp\/v2\/comments?post=30502"}],"wp:featuredmedia":[{"embeddable":true,"href":"https:\/\/nordicmart.andreevmaster.com\/fi\/wp-json\/wp\/v2\/media\/39762"}],"wp:attachment":[{"href":"https:\/\/nordicmart.andreevmaster.com\/fi\/wp-json\/wp\/v2\/media?parent=30502"}],"wp:term":[{"taxonomy":"product_brand","embeddable":true,"href":"https:\/\/nordicmart.andreevmaster.com\/fi\/wp-json\/wp\/v2\/product_brand?post=30502"},{"taxonomy":"product_cat","embeddable":true,"href":"https:\/\/nordicmart.andreevmaster.com\/fi\/wp-json\/wp\/v2\/product_cat?post=30502"},{"taxonomy":"product_tag","embeddable":true,"href":"https:\/\/nordicmart.andreevmaster.com\/fi\/wp-json\/wp\/v2\/product_tag?post=30502"}],"curies":[{"name":"wp","href":"https:\/\/api.w.org\/{rel}","templated":true}]}}