{"id":30501,"date":"2026-02-27T00:10:15","date_gmt":"2026-02-27T00:10:15","guid":{"rendered":"https:\/\/nordicmart.andreevmaster.com\/product\/songmics-riipputuoli-riippukeinu-2-tyynylla-riipputuoli\/"},"modified":"2026-02-27T09:33:49","modified_gmt":"2026-02-27T09:33:49","slug":"songmics-riipputuoli-riippukeinu-2-tyynylla-riipputuoli","status":"publish","type":"product","link":"https:\/\/nordicmart.andreevmaster.com\/fi\/tuote\/songmics-riipputuoli-riippukeinu-2-tyynylla-riipputuoli\/","title":{"rendered":"SONGMICS riipputuoli, riippukeinu 2 tyynyll\u00e4, riipputuoli"},"content":{"rendered":"<p>Riipputuoli, riippukeinu 2 tyynyll\u00e4, riipputuoli, metalliketju, kantavuus 150 kg, sis\u00e4- ja ulkok\u00e4ytt\u00f6\u00f6n, olohuone, makuuhuone, kermanvalkoinen<br \/>\nTuotetiedot:<br \/>\n&#8211; V\u00e4ri: kermanvalkoinen<br \/>\n&#8211; Materiaali: polyester-puuvillaseos, polyester-t\u00e4yte, ter\u00e4sputki<br \/>\n&#8211; Riipputuolin korkeus: 140 cm<br \/>\n&#8211; Kangasistuimen koko: 150 x 128 cm (P x L)<br \/>\n&#8211; Jokaisen tyynyn koko: 40 x 40 cm (P x L)<br \/>\n&#8211; Paino: 3,4 kg<br \/>\n&#8211; Maks. staattinen kantavuus: 150 kg<\/p>\n<p>Toimitus sis\u00e4lt\u00e4\u00e4:<br \/>\n&#8211; 1 x riipputuoli<br \/>\n&#8211; 2 x tyyny<br \/>\n&#8211; 1 x metalliketju<br \/>\n&#8211; 1 x karabiinikoukku<br \/>\n&#8211; 1 x ohjeet<\/p>\n<p>Huomautukset:<br \/>\n&#8211; T\u00e4m\u00e4n riipputuolin suurin staattinen kantavuus on 150 kg. \u00c4l\u00e4 ylit\u00e4 t\u00e4t\u00e4 enimm\u00e4ispainoa.<br \/>\n&#8211; \u00c4l\u00e4 altista t\u00e4t\u00e4 riipputuolia auringonvalolle tai sateelle pitk\u00e4ksi aikaa.<br \/>\n&#8211; Tarkista riipputuolin vakaus aina ennen k\u00e4ytt\u00f6\u00e4.<\/p>\n","protected":false},"excerpt":{"rendered":"<p>Riipputuoli, riippukeinu 2 tyynyll\u00e4, riipputuoli, metalliketju, kantavuus 150 kg, sis\u00e4- ja ulkok\u00e4ytt\u00f6\u00f6n, olohuone, makuuhuone, kermanvalkoinen<\/p>\n","protected":false},"featured_media":39761,"comment_status":"open","ping_status":"closed","template":"","meta":[],"product_brand":[],"product_cat":[32],"product_tag":[],"class_list":{"0":"post-30501","1":"product","2":"type-product","3":"status-publish","4":"has-post-thumbnail","6":"product_cat-uncategorized-fi","8":"first","9":"instock","10":"shipping-taxable","11":"purchasable","12":"product-type-simple"},"_links":{"self":[{"href":"https:\/\/nordicmart.andreevmaster.com\/fi\/wp-json\/wp\/v2\/product\/30501","targetHints":{"allow":["GET"]}}],"collection":[{"href":"https:\/\/nordicmart.andreevmaster.com\/fi\/wp-json\/wp\/v2\/product"}],"about":[{"href":"https:\/\/nordicmart.andreevmaster.com\/fi\/wp-json\/wp\/v2\/types\/product"}],"replies":[{"embeddable":true,"href":"https:\/\/nordicmart.andreevmaster.com\/fi\/wp-json\/wp\/v2\/comments?post=30501"}],"wp:featuredmedia":[{"embeddable":true,"href":"https:\/\/nordicmart.andreevmaster.com\/fi\/wp-json\/wp\/v2\/media\/39761"}],"wp:attachment":[{"href":"https:\/\/nordicmart.andreevmaster.com\/fi\/wp-json\/wp\/v2\/media?parent=30501"}],"wp:term":[{"taxonomy":"product_brand","embeddable":true,"href":"https:\/\/nordicmart.andreevmaster.com\/fi\/wp-json\/wp\/v2\/product_brand?post=30501"},{"taxonomy":"product_cat","embeddable":true,"href":"https:\/\/nordicmart.andreevmaster.com\/fi\/wp-json\/wp\/v2\/product_cat?post=30501"},{"taxonomy":"product_tag","embeddable":true,"href":"https:\/\/nordicmart.andreevmaster.com\/fi\/wp-json\/wp\/v2\/product_tag?post=30501"}],"curies":[{"name":"wp","href":"https:\/\/api.w.org\/{rel}","templated":true}]}}