{"id":30495,"date":"2026-02-27T00:10:13","date_gmt":"2026-02-27T00:10:13","guid":{"rendered":"https:\/\/nordicmart.andreevmaster.com\/product\/songmics-apinakeinu-sininen-valkoinen\/"},"modified":"2026-02-27T09:33:48","modified_gmt":"2026-02-27T09:33:48","slug":"songmics-apinakeinu-sininen-valkoinen","status":"publish","type":"product","link":"https:\/\/nordicmart.andreevmaster.com\/fi\/tuote\/songmics-apinakeinu-sininen-valkoinen\/","title":{"rendered":"SONGMICS apinakeinu sininen-valkoinen"},"content":{"rendered":"<p>Sis\u00e4- tai ulkok\u00e4ytt\u00f6 Ripusta t\u00e4m\u00e4 tuoli puutarhaan tai terassille ja luo oma rentoutumispaikka. T\u00e4\u00e4ll\u00e4 voit lukea kirjoja tai ottaa torkut mukavana iltap\u00e4iv\u00e4n\u00e4. Tai luo t\u00e4ll\u00e4 riipputuolilla rauhan keidas makuuhuoneeseesi tai olohuoneeseesi. Olipa ulkona kuuma tai kylm\u00e4, t\u00e4ss\u00e4 voit k\u00e4perty\u00e4 kuin kissa, kuunnella musiikkia tai katsoa elokuvaa ja unohtaa arjen stressin. Jokainen ansaitsee rentoutua pitk\u00e4n p\u00e4iv\u00e4n j\u00e4lkeen. Kauniit asiat on hyv\u00e4 jakaa perheen tai yst\u00e4vien kanssa. Jos t\u00e4m\u00e4 riipputuoli on kuitenkin niin mukava, ett\u00e4 haluat k\u00e4ytt\u00e4\u00e4 sit\u00e4 itse, kannattaa ehk\u00e4 tilata kaksi! Ripusta ne vierekk\u00e4in, niin voit istua yst\u00e4viesi kanssa ja keskustella mukavasti samalla kun nautit puutarhasi luonnon kauneudesta. Tuotetiedot: &#8211; V\u00e4ri: sinivalkoinen raidallinen V\u00e4ri: sateenkaaren v\u00e4rit &#8211; Materiaali: polyesteri, puuvilla, vaahtomuovit\u00e4yte, massiivipuu &#8211; Istuimen mitat: 60 x 45 cm (P x L) &#8211; Selk\u00e4nojan mitat: 60 x 50 cm (P x L) &#8211; Paino: 1,8 kg &#8211; Maks. kantavuus: 200 kg Toimitus sis\u00e4lt\u00e4\u00e4: &#8211; 1 x riipputuoli &#8211; 1 x ohjeet (DE, EN, FR, ES, IT) SONGMICS Huomautukset: &#8211; Lapset saavat k\u00e4ytt\u00e4\u00e4 riipputuolia vain aikuisten valvonnassa. &#8211; Tuotteen v\u00e4ri voi vaihdella eri n\u00e4yt\u00f6ill\u00e4, joten v\u00e4reiss\u00e4 voi olla eroja. &#8211; Ilmoittamamme mitat on mitattu manuaalisesti, joten tuotteen mitat voivat poiketa niist\u00e4 enint\u00e4\u00e4n 5 cm.<\/p>\n","protected":false},"excerpt":{"rendered":"<p>SONGMICS riipputuoli, keinutuoli, makuualusta noin 95 x 60 cm, puutanko 90 x 3,2 cm (P x \u00d8), kantavuus 200 kg, sis\u00e4- ja ulkok\u00e4ytt\u00f6\u00f6n, puutarhaan, sinivalkoinen raidallinen GDC45WQ<\/p>\n","protected":false},"featured_media":39755,"comment_status":"open","ping_status":"closed","template":"","meta":[],"product_brand":[],"product_cat":[32],"product_tag":[],"class_list":{"0":"post-30495","1":"product","2":"type-product","3":"status-publish","4":"has-post-thumbnail","6":"product_cat-uncategorized-fi","8":"first","9":"instock","10":"shipping-taxable","11":"purchasable","12":"product-type-simple"},"_links":{"self":[{"href":"https:\/\/nordicmart.andreevmaster.com\/fi\/wp-json\/wp\/v2\/product\/30495","targetHints":{"allow":["GET"]}}],"collection":[{"href":"https:\/\/nordicmart.andreevmaster.com\/fi\/wp-json\/wp\/v2\/product"}],"about":[{"href":"https:\/\/nordicmart.andreevmaster.com\/fi\/wp-json\/wp\/v2\/types\/product"}],"replies":[{"embeddable":true,"href":"https:\/\/nordicmart.andreevmaster.com\/fi\/wp-json\/wp\/v2\/comments?post=30495"}],"wp:featuredmedia":[{"embeddable":true,"href":"https:\/\/nordicmart.andreevmaster.com\/fi\/wp-json\/wp\/v2\/media\/39755"}],"wp:attachment":[{"href":"https:\/\/nordicmart.andreevmaster.com\/fi\/wp-json\/wp\/v2\/media?parent=30495"}],"wp:term":[{"taxonomy":"product_brand","embeddable":true,"href":"https:\/\/nordicmart.andreevmaster.com\/fi\/wp-json\/wp\/v2\/product_brand?post=30495"},{"taxonomy":"product_cat","embeddable":true,"href":"https:\/\/nordicmart.andreevmaster.com\/fi\/wp-json\/wp\/v2\/product_cat?post=30495"},{"taxonomy":"product_tag","embeddable":true,"href":"https:\/\/nordicmart.andreevmaster.com\/fi\/wp-json\/wp\/v2\/product_tag?post=30495"}],"curies":[{"name":"wp","href":"https:\/\/api.w.org\/{rel}","templated":true}]}}