{"id":30494,"date":"2026-02-27T00:10:13","date_gmt":"2026-02-27T00:10:13","guid":{"rendered":"https:\/\/nordicmart.andreevmaster.com\/product\/songmics-riipputuoli-paksulla-tyynylla-kermanvalkoinen\/"},"modified":"2026-02-27T09:33:48","modified_gmt":"2026-02-27T09:33:48","slug":"songmics-riipputuoli-paksulla-tyynylla-kermanvalkoinen","status":"publish","type":"product","link":"https:\/\/nordicmart.andreevmaster.com\/fi\/tuote\/songmics-riipputuoli-paksulla-tyynylla-kermanvalkoinen\/","title":{"rendered":"SONGMICS riipputuoli paksulla tyynyll\u00e4, kermanvalkoinen"},"content":{"rendered":"<p>L\u00f6yd\u00e4 sis\u00e4inen laiskiainen: aurinko laskee, linnut laulavat puutarhassasi, istut mukavassa riipputuolissa, k\u00e4pertyt paksuun istuintyynyyn ja olet t\u00e4ysin rauhallinen ja rentoutunut. Mik\u00e4 ihana ilta! Onko t\u00e4m\u00e4n riipputuolin ripustaminen vaikeaa? Ei lainkaan. Toimitamme mukana sopivat asennustarvikkeet. Niihin kuuluu ruuvit sek\u00e4 puukattoihin tai -palkkeihin ett\u00e4 betonikattoihin. Poraa vain 4 reik\u00e4\u00e4 kattoon, kiinnit\u00e4 laippa ruuveilla ja ripusta tuoli karabiinien avulla. Rautaketjun avulla voit s\u00e4\u00e4t\u00e4\u00e4 keinutuolin korkeutta. Voit tietysti kiinnitt\u00e4\u00e4 riipputuolin my\u00f6s sit\u00e4 varten tarkoitettuihin telineisiin. Tuotetiedot: V\u00e4ri: kermanvalkoinen Materiaali: puuvilla, rauta Korkeus ripustettuna (ilman ketjua): 133 cm Istuimen halkaisija: 60 cm Ulomman renkaan halkaisija: 80 cm Paino: 4,5 kg Maks. staattinen kantavuus: 120 kgToimitus sis\u00e4lt\u00e4\u00e4:1 x riipputuoli1 x tyyny1 x rautaketju1 x laippa4 x ruuvi betonikattoihin4 x ruuvi puukattoihin3 x karabiinikiinnike1 x ohjeet (DE, EN, FR, IT, ES)SONGMICS-huomautukset:T\u00e4m\u00e4n tuotteen suurin staattinen kantavuus on 120 kg. \u00c4l\u00e4 ylit\u00e4 t\u00e4t\u00e4 enimm\u00e4ispainoa. \u00c4l\u00e4 altista tuotetta auringonvalolle tai sateelle pitk\u00e4ksi aikaa. Tarkista riipputuolin vakaus aina ennen k\u00e4ytt\u00f6\u00e4. Lapset saavat k\u00e4ytt\u00e4\u00e4 t\u00e4t\u00e4 tuotetta vain aikuisen valvonnassa.<\/p>\n","protected":false},"excerpt":{"rendered":"<p>SONGMICS riipputuoli, apinakeinu 8 cm paksulla tyynyll\u00e4, riippukori, riippukeinu, terassi, parveke, puutarha, olohuone, kantavuus 120 kg, asennustarvikkeet mukana, shabby chic, kermanvalkoinen GDC41WT<\/p>\n","protected":false},"featured_media":39754,"comment_status":"open","ping_status":"closed","template":"","meta":[],"product_brand":[],"product_cat":[32],"product_tag":[],"class_list":{"0":"post-30494","1":"product","2":"type-product","3":"status-publish","4":"has-post-thumbnail","6":"product_cat-uncategorized-fi","8":"first","9":"instock","10":"shipping-taxable","11":"purchasable","12":"product-type-simple"},"_links":{"self":[{"href":"https:\/\/nordicmart.andreevmaster.com\/fi\/wp-json\/wp\/v2\/product\/30494","targetHints":{"allow":["GET"]}}],"collection":[{"href":"https:\/\/nordicmart.andreevmaster.com\/fi\/wp-json\/wp\/v2\/product"}],"about":[{"href":"https:\/\/nordicmart.andreevmaster.com\/fi\/wp-json\/wp\/v2\/types\/product"}],"replies":[{"embeddable":true,"href":"https:\/\/nordicmart.andreevmaster.com\/fi\/wp-json\/wp\/v2\/comments?post=30494"}],"wp:featuredmedia":[{"embeddable":true,"href":"https:\/\/nordicmart.andreevmaster.com\/fi\/wp-json\/wp\/v2\/media\/39754"}],"wp:attachment":[{"href":"https:\/\/nordicmart.andreevmaster.com\/fi\/wp-json\/wp\/v2\/media?parent=30494"}],"wp:term":[{"taxonomy":"product_brand","embeddable":true,"href":"https:\/\/nordicmart.andreevmaster.com\/fi\/wp-json\/wp\/v2\/product_brand?post=30494"},{"taxonomy":"product_cat","embeddable":true,"href":"https:\/\/nordicmart.andreevmaster.com\/fi\/wp-json\/wp\/v2\/product_cat?post=30494"},{"taxonomy":"product_tag","embeddable":true,"href":"https:\/\/nordicmart.andreevmaster.com\/fi\/wp-json\/wp\/v2\/product_tag?post=30494"}],"curies":[{"name":"wp","href":"https:\/\/api.w.org\/{rel}","templated":true}]}}