{"id":30493,"date":"2026-02-27T00:10:13","date_gmt":"2026-02-27T00:10:13","guid":{"rendered":"https:\/\/nordicmart.andreevmaster.com\/product\/songmics-riippumatto-2-hengelle-sininen-beige\/"},"modified":"2026-02-27T09:33:48","modified_gmt":"2026-02-27T09:33:48","slug":"songmics-riippumatto-2-hengelle-sininen-beige","status":"publish","type":"product","link":"https:\/\/nordicmart.andreevmaster.com\/fi\/tuote\/songmics-riippumatto-2-hengelle-sininen-beige\/","title":{"rendered":"SONGMICS riippumatto 2 hengelle, sininen-beige"},"content":{"rendered":"<p>Sopii puutarhaan Kiinnit\u00e4 t\u00e4m\u00e4 riippumatto puutarhaan tai takapihalle ja tee siit\u00e4 osa jokap\u00e4iv\u00e4ist\u00e4 el\u00e4m\u00e4\u00e4si. Voit viett\u00e4\u00e4 mukavan iltap\u00e4iv\u00e4n lukemalla kirjaa tai ottamalla nokoset, tai makoilla siin\u00e4 lastesi kanssa ja katsella y\u00f6ll\u00e4 t\u00e4hti\u00e4. Sopii olohuoneeseen Luo olohuoneeseesi rauhan keidas t\u00e4ll\u00e4 pehmustetulla riippumatolla. Olipa ulkona kuuma tai kylm\u00e4, voit k\u00e4perty\u00e4 t\u00e4h\u00e4n kuin kissa, kuunnella musiikkia tai katsoa elokuvaa ja unohtaa arjen stressin. Sopii rannalle Makaa kumppanisi kanssa t\u00e4ss\u00e4 suuressa riippumatossa ja nauti sinisest\u00e4 merest\u00e4, raikkaasta tuulesta ja aaltojen rauhoittavasta \u00e4\u00e4nest\u00e4. Haluatko katsella auringonlaskua? Ei h\u00e4t\u00e4\u00e4! Sopii matkalle Kiinnit\u00e4 t\u00e4m\u00e4 riippumatto kahteen puuhun ja istu tai makaa siin\u00e4 grillijuhlien j\u00e4lkeen. Lapsesi ja koirasi leikkiv\u00e4t l\u00e4hell\u00e4, sin\u00e4 keinut t\u00e4ss\u00e4 riippumatossa edestakaisin \u2013 mukava loma koko perheen kanssa! Tuotetiedot: &#8211; V\u00e4ri: sininen-beige &#8211; Materiaali: 300D Oxford-kangas, metalli, polyesterit\u00e4yte, bambu &#8211; Koko: 200 x 140 cm (P x L) &#8211; Kokonaispituus: 335 cm &#8211; Tyynyn mitat: 110 x 26 cm (P x \u00d8) &#8211; Paino: 5,5 kg &#8211; Maks. staattinen kantavuus: 225 kgToimitus sis\u00e4lt\u00e4\u00e4: &#8211; 1 x riippumatto &#8211; 1 x irrotettava tyyny &#8211; 1 x ohjeet (DE, EN, FR, ES, IT)SONGMICS Huomautukset: &#8211; Koska tuotteen v\u00e4ri voi vaihdella eri n\u00e4yt\u00f6ill\u00e4, v\u00e4reiss\u00e4 voi olla eroja. &#8211; Ilmoittamamme mitat on mitattu manuaalisesti, joten tuotteen mitat voivat poiketa niist\u00e4 enint\u00e4\u00e4n 5 cm. &#8211; Hihnat ja karabiinikoukut eiv\u00e4t sis\u00e4lly toimitukseen.<\/p>\n","protected":false},"excerpt":{"rendered":"<p>SONGMICS riippumatto 2 hengelle, pehmustettu, tikattu, jaettavilla kaarevilla bambutangoilla, tyynyill\u00e4, Oxford-kangas, 200 x 140 cm, kantavuus 225 kg, kermanvalkoinen-beige GDC34BE<\/p>\n","protected":false},"featured_media":39753,"comment_status":"open","ping_status":"closed","template":"","meta":[],"product_brand":[],"product_cat":[32],"product_tag":[],"class_list":{"0":"post-30493","1":"product","2":"type-product","3":"status-publish","4":"has-post-thumbnail","6":"product_cat-uncategorized-fi","8":"first","9":"instock","10":"shipping-taxable","11":"purchasable","12":"product-type-simple"},"_links":{"self":[{"href":"https:\/\/nordicmart.andreevmaster.com\/fi\/wp-json\/wp\/v2\/product\/30493","targetHints":{"allow":["GET"]}}],"collection":[{"href":"https:\/\/nordicmart.andreevmaster.com\/fi\/wp-json\/wp\/v2\/product"}],"about":[{"href":"https:\/\/nordicmart.andreevmaster.com\/fi\/wp-json\/wp\/v2\/types\/product"}],"replies":[{"embeddable":true,"href":"https:\/\/nordicmart.andreevmaster.com\/fi\/wp-json\/wp\/v2\/comments?post=30493"}],"wp:featuredmedia":[{"embeddable":true,"href":"https:\/\/nordicmart.andreevmaster.com\/fi\/wp-json\/wp\/v2\/media\/39753"}],"wp:attachment":[{"href":"https:\/\/nordicmart.andreevmaster.com\/fi\/wp-json\/wp\/v2\/media?parent=30493"}],"wp:term":[{"taxonomy":"product_brand","embeddable":true,"href":"https:\/\/nordicmart.andreevmaster.com\/fi\/wp-json\/wp\/v2\/product_brand?post=30493"},{"taxonomy":"product_cat","embeddable":true,"href":"https:\/\/nordicmart.andreevmaster.com\/fi\/wp-json\/wp\/v2\/product_cat?post=30493"},{"taxonomy":"product_tag","embeddable":true,"href":"https:\/\/nordicmart.andreevmaster.com\/fi\/wp-json\/wp\/v2\/product_tag?post=30493"}],"curies":[{"name":"wp","href":"https:\/\/api.w.org\/{rel}","templated":true}]}}