{"id":30489,"date":"2026-02-27T00:10:12","date_gmt":"2026-02-27T00:10:12","guid":{"rendered":"https:\/\/nordicmart.andreevmaster.com\/product\/songmics-riippumatto-2-tyynylla-varikas\/"},"modified":"2026-02-27T09:33:47","modified_gmt":"2026-02-27T09:33:47","slug":"songmics-riippumatto-2-tyynylla-varikas","status":"publish","type":"product","link":"https:\/\/nordicmart.andreevmaster.com\/fi\/tuote\/songmics-riippumatto-2-tyynylla-varikas\/","title":{"rendered":"SONGMICS-riippumatto 2 tyynyll\u00e4, v\u00e4rik\u00e4s"},"content":{"rendered":"<p>T\u00e4ydellinen istuma- ja makuupaikka sis\u00e4- ja ulkok\u00e4ytt\u00f6\u00f6n \/ suurille ja pienille. Mik\u00e4 voisi olla mukavampaa kuin heitt\u00e4yty\u00e4 SONGMICS-riippumattoon raskaan p\u00e4iv\u00e4n j\u00e4lkeen ja antaa mielen lev\u00e4t\u00e4. Rentouttavan, rauhoittavan keinumisen aikana fyysinen ja henkinen hyvinvointisi paranee ja voit unohtaa arjen huolet. Heng\u00e4stys on my\u00f6s todellinen katseenvangitsija. Raikkaat, iloiset v\u00e4rit ja valtava, mukava kangas pinta saavat sinut tuntemaan olosi kuin v\u00e4rikk\u00e4\u00e4ss\u00e4 rauhan keitaassa, k\u00e4ytitp\u00e4 heng\u00e4styst\u00e4 puutarhassa, retkeilless\u00e4 tai parvekkeella. Tuotteemme tarjoaa kuitenkin paitsi poikkeuksellisen paljon mukavuutta, my\u00f6s ultrakevyyden, kest\u00e4vyyden ja vakauden. Tangoh\u00e4ngematto on monik\u00e4ytt\u00f6inen ja voi toimia esimerkiksi sohvana, riipputuolina tai jopa vauvan kehtona. Tarvittaessa voit my\u00f6s kiinnitt\u00e4\u00e4 sen h\u00e4ngemattojalustaan tai ripustaa kahden puun v\u00e4liin. Kevyen painonsa ja kompaktien mittojensa ansiosta riippumattoa voi my\u00f6s kuljettaa mukanasi minne tahansa. Tuotetiedot: &#8211; Materiaali: 70 % puuvillaa + 30 % polyesteri\u00e4, 320 g\/m\u00b2 &#8211; Makaamispinta: 210 x 150 cm &#8211; Kokonaispituus: 300 cm &#8211; Tyyny: 70 x 40 cm &#8211; Poikkipuu: 120 x 3,2 x 2,2 cm &#8211; Maks. kantavuus: 300 kg Toimitus sis\u00e4lt\u00e4\u00e4: &#8211; 1 x riippumatto &#8211; 2 x tyyny &#8211; 1 x kuljetuspussi<\/p>\n","protected":false},"excerpt":{"rendered":"<p>SONGMICS riippumatto, useamman hengen riippumatto, kannettava ja hengitt\u00e4v\u00e4, 210 x 150 cm, T\u00dcV Rheinland, 300 kg staattinen kantavuus, ulkok\u00e4ytt\u00f6\u00f6n, puutarhaan, beige GDC22M<\/p>\n","protected":false},"featured_media":39749,"comment_status":"open","ping_status":"closed","template":"","meta":[],"product_brand":[],"product_cat":[32],"product_tag":[],"class_list":{"0":"post-30489","1":"product","2":"type-product","3":"status-publish","4":"has-post-thumbnail","6":"product_cat-uncategorized-fi","8":"first","9":"instock","10":"shipping-taxable","11":"purchasable","12":"product-type-simple"},"_links":{"self":[{"href":"https:\/\/nordicmart.andreevmaster.com\/fi\/wp-json\/wp\/v2\/product\/30489","targetHints":{"allow":["GET"]}}],"collection":[{"href":"https:\/\/nordicmart.andreevmaster.com\/fi\/wp-json\/wp\/v2\/product"}],"about":[{"href":"https:\/\/nordicmart.andreevmaster.com\/fi\/wp-json\/wp\/v2\/types\/product"}],"replies":[{"embeddable":true,"href":"https:\/\/nordicmart.andreevmaster.com\/fi\/wp-json\/wp\/v2\/comments?post=30489"}],"wp:featuredmedia":[{"embeddable":true,"href":"https:\/\/nordicmart.andreevmaster.com\/fi\/wp-json\/wp\/v2\/media\/39749"}],"wp:attachment":[{"href":"https:\/\/nordicmart.andreevmaster.com\/fi\/wp-json\/wp\/v2\/media?parent=30489"}],"wp:term":[{"taxonomy":"product_brand","embeddable":true,"href":"https:\/\/nordicmart.andreevmaster.com\/fi\/wp-json\/wp\/v2\/product_brand?post=30489"},{"taxonomy":"product_cat","embeddable":true,"href":"https:\/\/nordicmart.andreevmaster.com\/fi\/wp-json\/wp\/v2\/product_cat?post=30489"},{"taxonomy":"product_tag","embeddable":true,"href":"https:\/\/nordicmart.andreevmaster.com\/fi\/wp-json\/wp\/v2\/product_tag?post=30489"}],"curies":[{"name":"wp","href":"https:\/\/api.w.org\/{rel}","templated":true}]}}