{"id":30488,"date":"2026-02-27T00:10:12","date_gmt":"2026-02-27T00:10:12","guid":{"rendered":"https:\/\/nordicmart.andreevmaster.com\/product\/songmics-riippumatto-2-hengelle-monivarinen\/"},"modified":"2026-02-27T09:33:47","modified_gmt":"2026-02-27T09:33:47","slug":"songmics-riippumatto-2-hengelle-monivarinen","status":"publish","type":"product","link":"https:\/\/nordicmart.andreevmaster.com\/fi\/tuote\/songmics-riippumatto-2-hengelle-monivarinen\/","title":{"rendered":"SONGMICS riippumatto 2 hengelle, moniv\u00e4rinen"},"content":{"rendered":"<p>Raikkaat, iloiset v\u00e4rit ja valtava kangasala tekev\u00e4t Songmics-riippumatosta sinulle oman lepopaikan. Kauniilla s\u00e4\u00e4ll\u00e4 ei ole mit\u00e4\u00e4n mukavampaa kuin rentoutua riippumatossa. Rentouttavan ja rauhoittavan keinumisen aikana koet fyysist\u00e4 ja henkist\u00e4 hyvinvointia. Songmics-riippumatto on kest\u00e4v\u00e4 ja vakaa. Tarvittaessa voit kiinnitt\u00e4\u00e4 sen riippumattotelineeseen tai yksinkertaisesti esimerkiksi kahden puun v\u00e4liin. Kun sit\u00e4 ei k\u00e4ytet\u00e4, se on yht\u00e4 nopeasti rullattava kokoon. Kevyt paino tekee riippumatosta ihanteellisen seuralaisen. Tuotetiedot: &#8211; Materiaali: &#8211; Riippumatto: 70 % puuvillaa + 30 % polyesteri\u00e4, 320 g\/m\u00b2 &#8211; Hihna: polyesteri 1000 D &#8211; Metallirenkaat ja karabiinikoukut: galvanoitu metalli &#8211; Makuutilan mitat: 210 x 150 cm &#8211; Nauhan mitat: 200 x 5 cm &#8211; Riippumaton kokonaispituus: 300 cm &#8211; Nauhan pituus: 200 cm &#8211; Tyynyn mitat: 70 x 40 cm &#8211; Puutangon mitat: 120 x 3,2 x 2,2 cm &#8211; Maks. kantavuus: 300 kg Toimitus sis\u00e4lt\u00e4\u00e4: &#8211; 1 x tangoh\u00e4ngematto &#8211; 2 x tyyny &#8211; 1 x kuljetuspussi &#8211; 2 x kiinnitysnauha &#8211; 2 x karabiinikoukku Huomautukset:- Kun avaat riippumaton, noudata riippumaton taitto-ohjeita, jotta voit taittaa maton oikein ja laittaa sen pussiin. &#8211; Valvo lapsia, kun he leikkiv\u00e4t riippumatossa. &#8211; Riippumaton v\u00e4ri voi poiketa hieman kuvassa esitetyst\u00e4 tuotteesta &#8211; t\u00e4m\u00e4 johtuu valon osumisesta ja n\u00e4yt\u00f6n v\u00e4rien n\u00e4ytt\u00e4misest\u00e4.- Huomaa, ett\u00e4 riippumatto venyy k\u00e4yt\u00f6n my\u00f6t\u00e4. T\u00e4ll\u00f6in lyhenn\u00e4 kiinnitetty\u00e4 k\u00f6ytt\u00e4. Huomaa kuitenkin, ett\u00e4 kuormitetun riippumaton syvin kohta tulee olla 20\u201340 cm maanpinnan yl\u00e4puolella. V\u00e4lt\u00e4 my\u00f6s riippumaton liiallista kirist\u00e4mist\u00e4.<\/p>\n","protected":false},"excerpt":{"rendered":"<p>SONGMICS riippumatto, useamman hengen riippumatto, kannettava ja hengitt\u00e4v\u00e4, 210 x 150 cm, T\u00dcV Rheinland, 300 kg staattinen kantavuus, ulkok\u00e4ytt\u00f6\u00f6n, puutarhaan, beige GDC22M<\/p>\n","protected":false},"featured_media":39748,"comment_status":"open","ping_status":"closed","template":"","meta":[],"product_brand":[],"product_cat":[32],"product_tag":[],"class_list":{"0":"post-30488","1":"product","2":"type-product","3":"status-publish","4":"has-post-thumbnail","6":"product_cat-uncategorized-fi","8":"first","9":"instock","10":"shipping-taxable","11":"purchasable","12":"product-type-simple"},"_links":{"self":[{"href":"https:\/\/nordicmart.andreevmaster.com\/fi\/wp-json\/wp\/v2\/product\/30488","targetHints":{"allow":["GET"]}}],"collection":[{"href":"https:\/\/nordicmart.andreevmaster.com\/fi\/wp-json\/wp\/v2\/product"}],"about":[{"href":"https:\/\/nordicmart.andreevmaster.com\/fi\/wp-json\/wp\/v2\/types\/product"}],"replies":[{"embeddable":true,"href":"https:\/\/nordicmart.andreevmaster.com\/fi\/wp-json\/wp\/v2\/comments?post=30488"}],"wp:featuredmedia":[{"embeddable":true,"href":"https:\/\/nordicmart.andreevmaster.com\/fi\/wp-json\/wp\/v2\/media\/39748"}],"wp:attachment":[{"href":"https:\/\/nordicmart.andreevmaster.com\/fi\/wp-json\/wp\/v2\/media?parent=30488"}],"wp:term":[{"taxonomy":"product_brand","embeddable":true,"href":"https:\/\/nordicmart.andreevmaster.com\/fi\/wp-json\/wp\/v2\/product_brand?post=30488"},{"taxonomy":"product_cat","embeddable":true,"href":"https:\/\/nordicmart.andreevmaster.com\/fi\/wp-json\/wp\/v2\/product_cat?post=30488"},{"taxonomy":"product_tag","embeddable":true,"href":"https:\/\/nordicmart.andreevmaster.com\/fi\/wp-json\/wp\/v2\/product_tag?post=30488"}],"curies":[{"name":"wp","href":"https:\/\/api.w.org\/{rel}","templated":true}]}}