{"id":30487,"date":"2026-02-27T00:10:12","date_gmt":"2026-02-27T00:10:12","guid":{"rendered":"https:\/\/nordicmart.andreevmaster.com\/product\/songmics-riippumatto-2-tyynylla\/"},"modified":"2026-02-27T09:33:47","modified_gmt":"2026-02-27T09:33:47","slug":"songmics-riippumatto-2-tyynylla","status":"publish","type":"product","link":"https:\/\/nordicmart.andreevmaster.com\/fi\/tuote\/songmics-riippumatto-2-tyynylla\/","title":{"rendered":"SONGMICS-riippumatto 2 tyynyll\u00e4"},"content":{"rendered":"<p>Sopii puutarhaan: Kiinnit\u00e4 t\u00e4m\u00e4 riippumatto puutarhaan tai takapihalle ja tee siit\u00e4 osa jokap\u00e4iv\u00e4ist\u00e4 el\u00e4m\u00e4\u00e4si. Voit viett\u00e4\u00e4 mukavan iltap\u00e4iv\u00e4n lukemalla kirjaa tai ottamalla torkut, tai makoilla siin\u00e4 lastesi kanssa ja katsella y\u00f6ll\u00e4 t\u00e4hti\u00e4. Sopii matkalle: Kiinnit\u00e4 t\u00e4m\u00e4 riippumatto kahteen puuhun ja istu tai makaa siin\u00e4 grillijuhlien j\u00e4lkeen. Lapsesi ja koirasi leikkiv\u00e4t l\u00e4hell\u00e4, sin\u00e4 keinut t\u00e4ss\u00e4 riippumatossa edestakaisin, mukava loma koko perheen kanssa! Lista jatkuu: t\u00e4ll\u00e4 riippumatolla luot oman turvapaikan parvekkeellesi tai terassillesi. Tai voit menn\u00e4 luontoon ja k\u00e4ytt\u00e4\u00e4 t\u00e4t\u00e4 riippumattoa mets\u00e4ss\u00e4 tai j\u00e4rven rannalla. Miss\u00e4 tahansa on puita tai riippumatoteline, siell\u00e4 on mahdollisuus k\u00e4ytt\u00e4\u00e4 t\u00e4t\u00e4 riippumattoa. Tuotetiedot: Materiaali: 380 g\/m\u00b2 sekoitekangas (70 % puuvillaa, 30 % polyesteri\u00e4), puu Makuutilan koko: 210 x 150 (P x L) Kokonaispituus: 300 cm Tyynyn koko: 70 x 40 cm (P x L) Kunkin puutangon koko: 120 x 3,2 x 2,2 cm (P x L x K) Paino: 4,1 kg Maks. staattinen kantavuus: 300 kg Toimitus sis\u00e4lt\u00e4\u00e4: 1 x riippumatto 2 x tyyny 1 x kuljetuslaukku SONGMICSin huomautukset:Lapset saavat k\u00e4ytt\u00e4\u00e4 tuotetta vain aikuisen valvonnassa. Tuotteen v\u00e4ri voi vaihdella eri n\u00e4yt\u00f6ill\u00e4, joten v\u00e4rieroja voi esiinty\u00e4. Varmista, ett\u00e4 riippumaton alin kohta on noin 20\u201340 cm lattiasta, koska riippumatto voi veny\u00e4 k\u00e4yt\u00f6n aikana. Hihnat ja karabiinikoukut eiv\u00e4t sis\u00e4lly toimitukseen.<\/p>\n","protected":false},"excerpt":{"rendered":"<p>SONGMICS riippumatto, useamman hengen riippumatto, kannettava ja hengitt\u00e4v\u00e4, 210 x 150 cm, T\u00dcV Rheinland, 300 kg staattinen kantavuus, ulkok\u00e4ytt\u00f6\u00f6n, puutarhaan, beige GDC22M<\/p>\n","protected":false},"featured_media":39747,"comment_status":"open","ping_status":"closed","template":"","meta":[],"product_brand":[],"product_cat":[32],"product_tag":[],"class_list":{"0":"post-30487","1":"product","2":"type-product","3":"status-publish","4":"has-post-thumbnail","6":"product_cat-uncategorized-fi","8":"first","9":"instock","10":"shipping-taxable","11":"purchasable","12":"product-type-simple"},"_links":{"self":[{"href":"https:\/\/nordicmart.andreevmaster.com\/fi\/wp-json\/wp\/v2\/product\/30487","targetHints":{"allow":["GET"]}}],"collection":[{"href":"https:\/\/nordicmart.andreevmaster.com\/fi\/wp-json\/wp\/v2\/product"}],"about":[{"href":"https:\/\/nordicmart.andreevmaster.com\/fi\/wp-json\/wp\/v2\/types\/product"}],"replies":[{"embeddable":true,"href":"https:\/\/nordicmart.andreevmaster.com\/fi\/wp-json\/wp\/v2\/comments?post=30487"}],"wp:featuredmedia":[{"embeddable":true,"href":"https:\/\/nordicmart.andreevmaster.com\/fi\/wp-json\/wp\/v2\/media\/39747"}],"wp:attachment":[{"href":"https:\/\/nordicmart.andreevmaster.com\/fi\/wp-json\/wp\/v2\/media?parent=30487"}],"wp:term":[{"taxonomy":"product_brand","embeddable":true,"href":"https:\/\/nordicmart.andreevmaster.com\/fi\/wp-json\/wp\/v2\/product_brand?post=30487"},{"taxonomy":"product_cat","embeddable":true,"href":"https:\/\/nordicmart.andreevmaster.com\/fi\/wp-json\/wp\/v2\/product_cat?post=30487"},{"taxonomy":"product_tag","embeddable":true,"href":"https:\/\/nordicmart.andreevmaster.com\/fi\/wp-json\/wp\/v2\/product_tag?post=30487"}],"curies":[{"name":"wp","href":"https:\/\/api.w.org\/{rel}","templated":true}]}}