{"id":30485,"date":"2026-02-27T00:10:11","date_gmt":"2026-02-27T00:10:11","guid":{"rendered":"https:\/\/nordicmart.andreevmaster.com\/product\/songmics-monen-hengen-riippumatto-varikas\/"},"modified":"2026-02-27T09:33:47","modified_gmt":"2026-02-27T09:33:47","slug":"songmics-monen-hengen-riippumatto-varikas","status":"publish","type":"product","link":"https:\/\/nordicmart.andreevmaster.com\/fi\/tuote\/songmics-monen-hengen-riippumatto-varikas\/","title":{"rendered":"SONGMICS monen hengen riippumatto, v\u00e4rik\u00e4s"},"content":{"rendered":"<p>Songmics-riippumatto on ihanteellinen rentoutumiseen ja mielen rauhoittamiseen. Rentouttavan ja rauhoittavan keinumisen aikana saavutat fyysisen ja henkisen hyvinvoinnin.Raikkaat, iloiset v\u00e4rit ja valtava kangas pinta tekev\u00e4t riippumatostamme rauhan keitaan sinulle. Olipa kyseess\u00e4 puutarha, parveke tai retkeily, suuri kangas pinta takaa poikkeuksellisen mukavuuden. Riippumatto on eritt\u00e4in kevyt, kest\u00e4v\u00e4 ja vakaa. Matot voivat toimia sohvana, keinuna ja jopa lasten kehtona. Eritt\u00e4in kuumassa ilmastossa ei ole mit\u00e4\u00e4n mukavampaa kuin rentoutua riippumatossa.Tarvittaessa voit kiinnitt\u00e4\u00e4 sen tavalliseen riippumatotelineeseen tai yksinkertaisesti esimerkiksi kahden puun v\u00e4liin! Kun et k\u00e4yt\u00e4 sit\u00e4, se on yht\u00e4 nopeasti rullattava kokoon. Kevyt paino ja kompaktit mitat tekev\u00e4t riippumatosta ihanteellisen seuralaisen.Tuotetiedot: &#8211; Materiaali: 70 % puuvillaa + 30 % polyesteri\u00e4, 320 g\/m\u00b2 &#8211; Makaamispinta: 210 x 150 cm &#8211; Kokonaispituus: 300 cm &#8211; Maks. kantavuus: 300 kg Toimitus sis\u00e4lt\u00e4\u00e4: &#8211; 1 x riippumatto &#8211; 1 x kuljetuspussi<\/p>\n","protected":false},"excerpt":{"rendered":"<p>SONGMICS Songmics riippumatto useammalle henkil\u00f6lle 210 x 150 cm, kantavuus 150 kg GDC210<\/p>\n","protected":false},"featured_media":39745,"comment_status":"open","ping_status":"closed","template":"","meta":[],"product_brand":[],"product_cat":[32],"product_tag":[],"class_list":{"0":"post-30485","1":"product","2":"type-product","3":"status-publish","4":"has-post-thumbnail","6":"product_cat-uncategorized-fi","8":"first","9":"instock","10":"shipping-taxable","11":"purchasable","12":"product-type-simple"},"_links":{"self":[{"href":"https:\/\/nordicmart.andreevmaster.com\/fi\/wp-json\/wp\/v2\/product\/30485","targetHints":{"allow":["GET"]}}],"collection":[{"href":"https:\/\/nordicmart.andreevmaster.com\/fi\/wp-json\/wp\/v2\/product"}],"about":[{"href":"https:\/\/nordicmart.andreevmaster.com\/fi\/wp-json\/wp\/v2\/types\/product"}],"replies":[{"embeddable":true,"href":"https:\/\/nordicmart.andreevmaster.com\/fi\/wp-json\/wp\/v2\/comments?post=30485"}],"wp:featuredmedia":[{"embeddable":true,"href":"https:\/\/nordicmart.andreevmaster.com\/fi\/wp-json\/wp\/v2\/media\/39745"}],"wp:attachment":[{"href":"https:\/\/nordicmart.andreevmaster.com\/fi\/wp-json\/wp\/v2\/media?parent=30485"}],"wp:term":[{"taxonomy":"product_brand","embeddable":true,"href":"https:\/\/nordicmart.andreevmaster.com\/fi\/wp-json\/wp\/v2\/product_brand?post=30485"},{"taxonomy":"product_cat","embeddable":true,"href":"https:\/\/nordicmart.andreevmaster.com\/fi\/wp-json\/wp\/v2\/product_cat?post=30485"},{"taxonomy":"product_tag","embeddable":true,"href":"https:\/\/nordicmart.andreevmaster.com\/fi\/wp-json\/wp\/v2\/product_tag?post=30485"}],"curies":[{"name":"wp","href":"https:\/\/api.w.org\/{rel}","templated":true}]}}