{"id":30483,"date":"2026-02-27T00:10:11","date_gmt":"2026-02-27T00:10:11","guid":{"rendered":"https:\/\/nordicmart.andreevmaster.com\/product\/songmics-riippumatto-300-x-200-cm-armeijanvihrea\/"},"modified":"2026-02-27T09:33:46","modified_gmt":"2026-02-27T09:33:46","slug":"songmics-riippumatto-300-x-200-cm-armeijanvihrea","status":"publish","type":"product","link":"https:\/\/nordicmart.andreevmaster.com\/fi\/tuote\/songmics-riippumatto-300-x-200-cm-armeijanvihrea\/","title":{"rendered":"SONGMICS riippumatto 300 x 200 cm armeijanvihre\u00e4"},"content":{"rendered":"<p>Rentouttavaa aikaa varten 2 hengen riippumatto on t\u00e4ydellinen rentouttavaan aikaan retkeilless\u00e4 tai puutarhassa. Niille, jotka ovat innokkaita retkeilem\u00e4\u00e4n, tekem\u00e4\u00e4n retki\u00e4 mets\u00e4\u00e4n tai vuorille, t\u00e4m\u00e4 kevyt ja nopeasti pakattava riippumatto on t\u00e4ydellinen kumppani, joka vie vain v\u00e4h\u00e4n tilaa ja jonka avulla voit rentoutua hetkess\u00e4. Kest\u00e4v\u00e4 ja pitk\u00e4ik\u00e4inen Se on helppo puhdistaa ja kuivuu nopeasti, mik\u00e4 on t\u00e4ydellist\u00e4 matkoilla. V\u00e4ri s\u00e4ilyy pitk\u00e4\u00e4n, joten voit nauttia riippumatosta pitk\u00e4\u00e4n. Tuotetiedot:  &#8211; Materiaali: 210T nailon &#8211; Tuotteen mitat: 300 x 200 cm (P x L) &#8211; Pakkauksen mitat: 20 x 12 cm (K x \u00d8) &#8211; Paino: 0,8 kg Toimitus sis\u00e4lt\u00e4\u00e4:  &#8211; 1 x riippumatto &#8211; 2 x raskaiden kuormien hihnat &#8211; 2 x karabiinikoukku SONGMICS Huomautukset:  &#8211; Lasten tulee leikki\u00e4 aikuisten valvonnassa ja aina kiinnitt\u00e4\u00e4 huomiota turvallisuuteen. &#8211; Varmista ennen k\u00e4ytt\u00f6\u00e4, ett\u00e4 riippumatossa ei ole ter\u00e4vi\u00e4 esineit\u00e4. &#8211; Valokuvien v\u00e4rit voivat poiketa todellisista v\u00e4reist\u00e4 monitorin asetusten mukaan. &#8211; Tarkista riippumaton ja kiinnityshihnojen kunto huolellisesti ennen jokaista k\u00e4ytt\u00f6kertaa.<\/p>\n","protected":false},"excerpt":{"rendered":"<p>SONGMICS riippumatto, ulkoilu, useammalle henkil\u00f6lle, makuutila 300 x 200 cm, ultrakevyt nyloninen matkatyyppinen riippumatto, T\u00dcV Rheinland -testattu, GDC20AC<\/p>\n","protected":false},"featured_media":39743,"comment_status":"open","ping_status":"closed","template":"","meta":[],"product_brand":[],"product_cat":[32],"product_tag":[],"class_list":{"0":"post-30483","1":"product","2":"type-product","3":"status-publish","4":"has-post-thumbnail","6":"product_cat-uncategorized-fi","8":"first","9":"instock","10":"shipping-taxable","11":"purchasable","12":"product-type-simple"},"_links":{"self":[{"href":"https:\/\/nordicmart.andreevmaster.com\/fi\/wp-json\/wp\/v2\/product\/30483","targetHints":{"allow":["GET"]}}],"collection":[{"href":"https:\/\/nordicmart.andreevmaster.com\/fi\/wp-json\/wp\/v2\/product"}],"about":[{"href":"https:\/\/nordicmart.andreevmaster.com\/fi\/wp-json\/wp\/v2\/types\/product"}],"replies":[{"embeddable":true,"href":"https:\/\/nordicmart.andreevmaster.com\/fi\/wp-json\/wp\/v2\/comments?post=30483"}],"wp:featuredmedia":[{"embeddable":true,"href":"https:\/\/nordicmart.andreevmaster.com\/fi\/wp-json\/wp\/v2\/media\/39743"}],"wp:attachment":[{"href":"https:\/\/nordicmart.andreevmaster.com\/fi\/wp-json\/wp\/v2\/media?parent=30483"}],"wp:term":[{"taxonomy":"product_brand","embeddable":true,"href":"https:\/\/nordicmart.andreevmaster.com\/fi\/wp-json\/wp\/v2\/product_brand?post=30483"},{"taxonomy":"product_cat","embeddable":true,"href":"https:\/\/nordicmart.andreevmaster.com\/fi\/wp-json\/wp\/v2\/product_cat?post=30483"},{"taxonomy":"product_tag","embeddable":true,"href":"https:\/\/nordicmart.andreevmaster.com\/fi\/wp-json\/wp\/v2\/product_tag?post=30483"}],"curies":[{"name":"wp","href":"https:\/\/api.w.org\/{rel}","templated":true}]}}