{"id":30479,"date":"2026-02-27T00:10:10","date_gmt":"2026-02-27T00:10:10","guid":{"rendered":"https:\/\/nordicmart.andreevmaster.com\/product\/songmics-riipputuoli-sisa-ja-ulkokayttoon\/"},"modified":"2026-02-27T09:33:46","modified_gmt":"2026-02-27T09:33:46","slug":"songmics-riipputuoli-sisa-ja-ulkokayttoon","status":"publish","type":"product","link":"https:\/\/nordicmart.andreevmaster.com\/fi\/tuote\/songmics-riipputuoli-sisa-ja-ulkokayttoon\/","title":{"rendered":"SONGMICS riipputuoli sis\u00e4- ja ulkok\u00e4ytt\u00f6\u00f6n"},"content":{"rendered":"<p>Kaunis ilmapiiri: Kaunis ulkon\u00e4k\u00f6 ja korkea mukavuus \u2013 t\u00e4m\u00e4 riipputuoli on todellinen katseenvangitsija ja samalla hyvinvointia tuova tuote kehollesi ja mielellesi. Olipa se olohuoneessa, makuuhuoneessa, terassilla, puutarhassa tai takapihalla \u2013 t\u00e4m\u00e4 tuoli hurmaa tyylikk\u00e4\u00e4ll\u00e4 ulkon\u00e4\u00f6ll\u00e4\u00e4n ja tarjoaa rentoutumispaikan sinulle, perheellesi ja yst\u00e4villesi. Tuotetiedot: V\u00e4ri: turkoosi Materiaali: polyester-puuvillakangas, polyesterivanu, puutanko Istuimen koko: 148 x 125 cm (P x L) Tyynyn koko: 40 x 40 cm (P x L) Paino: 2,5 kg Maks. staattinen kantavuus: 150 kg Toimitus sis\u00e4lt\u00e4\u00e4: 1 x riipputuoli 2 x tyyny 1 x metalliketju 1 x karabiinikoukku 1 x ohjeet SONGMICSin huomautukset: Tuotteen maksimikantavuus on 150 kg. \u00c4l\u00e4 ylit\u00e4 t\u00e4t\u00e4 enimm\u00e4ispainoa. \u00c4l\u00e4 altista tuotetta auringonvalolle tai sateelle pitk\u00e4ksi aikaa. Tarkista aina tuotteen kunto ennen k\u00e4ytt\u00f6\u00e4.<\/p>\n","protected":false},"excerpt":{"rendered":"<p>SONGMICS riipputuoli, riippukeinu, riipputuoli 2 tyynyll\u00e4, metalliketju, kantavuus 150 kg, sis\u00e4- ja ulkok\u00e4ytt\u00f6\u00f6n, olohuone, makuuhuone, turkoosi GDC187Q02<\/p>\n","protected":false},"featured_media":39740,"comment_status":"open","ping_status":"closed","template":"","meta":[],"product_brand":[],"product_cat":[32],"product_tag":[],"class_list":{"0":"post-30479","1":"product","2":"type-product","3":"status-publish","4":"has-post-thumbnail","6":"product_cat-uncategorized-fi","8":"first","9":"instock","10":"shipping-taxable","11":"purchasable","12":"product-type-simple"},"_links":{"self":[{"href":"https:\/\/nordicmart.andreevmaster.com\/fi\/wp-json\/wp\/v2\/product\/30479","targetHints":{"allow":["GET"]}}],"collection":[{"href":"https:\/\/nordicmart.andreevmaster.com\/fi\/wp-json\/wp\/v2\/product"}],"about":[{"href":"https:\/\/nordicmart.andreevmaster.com\/fi\/wp-json\/wp\/v2\/types\/product"}],"replies":[{"embeddable":true,"href":"https:\/\/nordicmart.andreevmaster.com\/fi\/wp-json\/wp\/v2\/comments?post=30479"}],"wp:featuredmedia":[{"embeddable":true,"href":"https:\/\/nordicmart.andreevmaster.com\/fi\/wp-json\/wp\/v2\/media\/39740"}],"wp:attachment":[{"href":"https:\/\/nordicmart.andreevmaster.com\/fi\/wp-json\/wp\/v2\/media?parent=30479"}],"wp:term":[{"taxonomy":"product_brand","embeddable":true,"href":"https:\/\/nordicmart.andreevmaster.com\/fi\/wp-json\/wp\/v2\/product_brand?post=30479"},{"taxonomy":"product_cat","embeddable":true,"href":"https:\/\/nordicmart.andreevmaster.com\/fi\/wp-json\/wp\/v2\/product_cat?post=30479"},{"taxonomy":"product_tag","embeddable":true,"href":"https:\/\/nordicmart.andreevmaster.com\/fi\/wp-json\/wp\/v2\/product_tag?post=30479"}],"curies":[{"name":"wp","href":"https:\/\/api.w.org\/{rel}","templated":true}]}}