{"id":30476,"date":"2026-02-27T00:10:09","date_gmt":"2026-02-27T00:10:09","guid":{"rendered":"https:\/\/nordicmart.andreevmaster.com\/product\/songmics-riipputuoli-2-tyynylla-ja-metalliketjulla-tummanharmaa\/"},"modified":"2026-02-27T09:33:45","modified_gmt":"2026-02-27T09:33:45","slug":"songmics-riipputuoli-2-tyynylla-ja-metalliketjulla-tummanharmaa","status":"publish","type":"product","link":"https:\/\/nordicmart.andreevmaster.com\/fi\/tuote\/songmics-riipputuoli-2-tyynylla-ja-metalliketjulla-tummanharmaa\/","title":{"rendered":"SONGMICS riipputuoli 2 tyynyll\u00e4 ja metalliketjulla, tummanharmaa"},"content":{"rendered":"<p>SONGMICS riipputuoli, riippukeinu, riipputuoli 2 tyynyll\u00e4, metalliketju, kantavuus 150 kg, sis\u00e4- ja ulkok\u00e4ytt\u00f6\u00f6n, olohuone, makuuhuone, turkoosi GDC187Q02<br \/>\nV\u00e4ri: tummanharmaa<br \/>\nMateriaali: polyester-puuvillakangas, polyesterivanu, puutanko<br \/>\nIstuimen koko: 148 x 125 cm (P x L)<br \/>\nTyynyn koko: 40 x 40 cm (P x L)<br \/>\nPaino: 2,5 kg<br \/>\nMaks. staattinen kantavuus: 150 kg<\/p>\n","protected":false},"excerpt":{"rendered":"<p>SONGMICS riipputuoli, riippukeinu, riipputuoli 2 tyynyll\u00e4, metalliketju, kantavuus 150 kg, sis\u00e4- ja ulkok\u00e4ytt\u00f6\u00f6n, olohuone, makuuhuone, turkoosi GDC187Q02<\/p>\n","protected":false},"featured_media":39737,"comment_status":"open","ping_status":"closed","template":"","meta":[],"product_brand":[],"product_cat":[32],"product_tag":[],"class_list":{"0":"post-30476","1":"product","2":"type-product","3":"status-publish","4":"has-post-thumbnail","6":"product_cat-uncategorized-fi","8":"first","9":"instock","10":"shipping-taxable","11":"purchasable","12":"product-type-simple"},"_links":{"self":[{"href":"https:\/\/nordicmart.andreevmaster.com\/fi\/wp-json\/wp\/v2\/product\/30476","targetHints":{"allow":["GET"]}}],"collection":[{"href":"https:\/\/nordicmart.andreevmaster.com\/fi\/wp-json\/wp\/v2\/product"}],"about":[{"href":"https:\/\/nordicmart.andreevmaster.com\/fi\/wp-json\/wp\/v2\/types\/product"}],"replies":[{"embeddable":true,"href":"https:\/\/nordicmart.andreevmaster.com\/fi\/wp-json\/wp\/v2\/comments?post=30476"}],"wp:featuredmedia":[{"embeddable":true,"href":"https:\/\/nordicmart.andreevmaster.com\/fi\/wp-json\/wp\/v2\/media\/39737"}],"wp:attachment":[{"href":"https:\/\/nordicmart.andreevmaster.com\/fi\/wp-json\/wp\/v2\/media?parent=30476"}],"wp:term":[{"taxonomy":"product_brand","embeddable":true,"href":"https:\/\/nordicmart.andreevmaster.com\/fi\/wp-json\/wp\/v2\/product_brand?post=30476"},{"taxonomy":"product_cat","embeddable":true,"href":"https:\/\/nordicmart.andreevmaster.com\/fi\/wp-json\/wp\/v2\/product_cat?post=30476"},{"taxonomy":"product_tag","embeddable":true,"href":"https:\/\/nordicmart.andreevmaster.com\/fi\/wp-json\/wp\/v2\/product_tag?post=30476"}],"curies":[{"name":"wp","href":"https:\/\/api.w.org\/{rel}","templated":true}]}}