{"id":30474,"date":"2026-02-27T00:10:09","date_gmt":"2026-02-27T00:10:09","guid":{"rendered":"https:\/\/nordicmart.andreevmaster.com\/product\/songmics-riipputuoli-xxl-punainen\/"},"modified":"2026-02-27T09:33:45","modified_gmt":"2026-02-27T09:33:45","slug":"songmics-riipputuoli-xxl-punainen","status":"publish","type":"product","link":"https:\/\/nordicmart.andreevmaster.com\/fi\/tuote\/songmics-riipputuoli-xxl-punainen\/","title":{"rendered":"SONGMICS riipputuoli XXL punainen"},"content":{"rendered":"<p>Sis\u00e4- tai ulkok\u00e4ytt\u00f6 Ripusta t\u00e4m\u00e4 tuoli puutarhaan tai terassille ja luo itsellesi viihtyis\u00e4 pakopaikka luonnon keskelle. T\u00e4\u00e4ll\u00e4 voit lukea kirjoja tai ottaa torkut mukavana iltap\u00e4iv\u00e4n\u00e4. Tai luo t\u00e4ll\u00e4 riipputuolilla rauhan keidas makuuhuoneeseesi tai olohuoneeseesi. Olipa ulkona kuuma tai kylm\u00e4, t\u00e4ss\u00e4 riipputuolissa voit k\u00e4perty\u00e4 kuin kissa, kuunnella musiikkia tai katsella elokuvaa ja unohtaa arjen stressin. Tuotetiedot: V\u00e4ri: Punainen Materiaali: polyesteri, puuvilla, tammipuu Riipputuolin mitat: 130 x 185 cm (P x L) Paino: 2,8 kg Maks. staattinen kantavuus: 200 kg V\u00e4ri: Punainen Materiaali: Polyesteri, puuvilla, tammipuu Toimitus sis\u00e4lt\u00e4\u00e4: 1 x riipputuoli 1 x ohjeet (DE, EN, FR, ES, IT) SONGMICS-huomautukset:Lapset saavat k\u00e4ytt\u00e4\u00e4 riipputuolia vain aikuisen valvonnassa. Valonolosuhteiden tai n\u00e4yt\u00f6n tarkkuuden vaihteluiden vuoksi tuotteen v\u00e4ri voi poiketa hieman kuvissa esitetyst\u00e4 tuotteesta. Ilmoittamamme mitat on mitattu manuaalisesti, joten tuotteen mitat voivat poiketa jopa 5 cm.<\/p>\n","protected":false},"excerpt":{"rendered":"<p>SONGMICS riipputuoli, XXL-apinakeinu, riipputuoli, 130 x 185 cm, kantavuus 200 kg, sis\u00e4- ja ulkok\u00e4ytt\u00f6\u00f6n, sininen GDC186BU<\/p>\n","protected":false},"featured_media":39735,"comment_status":"open","ping_status":"closed","template":"","meta":[],"product_brand":[],"product_cat":[32],"product_tag":[],"class_list":{"0":"post-30474","1":"product","2":"type-product","3":"status-publish","4":"has-post-thumbnail","6":"product_cat-uncategorized-fi","8":"first","9":"instock","10":"shipping-taxable","11":"purchasable","12":"product-type-simple"},"_links":{"self":[{"href":"https:\/\/nordicmart.andreevmaster.com\/fi\/wp-json\/wp\/v2\/product\/30474","targetHints":{"allow":["GET"]}}],"collection":[{"href":"https:\/\/nordicmart.andreevmaster.com\/fi\/wp-json\/wp\/v2\/product"}],"about":[{"href":"https:\/\/nordicmart.andreevmaster.com\/fi\/wp-json\/wp\/v2\/types\/product"}],"replies":[{"embeddable":true,"href":"https:\/\/nordicmart.andreevmaster.com\/fi\/wp-json\/wp\/v2\/comments?post=30474"}],"wp:featuredmedia":[{"embeddable":true,"href":"https:\/\/nordicmart.andreevmaster.com\/fi\/wp-json\/wp\/v2\/media\/39735"}],"wp:attachment":[{"href":"https:\/\/nordicmart.andreevmaster.com\/fi\/wp-json\/wp\/v2\/media?parent=30474"}],"wp:term":[{"taxonomy":"product_brand","embeddable":true,"href":"https:\/\/nordicmart.andreevmaster.com\/fi\/wp-json\/wp\/v2\/product_brand?post=30474"},{"taxonomy":"product_cat","embeddable":true,"href":"https:\/\/nordicmart.andreevmaster.com\/fi\/wp-json\/wp\/v2\/product_cat?post=30474"},{"taxonomy":"product_tag","embeddable":true,"href":"https:\/\/nordicmart.andreevmaster.com\/fi\/wp-json\/wp\/v2\/product_tag?post=30474"}],"curies":[{"name":"wp","href":"https:\/\/api.w.org\/{rel}","templated":true}]}}