{"id":30472,"date":"2026-02-27T00:10:09","date_gmt":"2026-02-27T00:10:09","guid":{"rendered":"https:\/\/nordicmart.andreevmaster.com\/product\/songmics-riipputuoli-kantavuus-200-kg\/"},"modified":"2026-02-27T09:33:44","modified_gmt":"2026-02-27T09:33:44","slug":"songmics-riipputuoli-kantavuus-200-kg","status":"publish","type":"product","link":"https:\/\/nordicmart.andreevmaster.com\/fi\/tuote\/songmics-riipputuoli-kantavuus-200-kg\/","title":{"rendered":"SONGMICS-riipputuoli, kantavuus 200 kg"},"content":{"rendered":"<p>Raikkaat, iloiset v\u00e4rit ja valtava kangas pinta tekev\u00e4t SONGMICS riipputuolista rentouttavan oaasin. Kauniilla s\u00e4\u00e4ll\u00e4 ei ole mit\u00e4\u00e4n mukavampaa kuin rentoutua riipputuolissa. Rentouttavan ja rauhoittavan keinumisen aikana saat fyysist\u00e4 ja henkist\u00e4 hyvinvointia. Kevyt paino ja kompaktit mitat tekev\u00e4t siit\u00e4 ihanteellisen seuralaisen.Huomautukset:&nbsp;&#8211; Kun avaat riipputuolin, noudata riipputuolin taittamisohjeita, jotta voit taittaa sen uudelleen oikein ja laittaa sen pussiin.&nbsp;&#8211; Riipputuolin v\u00e4ri voi poiketa hieman kuvassa esitetyst\u00e4 tuotteesta &#8211; t\u00e4m\u00e4 johtuu valon osumisesta ja n\u00e4yt\u00f6n v\u00e4rien n\u00e4ytt\u00e4misest\u00e4.&nbsp;&#8211; Huomaa, ett\u00e4 riipputuoli venyy k\u00e4yt\u00f6n my\u00f6t\u00e4. T\u00e4ll\u00f6in lyhenn\u00e4 kiinnitetty\u00e4 k\u00f6ytt\u00e4.&nbsp;&#8211; Huomaa kuitenkin, ett\u00e4 kuormitetun riipputuolin syvin kohta tulee olla 20\u201340 cm lattiasta. V\u00e4lt\u00e4 my\u00f6s riipputuolin liiallista kirist\u00e4mist\u00e4. Tuotetiedot: &#8211; Materiaali: 70 % puuvillaa + 30 % polyesteri\u00e4, 300 g\/m\u00b2 &#8211; Makuuosan mitat: 180 x 125 cm- Puutangon mitat: 100 x 3,2 cm (P x \u00d8)&nbsp;&#8211; Kokonaiskorkeus: 130 cm&nbsp;&#8211; Maks. kantavuus: 200 kgToimitus sis\u00e4lt\u00e4\u00e4:&nbsp;&#8211; 1 x riipputuoli&nbsp;&#8211; 1 x kuljetuspussi<\/p>\n","protected":false},"excerpt":{"rendered":"<p>SONGMICS riipputuoli, 180 x 125 cm T\u00dcV Rheinland max. staattinen kuormitus 200 kg, sis\u00e4- ja ulkok\u00e4ytt\u00f6\u00f6n, sateenkaaren v\u00e4rit, GDC185<\/p>\n","protected":false},"featured_media":39733,"comment_status":"open","ping_status":"closed","template":"","meta":[],"product_brand":[],"product_cat":[32],"product_tag":[],"class_list":{"0":"post-30472","1":"product","2":"type-product","3":"status-publish","4":"has-post-thumbnail","6":"product_cat-uncategorized-fi","8":"first","9":"instock","10":"shipping-taxable","11":"purchasable","12":"product-type-simple"},"_links":{"self":[{"href":"https:\/\/nordicmart.andreevmaster.com\/fi\/wp-json\/wp\/v2\/product\/30472","targetHints":{"allow":["GET"]}}],"collection":[{"href":"https:\/\/nordicmart.andreevmaster.com\/fi\/wp-json\/wp\/v2\/product"}],"about":[{"href":"https:\/\/nordicmart.andreevmaster.com\/fi\/wp-json\/wp\/v2\/types\/product"}],"replies":[{"embeddable":true,"href":"https:\/\/nordicmart.andreevmaster.com\/fi\/wp-json\/wp\/v2\/comments?post=30472"}],"wp:featuredmedia":[{"embeddable":true,"href":"https:\/\/nordicmart.andreevmaster.com\/fi\/wp-json\/wp\/v2\/media\/39733"}],"wp:attachment":[{"href":"https:\/\/nordicmart.andreevmaster.com\/fi\/wp-json\/wp\/v2\/media?parent=30472"}],"wp:term":[{"taxonomy":"product_brand","embeddable":true,"href":"https:\/\/nordicmart.andreevmaster.com\/fi\/wp-json\/wp\/v2\/product_brand?post=30472"},{"taxonomy":"product_cat","embeddable":true,"href":"https:\/\/nordicmart.andreevmaster.com\/fi\/wp-json\/wp\/v2\/product_cat?post=30472"},{"taxonomy":"product_tag","embeddable":true,"href":"https:\/\/nordicmart.andreevmaster.com\/fi\/wp-json\/wp\/v2\/product_tag?post=30472"}],"curies":[{"name":"wp","href":"https:\/\/api.w.org\/{rel}","templated":true}]}}