{"id":30471,"date":"2026-02-27T00:10:08","date_gmt":"2026-02-27T00:10:08","guid":{"rendered":"https:\/\/nordicmart.andreevmaster.com\/product\/songmics-monen-hengen-riippumatto-luonnonvalkoinen\/"},"modified":"2026-02-27T09:33:44","modified_gmt":"2026-02-27T09:33:44","slug":"songmics-monen-hengen-riippumatto-luonnonvalkoinen","status":"publish","type":"product","link":"https:\/\/nordicmart.andreevmaster.com\/fi\/tuote\/songmics-monen-hengen-riippumatto-luonnonvalkoinen\/","title":{"rendered":"SONGMICS monen hengen riippumatto, luonnonvalkoinen"},"content":{"rendered":"<p>Rentouttavaa aikaa varten \u2013 SONGMICS-riippumatto on ihanteellinen rentoutumiseen ja mielen rauhoittamiseen. \u2013 Rentouttavan ja rauhoittavan keinumisen aikana saat fyysist\u00e4 ja henkist\u00e4 hyvinvointia. \u2013 Raikkaus ja valtava kangaspinta tekev\u00e4t riipputuolistamme sinulle rauhan keitaan. Olipa kyseess\u00e4 puutarha, parveke tai retkeily, suuri kangasala takaa poikkeuksellisen mukavuuden. Riippumatto on eritt\u00e4in kevyt, kest\u00e4v\u00e4 ja vakaa. Matot voivat toimia sohvana, keinuna ja jopa lasten kehtona. Eritt\u00e4in kuumassa ilmastossa ei ole mit\u00e4\u00e4n mukavampaa kuin rentoutua riippumatossa. Tarvittaessa voit kiinnitt\u00e4\u00e4 sen riippumatotelineeseen tai yksinkertaisesti esimerkiksi kahden puun v\u00e4liin. Kun et k\u00e4yt\u00e4 sit\u00e4, se on yht\u00e4 nopeasti rullattava kokoon. Kevyt paino ja kompaktit mitat tekev\u00e4t riippumatosta ihanteellisen seuralaisen. Huomautus: 1. Kun avaat riippumaton, noudata riippumaton taitto-ohjeita, jotta voit taittaa maton oikein ja laittaa sen takaisin laukkuun. 2. Valvo lapsia, kun he leikkiv\u00e4t riippumatossa. 3. Riippumaton v\u00e4ri voi poiketa hieman kuvassa esitetyst\u00e4 tuotteesta \u2013 t\u00e4m\u00e4 johtuu valon osumisesta ja n\u00e4yt\u00f6n v\u00e4rien n\u00e4ytt\u00e4misest\u00e4.Tuotetiedot: &#8211; Materiaali: puuvilla + polyesteri, 320 g\/m\u00b2 &#8211; V\u00e4ri: sininen (GDC15L); beige (GDC15M) &#8211; Makaamispinta: 210 x 150 cm &#8211; Kokonaispituus: 300 cm &#8211; Maks. kantavuus: 300 kg<\/p>\n","protected":false},"excerpt":{"rendered":"<p>SONGMICS riippumatto useammalle henkil\u00f6lle 210 x 150 cm, T\u00dcV Rheinland, kantavuus 300 kg, ulkok\u00e4ytt\u00f6\u00f6n, retkeilyyn, puutarhaan, vihre\u00e4-siniset raidat GDC15L<\/p>\n","protected":false},"featured_media":39732,"comment_status":"open","ping_status":"closed","template":"","meta":[],"product_brand":[],"product_cat":[32],"product_tag":[],"class_list":{"0":"post-30471","1":"product","2":"type-product","3":"status-publish","4":"has-post-thumbnail","6":"product_cat-uncategorized-fi","8":"first","9":"instock","10":"shipping-taxable","11":"purchasable","12":"product-type-simple"},"_links":{"self":[{"href":"https:\/\/nordicmart.andreevmaster.com\/fi\/wp-json\/wp\/v2\/product\/30471","targetHints":{"allow":["GET"]}}],"collection":[{"href":"https:\/\/nordicmart.andreevmaster.com\/fi\/wp-json\/wp\/v2\/product"}],"about":[{"href":"https:\/\/nordicmart.andreevmaster.com\/fi\/wp-json\/wp\/v2\/types\/product"}],"replies":[{"embeddable":true,"href":"https:\/\/nordicmart.andreevmaster.com\/fi\/wp-json\/wp\/v2\/comments?post=30471"}],"wp:featuredmedia":[{"embeddable":true,"href":"https:\/\/nordicmart.andreevmaster.com\/fi\/wp-json\/wp\/v2\/media\/39732"}],"wp:attachment":[{"href":"https:\/\/nordicmart.andreevmaster.com\/fi\/wp-json\/wp\/v2\/media?parent=30471"}],"wp:term":[{"taxonomy":"product_brand","embeddable":true,"href":"https:\/\/nordicmart.andreevmaster.com\/fi\/wp-json\/wp\/v2\/product_brand?post=30471"},{"taxonomy":"product_cat","embeddable":true,"href":"https:\/\/nordicmart.andreevmaster.com\/fi\/wp-json\/wp\/v2\/product_cat?post=30471"},{"taxonomy":"product_tag","embeddable":true,"href":"https:\/\/nordicmart.andreevmaster.com\/fi\/wp-json\/wp\/v2\/product_tag?post=30471"}],"curies":[{"name":"wp","href":"https:\/\/api.w.org\/{rel}","templated":true}]}}