{"id":30470,"date":"2026-02-27T00:10:08","date_gmt":"2026-02-27T00:10:08","guid":{"rendered":"https:\/\/nordicmart.andreevmaster.com\/product\/songmics-monen-hengen-riippumatto-sinivihrea\/"},"modified":"2026-02-27T09:33:44","modified_gmt":"2026-02-27T09:33:44","slug":"songmics-monen-hengen-riippumatto-sinivihrea","status":"publish","type":"product","link":"https:\/\/nordicmart.andreevmaster.com\/fi\/tuote\/songmics-monen-hengen-riippumatto-sinivihrea\/","title":{"rendered":"SONGMICS monen hengen riippumatto sinivihre\u00e4"},"content":{"rendered":"<p>T\u00e4m\u00e4 upea Songmics-riippumatto on juuri oikea valinta rentoutumiseen auringossa tai vain mukavan ajan viett\u00e4miseen yst\u00e4vien tai perheen kanssa. Rentouttava keinuminen edist\u00e4\u00e4 sis\u00e4ist\u00e4 rauhaa sek\u00e4 fyysist\u00e4 ja henkist\u00e4 hyvinvointia.T\u00e4m\u00e4 on vaaleanv\u00e4rinen, tyylik\u00e4s, turvallinen ja mukava riippumatto. Riippumaton ripustamiseen sis\u00e4ll\u00e4 tai ulkona tarvitset vain riippumattotelineen tai paikan kahden puun tai kahden tukevan pylv\u00e4\u00e4n v\u00e4liss\u00e4. Riippumatto on suuri ja mahtuu yksi tai kaksi henkil\u00f6\u00e4. Se on kevyt ja mukana tulee kantolaukku. Nauti ulkoilmasta Songmicsin kanssa. Huomautukset: &#8211; Noudata riippumaton avaamista ja venytt\u00e4mist\u00e4 koskevia ohjeita, jotta voit taittaa sen oikein k\u00e4yt\u00f6n j\u00e4lkeen ja laittaa sen kantolaukkuun. &#8211; Lapset saavat k\u00e4ytt\u00e4\u00e4 riippumattoa vain aikuisen valvonnassa. Kuvassa n\u00e4kyv\u00e4 v\u00e4ri voi poiketa hieman tuotteesta valaistuksen ja n\u00e4yt\u00f6n asetusten vuoksi. &#8211; Puuvillakangas on joustavaa, joten riippumatto voi veny\u00e4 hieman k\u00e4yt\u00f6n aikana. Riippumaton syvin kohta tulisi olla noin 20\u201340 cm:n p\u00e4\u00e4ss\u00e4 maasta. &#8211; Kiinnitystarvikkeet eiv\u00e4t sis\u00e4lly toimitukseen, mutta ne voi ostaa erikseen kaupastamme. Ominaisuudet: &#8211; Materiaali: 70 % puuvillaa, 30 % polyesteri\u00e4, 300 g\/m\u00b2. &#8211; Maton koko: noin 210 x 150 cm (pituus x leveys). &#8211; Kokonaispituus: 300 cm. &#8211; Suurin kantavuus: 300 kg. Toimitus sis\u00e4lt\u00e4\u00e4: &#8211; 1 x riippumatto. &#8211; 1 x kuljetuslaukku.<\/p>\n","protected":false},"excerpt":{"rendered":"<p>SONGMICS riippumatto useammalle henkil\u00f6lle 210 x 150 cm, T\u00dcV Rheinland, kantavuus 300 kg, ulkok\u00e4ytt\u00f6\u00f6n, retkeilyyn, puutarhaan, vihre\u00e4-siniset raidat GDC15L<\/p>\n","protected":false},"featured_media":39731,"comment_status":"open","ping_status":"closed","template":"","meta":[],"product_brand":[],"product_cat":[32],"product_tag":[],"class_list":{"0":"post-30470","1":"product","2":"type-product","3":"status-publish","4":"has-post-thumbnail","6":"product_cat-uncategorized-fi","8":"first","9":"instock","10":"shipping-taxable","11":"purchasable","12":"product-type-simple"},"_links":{"self":[{"href":"https:\/\/nordicmart.andreevmaster.com\/fi\/wp-json\/wp\/v2\/product\/30470","targetHints":{"allow":["GET"]}}],"collection":[{"href":"https:\/\/nordicmart.andreevmaster.com\/fi\/wp-json\/wp\/v2\/product"}],"about":[{"href":"https:\/\/nordicmart.andreevmaster.com\/fi\/wp-json\/wp\/v2\/types\/product"}],"replies":[{"embeddable":true,"href":"https:\/\/nordicmart.andreevmaster.com\/fi\/wp-json\/wp\/v2\/comments?post=30470"}],"wp:featuredmedia":[{"embeddable":true,"href":"https:\/\/nordicmart.andreevmaster.com\/fi\/wp-json\/wp\/v2\/media\/39731"}],"wp:attachment":[{"href":"https:\/\/nordicmart.andreevmaster.com\/fi\/wp-json\/wp\/v2\/media?parent=30470"}],"wp:term":[{"taxonomy":"product_brand","embeddable":true,"href":"https:\/\/nordicmart.andreevmaster.com\/fi\/wp-json\/wp\/v2\/product_brand?post=30470"},{"taxonomy":"product_cat","embeddable":true,"href":"https:\/\/nordicmart.andreevmaster.com\/fi\/wp-json\/wp\/v2\/product_cat?post=30470"},{"taxonomy":"product_tag","embeddable":true,"href":"https:\/\/nordicmart.andreevmaster.com\/fi\/wp-json\/wp\/v2\/product_tag?post=30470"}],"curies":[{"name":"wp","href":"https:\/\/api.w.org\/{rel}","templated":true}]}}