{"id":30469,"date":"2026-02-27T00:10:08","date_gmt":"2026-02-27T00:10:08","guid":{"rendered":"https:\/\/nordicmart.andreevmaster.com\/product\/songmics-riippumatto-kantavuus-300-kg\/"},"modified":"2026-02-27T09:33:44","modified_gmt":"2026-02-27T09:33:44","slug":"songmics-riippumatto-kantavuus-300-kg","status":"publish","type":"product","link":"https:\/\/nordicmart.andreevmaster.com\/fi\/tuote\/songmics-riippumatto-kantavuus-300-kg\/","title":{"rendered":"SONGMICS-riippumatto, kantavuus 300 kg"},"content":{"rendered":"<p>Tuotetiedot: V\u00e4ri: harmaa Materiaali: 70 % puuvillaa, 30 % polyesteri\u00e4 Koko: 210 x 150 cm (P x L) Koko pakattuna: 28,5 x 17 cm (K x \u00d8) Paino: 2,34 kg Maks. staattinen kantavuus: 300 kg Toimitus sis\u00e4lt\u00e4\u00e4: 1 x riippumatto 2 x kiinnityshihna 1 x ohjeet (DE, EN, FR, IT, ES) SONGMICS Huomautukset:Tuotteen todellinen v\u00e4ri voi poiketa hieman kuvissamme n\u00e4kyv\u00e4st\u00e4 v\u00e4rist\u00e4. T\u00e4m\u00e4 johtuu eri n\u00e4ytt\u00f6jen n\u00e4ytt\u00f6tarkkuuksista. Tuotteen mitat on mitattu manuaalisesti. T\u00e4st\u00e4 johtuen mitat voivat poiketa enint\u00e4\u00e4n 5 cm. Tuotteen enimm\u00e4iskuormitus on 300 kg. \u00c4l\u00e4 ylit\u00e4 t\u00e4t\u00e4 enimm\u00e4ispainoa.Jos et k\u00e4yt\u00e4 riippumattoa pitk\u00e4\u00e4n aikaan, s\u00e4ilyt\u00e4 se hyvin suojatussa paikassa, jotta se ei altistu sateelle tai voimakkaalle auringonvalolle. Varmista ennen k\u00e4ytt\u00f6\u00e4, ett\u00e4 riippumaton vieress\u00e4 tai alla ei ole ter\u00e4vi\u00e4 tai pisteellisi\u00e4 esineit\u00e4. Tarkista aina kiinnityshihnojen ja riippumaton kunto ennen k\u00e4ytt\u00f6\u00e4.<\/p>\n","protected":false},"excerpt":{"rendered":"<p>SONGMICS riippumatto useammalle henkil\u00f6lle 210 x 150 cm, T\u00dcV Rheinland, kantavuus 300 kg, ulkok\u00e4ytt\u00f6\u00f6n, retkeilyyn, puutarhaan, vihre\u00e4-siniset raidat GDC15L<\/p>\n","protected":false},"featured_media":39730,"comment_status":"open","ping_status":"closed","template":"","meta":[],"product_brand":[],"product_cat":[32],"product_tag":[],"class_list":{"0":"post-30469","1":"product","2":"type-product","3":"status-publish","4":"has-post-thumbnail","6":"product_cat-uncategorized-fi","8":"first","9":"instock","10":"shipping-taxable","11":"purchasable","12":"product-type-simple"},"_links":{"self":[{"href":"https:\/\/nordicmart.andreevmaster.com\/fi\/wp-json\/wp\/v2\/product\/30469","targetHints":{"allow":["GET"]}}],"collection":[{"href":"https:\/\/nordicmart.andreevmaster.com\/fi\/wp-json\/wp\/v2\/product"}],"about":[{"href":"https:\/\/nordicmart.andreevmaster.com\/fi\/wp-json\/wp\/v2\/types\/product"}],"replies":[{"embeddable":true,"href":"https:\/\/nordicmart.andreevmaster.com\/fi\/wp-json\/wp\/v2\/comments?post=30469"}],"wp:featuredmedia":[{"embeddable":true,"href":"https:\/\/nordicmart.andreevmaster.com\/fi\/wp-json\/wp\/v2\/media\/39730"}],"wp:attachment":[{"href":"https:\/\/nordicmart.andreevmaster.com\/fi\/wp-json\/wp\/v2\/media?parent=30469"}],"wp:term":[{"taxonomy":"product_brand","embeddable":true,"href":"https:\/\/nordicmart.andreevmaster.com\/fi\/wp-json\/wp\/v2\/product_brand?post=30469"},{"taxonomy":"product_cat","embeddable":true,"href":"https:\/\/nordicmart.andreevmaster.com\/fi\/wp-json\/wp\/v2\/product_cat?post=30469"},{"taxonomy":"product_tag","embeddable":true,"href":"https:\/\/nordicmart.andreevmaster.com\/fi\/wp-json\/wp\/v2\/product_tag?post=30469"}],"curies":[{"name":"wp","href":"https:\/\/api.w.org\/{rel}","templated":true}]}}