{"id":30468,"date":"2026-02-27T00:10:08","date_gmt":"2026-02-27T00:10:08","guid":{"rendered":"https:\/\/nordicmart.andreevmaster.com\/product\/songmics-riippumatto-rainbow-210-x-150-cm\/"},"modified":"2026-02-27T09:33:44","modified_gmt":"2026-02-27T09:33:44","slug":"songmics-riippumatto-rainbow-210-x-150-cm","status":"publish","type":"product","link":"https:\/\/nordicmart.andreevmaster.com\/fi\/tuote\/songmics-riippumatto-rainbow-210-x-150-cm\/","title":{"rendered":"SONGMICS-riippumatto Rainbow 210 x 150 cm"},"content":{"rendered":"<p>Raikkaat, iloiset v\u00e4rit ja valtava kangas pinta tekev\u00e4t Songmics-riippumatosta sinulle rauhan keitaan. Kauniilla s\u00e4\u00e4ll\u00e4 ei ole mit\u00e4\u00e4n mukavampaa kuin rentoutua riippumatossa. Rentouttavan ja rauhoittavan keinumisen aikana koet fyysist\u00e4 ja henkist\u00e4 hyvinvointia. Songmics-riippumatto on kest\u00e4v\u00e4 ja vakaa, ja sit\u00e4 voi k\u00e4ytt\u00e4\u00e4 sohvana, keinuna ja jopa lasten kehtona. Tarvittaessa voit kiinnitt\u00e4\u00e4 sen riippumatotelineeseen tai yksinkertaisesti esimerkiksi kahden puun v\u00e4liin. Kun et k\u00e4yt\u00e4 sit\u00e4, se on yht\u00e4 nopeasti rullattava kokoon. Kevyt paino ja kompaktit mitat tekev\u00e4t riippumatosta ihanteellisen seuralaisen. Tuotetiedot:- Materiaali: 70 % puuvillaa + 30 % polyesteri\u00e4, 320 g\/m\u00b2 &#8211; Makuutilan mitat: 210 x 150 cm &#8211; Kokonaispituus: 300 cm &#8211; Maks. kantavuus: 300 kg Toimitus sis\u00e4lt\u00e4\u00e4: &#8211; 1 x riippumatto &#8211; 1 x kuljetuspussi<\/p>\n","protected":false},"excerpt":{"rendered":"<p>SONGMICS riippumatto useammalle henkil\u00f6lle 210 x 150 cm, T\u00dcV Rheinland, kantavuus 300 kg, ulkok\u00e4ytt\u00f6\u00f6n, retkeilyyn, puutarhaan, vihre\u00e4-siniset raidat GDC15L<\/p>\n","protected":false},"featured_media":39729,"comment_status":"open","ping_status":"closed","template":"","meta":[],"product_brand":[],"product_cat":[32],"product_tag":[],"class_list":{"0":"post-30468","1":"product","2":"type-product","3":"status-publish","4":"has-post-thumbnail","6":"product_cat-uncategorized-fi","8":"first","9":"instock","10":"shipping-taxable","11":"purchasable","12":"product-type-simple"},"_links":{"self":[{"href":"https:\/\/nordicmart.andreevmaster.com\/fi\/wp-json\/wp\/v2\/product\/30468","targetHints":{"allow":["GET"]}}],"collection":[{"href":"https:\/\/nordicmart.andreevmaster.com\/fi\/wp-json\/wp\/v2\/product"}],"about":[{"href":"https:\/\/nordicmart.andreevmaster.com\/fi\/wp-json\/wp\/v2\/types\/product"}],"replies":[{"embeddable":true,"href":"https:\/\/nordicmart.andreevmaster.com\/fi\/wp-json\/wp\/v2\/comments?post=30468"}],"wp:featuredmedia":[{"embeddable":true,"href":"https:\/\/nordicmart.andreevmaster.com\/fi\/wp-json\/wp\/v2\/media\/39729"}],"wp:attachment":[{"href":"https:\/\/nordicmart.andreevmaster.com\/fi\/wp-json\/wp\/v2\/media?parent=30468"}],"wp:term":[{"taxonomy":"product_brand","embeddable":true,"href":"https:\/\/nordicmart.andreevmaster.com\/fi\/wp-json\/wp\/v2\/product_brand?post=30468"},{"taxonomy":"product_cat","embeddable":true,"href":"https:\/\/nordicmart.andreevmaster.com\/fi\/wp-json\/wp\/v2\/product_cat?post=30468"},{"taxonomy":"product_tag","embeddable":true,"href":"https:\/\/nordicmart.andreevmaster.com\/fi\/wp-json\/wp\/v2\/product_tag?post=30468"}],"curies":[{"name":"wp","href":"https:\/\/api.w.org\/{rel}","templated":true}]}}